{"id":2349,"date":"2023-04-10T08:09:11","date_gmt":"2023-04-10T05:09:11","guid":{"rendered":"https:\/\/evercleaneesti.ee\/?post_type=product&#038;p=2349"},"modified":"2026-02-25T18:09:55","modified_gmt":"2026-02-25T16:09:55","slug":"ever-clean-extra-strong-clumping-unscented-10-l","status":"publish","type":"product","link":"https:\/\/evercleaneesti.ee\/lt\/produktas\/ever-clean-extra-strong-clumping-unscented-10-l\/","title":{"rendered":"Kada Valyti Ypatingai Stiprus Drumzli\u0173 Unscented 10 L EverClean"},"content":{"rendered":"<p><strong>Ypa\u010d stiprus paakumise su, bekvapis ka\u010di\u0173 kraikas. A\u010di\u016b patentuota bendrij\u0173 gal\u0117t\u0173 Kada nors Valyti ka\u010di\u0173 kraikas, taip pat pa\u0161alinti nemalon\u0173 kvap\u0105.<\/strong><\/p>\r\n\r\n<ul class=\"wp-block-list\">\r\n<li>Pagamintas i\u0161 auk\u0161tos kokyb\u0117s nat\u016bralios savimassist, kuris yra geras kaitinimo efekt\u0105. Rezultatas yra artimas ir lengvai nuimamas sausas ir suakmen\u0117jusi\u0173 vienet\u0173.<\/li>\r\n\r\n\r\n\r\n<li>Puikiai tinka kat\u0117ms ir j\u0173 \u0161eimininkams, kurie yra jautresni kvapams.<\/li>\r\n\r\n\r\n\r\n<li>Unikalus aktyvintos anglies dioksido kiekio technologij\u0173 neslepia nemalonaus kvapo, bet ir pa\u0161alina j\u012f i\u0161 viso.<\/li>\r\n\r\n\r\n\r\n<li>B\u016bsto, \u0161vie\u017eumo u\u017etikrinti pa\u0161alinti Kada nors Valyti ka\u010di\u0173 kraikas veiksmingai, ka\u010di\u0173 \u0161lapimas, i\u0161matos ir amoniako kvapas.<\/li>\r\n<\/ul>","protected":false},"excerpt":{"rendered":"<p>Ypa\u010d stiprus paakumise su, bekvapis ka\u010di\u0173 kraikas. A\u010di\u016b patentuota bendrij\u0173 gal\u0117t\u0173 Kada nors Valyti ka\u010di\u0173 kraikas, taip pat pa\u0161alinti nemalon\u0173 kvap\u0105.<\/p>","protected":false},"featured_media":2149,"comment_status":"closed","ping_status":"closed","template":"","meta":{"_kadence_starter_templates_imported_post":false,"_kad_post_transparent":"default","_kad_post_title":"","_kad_post_layout":"default","_kad_post_sidebar_id":"","_kad_post_content_style":"default","_kad_post_vertical_padding":"default","_kad_post_feature":"","_kad_post_feature_position":"","_kad_post_header":false,"_kad_post_footer":false,"_kad_post_classname":""},"product_brand":[65],"product_cat":[22],"product_tag":[25],"class_list":{"0":"post-2349","1":"product","2":"type-product","3":"status-publish","4":"has-post-thumbnail","6":"product_brand-ever-clean","7":"product_cat-kassiliiv","8":"product_tag-10l","9":"product_shipping_class-l","11":"first","12":"instock","13":"taxable","14":"shipping-taxable","15":"purchasable","16":"product-type-simple","17":"entry","18":"content-bg","19":"loop-entry"},"_links":{"self":[{"href":"https:\/\/evercleaneesti.ee\/lt\/wp-json\/wp\/v2\/product\/2349","targetHints":{"allow":["GET"]}}],"collection":[{"href":"https:\/\/evercleaneesti.ee\/lt\/wp-json\/wp\/v2\/product"}],"about":[{"href":"https:\/\/evercleaneesti.ee\/lt\/wp-json\/wp\/v2\/types\/product"}],"replies":[{"embeddable":true,"href":"https:\/\/evercleaneesti.ee\/lt\/wp-json\/wp\/v2\/comments?post=2349"}],"wp:featuredmedia":[{"embeddable":true,"href":"https:\/\/evercleaneesti.ee\/lt\/wp-json\/wp\/v2\/media\/2149"}],"wp:attachment":[{"href":"https:\/\/evercleaneesti.ee\/lt\/wp-json\/wp\/v2\/media?parent=2349"}],"wp:term":[{"taxonomy":"product_brand","embeddable":true,"href":"https:\/\/evercleaneesti.ee\/lt\/wp-json\/wp\/v2\/product_brand?post=2349"},{"taxonomy":"product_cat","embeddable":true,"href":"https:\/\/evercleaneesti.ee\/lt\/wp-json\/wp\/v2\/product_cat?post=2349"},{"taxonomy":"product_tag","embeddable":true,"href":"https:\/\/evercleaneesti.ee\/lt\/wp-json\/wp\/v2\/product_tag?post=2349"}],"curies":[{"name":"wp","href":"https:\/\/api.w.org\/{rel}","templated":true}]}}