{"id":2453,"date":"2023-09-07T11:17:17","date_gmt":"2023-09-07T08:17:17","guid":{"rendered":"https:\/\/evercleaneesti.ee\/?post_type=product&#038;p=2453"},"modified":"2026-02-16T21:56:22","modified_gmt":"2026-02-16T19:56:22","slug":"ever-clean-extra-strong-clumping-scented-10-l","status":"publish","type":"product","link":"https:\/\/evercleaneesti.ee\/lt\/produktas\/ever-clean-extra-strong-clumping-scented-10-l\/","title":{"rendered":"Kada Valyti Ypatingai Stiprus Drumzli\u0173 Kvapus 10 L EverClean"},"content":{"rendered":"<p><strong>Ypa\u010d stiprus paakumise su silpnai kvepianti ka\u010di\u0173 kraikas. Skirta kat\u0117ms, kuri\u0173 \u0161lapime yra a\u0161tresnis kvapas. A\u010di\u016b patentuota bendrij\u0173 gal\u0117t\u0173 Kada nors Valyti ka\u010di\u0173 kraikas, taip pat pa\u0161alinti nemalon\u0173 kvap\u0105.<\/strong><\/p>\n<ul>\n<li>Pagamintas i\u0161 auk\u0161tos kokyb\u0117s nat\u016bralios savimassist, kuris yra geras kaitinimo efekt\u0105. Rezultatas yra artimas ir lengvai nuimamas sausas ir suakmen\u0117jusi\u0173 vienet\u0173.<\/li>\n<li>Kvapus, kvapas bus aktyvuota skystyje ir kat\u0117s leten\u0117li\u0173 pagal skaldyt\u0173 kristalai apsvaigus.<\/li>\n<li>Unikalus aktyvintos anglies dioksido kiekio technologij\u0173 neslepia nemalonaus kvapo, bet ir pa\u0161alina j\u012f i\u0161 viso.<\/li>\n<li>B\u016bsto, \u0161vie\u017eumo u\u017etikrinti pa\u0161alinti Kada nors Valyti ka\u010di\u0173 kraikas veiksmingai, ka\u010di\u0173 \u0161lapimas, i\u0161matos ir amoniako kvapas.<\/li>\n<\/ul>","protected":false},"excerpt":{"rendered":"<p>Ypa\u010d stiprus paakumise su silpnai kvepianti ka\u010di\u0173 kraikas. Skirta kat\u0117ms, kuri\u0173 \u0161lapime yra a\u0161tresnis kvapas. A\u010di\u016b patentuota bendrij\u0173 gal\u0117t\u0173 Kada nors Valyti ka\u010di\u0173 kraikas, taip pat pa\u0161alinti nemalon\u0173 kvap\u0105. Pagamintas i\u0161 auk\u0161tos kokyb\u0117s nat\u016bralios savimassist, kuris yra geras kaitinimo efekt\u0105. Rezultatas yra artimas ir lengvai nuimamas sausas ir suakmen\u0117jusi\u0173 vienet\u0173. Kvapus, kvapas bus aktyvuota skystyje ir kat\u0117s leten\u0117li\u0173 pagal skaldyt\u0173 kristalai \u012ftakoje....<\/p>","protected":false},"featured_media":2172,"comment_status":"closed","ping_status":"closed","template":"","meta":{"_kadence_starter_templates_imported_post":false,"_kad_post_transparent":"default","_kad_post_title":"","_kad_post_layout":"default","_kad_post_sidebar_id":"","_kad_post_content_style":"default","_kad_post_vertical_padding":"default","_kad_post_feature":"","_kad_post_feature_position":"","_kad_post_header":false,"_kad_post_footer":false,"_kad_post_classname":""},"product_brand":[65],"product_cat":[22],"product_tag":[25],"class_list":{"0":"post-2453","1":"product","2":"type-product","3":"status-publish","4":"has-post-thumbnail","6":"product_brand-ever-clean","7":"product_cat-kassiliiv","8":"product_tag-10l","9":"product_shipping_class-l","11":"first","12":"instock","13":"taxable","14":"shipping-taxable","15":"purchasable","16":"product-type-simple","17":"entry","18":"content-bg","19":"loop-entry"},"_links":{"self":[{"href":"https:\/\/evercleaneesti.ee\/lt\/wp-json\/wp\/v2\/product\/2453","targetHints":{"allow":["GET"]}}],"collection":[{"href":"https:\/\/evercleaneesti.ee\/lt\/wp-json\/wp\/v2\/product"}],"about":[{"href":"https:\/\/evercleaneesti.ee\/lt\/wp-json\/wp\/v2\/types\/product"}],"replies":[{"embeddable":true,"href":"https:\/\/evercleaneesti.ee\/lt\/wp-json\/wp\/v2\/comments?post=2453"}],"wp:featuredmedia":[{"embeddable":true,"href":"https:\/\/evercleaneesti.ee\/lt\/wp-json\/wp\/v2\/media\/2172"}],"wp:attachment":[{"href":"https:\/\/evercleaneesti.ee\/lt\/wp-json\/wp\/v2\/media?parent=2453"}],"wp:term":[{"taxonomy":"product_brand","embeddable":true,"href":"https:\/\/evercleaneesti.ee\/lt\/wp-json\/wp\/v2\/product_brand?post=2453"},{"taxonomy":"product_cat","embeddable":true,"href":"https:\/\/evercleaneesti.ee\/lt\/wp-json\/wp\/v2\/product_cat?post=2453"},{"taxonomy":"product_tag","embeddable":true,"href":"https:\/\/evercleaneesti.ee\/lt\/wp-json\/wp\/v2\/product_tag?post=2453"}],"curies":[{"name":"wp","href":"https:\/\/api.w.org\/{rel}","templated":true}]}}