{"id":2498,"date":"2023-10-16T22:26:44","date_gmt":"2023-10-16T19:26:44","guid":{"rendered":"https:\/\/evercleaneesti.ee\/?post_type=product&#038;p=2498"},"modified":"2025-06-25T23:46:47","modified_gmt":"2025-06-25T20:46:47","slug":"ever-clean-multiple-cat-10-l","status":"publish","type":"product","link":"https:\/\/evercleaneesti.ee\/lt\/produktas\/ever-clean-multiple-cat-10-l\/","title":{"rendered":"\"Ever Clean Multiple Cat\" 10 L \"EverClean"},"content":{"rendered":"<strong>Specialiai sukurtas multi-kat\u0117 nam\u0173 \u016bki\u0173. Sm\u0117lio sud\u0117t\u012f \u012ftraukiamas \u012f toliau l\u00f5hnat\u00f5rje priemones, siekiant u\u017etikrinti, puikiai higienos, taip pat didelis \u012fkelti \u012f sm\u0117lio d\u0117\u017e\u0119.<\/strong>\r\n<ul>\r\n \t<li>Daugiau dezodorant\u0173 u\u017etikrina puiki\u0105 higien\u0105 net ir judrioje sm\u0117lio d\u0117\u017e\u0117je.<\/li>\r\n \t<li>\"Ever Clean\" veiksmingai pa\u0161alina ka\u010di\u0173 \u0161lapimo, i\u0161mat\u0173 ir amoniako kvap\u0105, kad jis b\u016bt\u0173 nuolat gaivus.<\/li>\r\n \t<li>Unikalus aktyvintos anglies dioksido kiekio technologij\u0173 neslepia nemalonaus kvapo, bet ir pa\u0161alina j\u012f i\u0161 viso.<\/li>\r\n \t<li>Labai gerai sugeriantis ka\u010di\u0173 kraikas su leten\u0117l\u0117mis aktyvuojama kvapo technologija, kuri skleid\u017eia gaiv\u0173, lengv\u0105 kvap\u0105 kiekvien\u0105 kart\u0105 panaudojus kraik\u0105.<\/li>\r\n<\/ul>\r\n&nbsp;\r\n\r\n","protected":false},"excerpt":{"rendered":"<p>Specialiai sukurta nam\u0173 \u016bkiams, kuriuose gyvena kelios kat\u0117s. Sm\u0117lio sud\u0117tyje yra papildom\u0173 dezodorant\u0173, u\u017etikrinan\u010di\u0173 puiki\u0105 higien\u0105 net ir u\u017eimtoje kraiko d\u0117\u017e\u0117je. Papildomos kvap\u0105 kontroliuojan\u010dios med\u017eiagos, u\u017etikrinan\u010dios nepriekai\u0161ting\u0105 higien\u0105 net ir u\u017eimtoje kraiko d\u0117\u017e\u0117je. Kad nuolat jaust\u0173si gaiva, \"Ever Clean\" veiksmingai pa\u0161alina ka\u010di\u0173 \u0161lapimo, i\u0161mat\u0173 ir amoniako kvap\u0105. Unikali aktyvuotos anglies technologija ne maskuoja nemalonius kvapus, o visi\u0161kai juos pa\u0161alina. \u0160varus ir...<\/p>","protected":false},"featured_media":2275,"comment_status":"closed","ping_status":"closed","template":"","meta":{"_kadence_starter_templates_imported_post":false,"_kad_post_transparent":"default","_kad_post_title":"","_kad_post_layout":"default","_kad_post_sidebar_id":"","_kad_post_content_style":"default","_kad_post_vertical_padding":"default","_kad_post_feature":"","_kad_post_feature_position":"","_kad_post_header":false,"_kad_post_footer":false,"_kad_post_classname":""},"product_brand":[65],"product_cat":[22],"product_tag":[25],"class_list":{"0":"post-2498","1":"product","2":"type-product","3":"status-publish","4":"has-post-thumbnail","6":"product_brand-ever-clean","7":"product_cat-kassiliiv","8":"product_tag-10l","9":"product_shipping_class-l","11":"first","12":"instock","13":"taxable","14":"shipping-taxable","15":"purchasable","16":"product-type-simple","17":"entry","18":"content-bg","19":"loop-entry"},"_links":{"self":[{"href":"https:\/\/evercleaneesti.ee\/lt\/wp-json\/wp\/v2\/product\/2498","targetHints":{"allow":["GET"]}}],"collection":[{"href":"https:\/\/evercleaneesti.ee\/lt\/wp-json\/wp\/v2\/product"}],"about":[{"href":"https:\/\/evercleaneesti.ee\/lt\/wp-json\/wp\/v2\/types\/product"}],"replies":[{"embeddable":true,"href":"https:\/\/evercleaneesti.ee\/lt\/wp-json\/wp\/v2\/comments?post=2498"}],"wp:featuredmedia":[{"embeddable":true,"href":"https:\/\/evercleaneesti.ee\/lt\/wp-json\/wp\/v2\/media\/2275"}],"wp:attachment":[{"href":"https:\/\/evercleaneesti.ee\/lt\/wp-json\/wp\/v2\/media?parent=2498"}],"wp:term":[{"taxonomy":"product_brand","embeddable":true,"href":"https:\/\/evercleaneesti.ee\/lt\/wp-json\/wp\/v2\/product_brand?post=2498"},{"taxonomy":"product_cat","embeddable":true,"href":"https:\/\/evercleaneesti.ee\/lt\/wp-json\/wp\/v2\/product_cat?post=2498"},{"taxonomy":"product_tag","embeddable":true,"href":"https:\/\/evercleaneesti.ee\/lt\/wp-json\/wp\/v2\/product_tag?post=2498"}],"curies":[{"name":"wp","href":"https:\/\/api.w.org\/{rel}","templated":true}]}}