{"id":2500,"date":"2023-10-16T22:27:58","date_gmt":"2023-10-16T19:27:58","guid":{"rendered":"https:\/\/evercleaneesti.ee\/?post_type=product&#038;p=2500"},"modified":"2025-06-30T23:22:25","modified_gmt":"2025-06-30T20:22:25","slug":"ever-clean-spring-garden-10-l","status":"publish","type":"product","link":"https:\/\/evercleaneesti.ee\/lt\/produktas\/ever-clean-spring-garden-10-l\/","title":{"rendered":"Kada Nors \u0160varus Pavasario Sod\u0173 10 L EverClean"},"content":{"rendered":"<strong>\u012ekv\u0117ptas gamtos. \"Ever Clean\" ka\u010di\u0173 kraikas \"Spring garden\" specialiai sukurtas taip, kad \u012f j\u016bs\u0173 namus atne\u0161t\u0173 g\u0117li\u0173 gaiv\u0105 ir pa\u0161alint\u0173 nemalonius kvapus.<\/strong>\r\n<ul>\r\n \t<li>Gaivus g\u0117li\u0173 aromatas, kuris patiks ir jums, ir j\u016bs\u0173 katei.  Tai tarsi pavasarinis pasivaik\u0161\u010diojimas pievoje.<\/li>\r\n \t<li>Pagamintas i\u0161 auk\u0161tos kokyb\u0117s nat\u016bralios savimassist, kuris yra geras kaitinimo efekt\u0105. Rezultatas yra artimas ir lengvai nuimamas sausas ir suakmen\u0117jusi\u0173 vienet\u0173.<\/li>\r\n \t<li>Unikalus aktyvintos anglies dioksido kiekio technologij\u0173 neslepia nemalonaus kvapo, bet ir pa\u0161alina j\u012f i\u0161 viso.<\/li>\r\n \t<li>Naudojant rankomis aktyvuojam\u0105 kvepal\u0173 technologij\u0105, kuri skleid\u017eia gaiv\u0173, lengv\u0105 kvap\u0105 kiekvien\u0105 kart\u0105, kai naudojamas liniuot\u0117.<\/li>\r\n<\/ul>\r\n&nbsp;\r\n\r\n","protected":false},"excerpt":{"rendered":"<p>\u012ekv\u0117ptas gamtos. \"Ever Clean\" ka\u010di\u0173 kraikas \"Spring garden\" specialiai sukurtas taip, kad \u012f j\u016bs\u0173 namus atne\u0161t\u0173 g\u0117li\u0173 gaiv\u0105 ir pa\u0161alint\u0173 nemalonius kvapus. Gaivus g\u0117li\u0173 aromatas patiks ir jums, ir j\u016bs\u0173 katei.  Tai tarsi pavasarinis pasivaik\u0161\u010diojimas pievoje. Pagaminta i\u0161 auk\u0161tos kokyb\u0117s nat\u016bralaus molio pastos, pasi\u017eymin\u010dios geromis sulipimo savyb\u0117mis. Rezultatas - tankus ir lengvai pa\u0161alinamas sausas...<\/p>","protected":false},"featured_media":2284,"comment_status":"closed","ping_status":"closed","template":"","meta":{"_kadence_starter_templates_imported_post":false,"_kad_post_transparent":"default","_kad_post_title":"","_kad_post_layout":"default","_kad_post_sidebar_id":"","_kad_post_content_style":"default","_kad_post_vertical_padding":"default","_kad_post_feature":"","_kad_post_feature_position":"","_kad_post_header":false,"_kad_post_footer":false,"_kad_post_classname":""},"product_brand":[65],"product_cat":[22],"product_tag":[25],"class_list":{"0":"post-2500","1":"product","2":"type-product","3":"status-publish","4":"has-post-thumbnail","6":"product_brand-ever-clean","7":"product_cat-kassiliiv","8":"product_tag-10l","9":"product_shipping_class-l","11":"first","12":"instock","13":"taxable","14":"shipping-taxable","15":"purchasable","16":"product-type-simple","17":"entry","18":"content-bg","19":"loop-entry"},"_links":{"self":[{"href":"https:\/\/evercleaneesti.ee\/lt\/wp-json\/wp\/v2\/product\/2500","targetHints":{"allow":["GET"]}}],"collection":[{"href":"https:\/\/evercleaneesti.ee\/lt\/wp-json\/wp\/v2\/product"}],"about":[{"href":"https:\/\/evercleaneesti.ee\/lt\/wp-json\/wp\/v2\/types\/product"}],"replies":[{"embeddable":true,"href":"https:\/\/evercleaneesti.ee\/lt\/wp-json\/wp\/v2\/comments?post=2500"}],"wp:featuredmedia":[{"embeddable":true,"href":"https:\/\/evercleaneesti.ee\/lt\/wp-json\/wp\/v2\/media\/2284"}],"wp:attachment":[{"href":"https:\/\/evercleaneesti.ee\/lt\/wp-json\/wp\/v2\/media?parent=2500"}],"wp:term":[{"taxonomy":"product_brand","embeddable":true,"href":"https:\/\/evercleaneesti.ee\/lt\/wp-json\/wp\/v2\/product_brand?post=2500"},{"taxonomy":"product_cat","embeddable":true,"href":"https:\/\/evercleaneesti.ee\/lt\/wp-json\/wp\/v2\/product_cat?post=2500"},{"taxonomy":"product_tag","embeddable":true,"href":"https:\/\/evercleaneesti.ee\/lt\/wp-json\/wp\/v2\/product_tag?post=2500"}],"curies":[{"name":"wp","href":"https:\/\/api.w.org\/{rel}","templated":true}]}}