{"id":2503,"date":"2023-10-16T22:33:12","date_gmt":"2023-10-16T19:33:12","guid":{"rendered":"https:\/\/evercleaneesti.ee\/?post_type=product&#038;p=2503"},"modified":"2026-04-03T18:09:39","modified_gmt":"2026-04-03T15:09:39","slug":"ever-clean-lavender-10-l","status":"publish","type":"product","link":"https:\/\/evercleaneesti.ee\/lt\/produktas\/ever-clean-lavender-10-l\/","title":{"rendered":"Kada Nors \u0160varus Multi-Kristalai 10 L EverClean"},"content":{"rendered":"<ul>\r\n \t<li>Ever Clean Multi-Crystals 10 L ei ole enam saadaval.<\/li>\r\n \t<li>Vali alternatiiv:<\/li>\r\n \t<li><a href=\"https:\/\/evercleaneesti.ee\/lt\/produktas\/ever-clean-multi-crystals-6-l\/\">Ever Multi-Crystals 6 L<\/a><\/li>\r\n \t<li><a href=\"https:\/\/evercleaneesti.ee\/lt\/produktas\/ever-clean-extra-strong-clumping-unscented-10-l\/\">Ever Clean Extra Strong Unscented<\/a><\/li>\r\n<\/ul>\r\n<\/ul>\r\n\r\n<strong>Multi-Kristalai yra labai absorbentas kristalai su sukepinant ka\u010di\u0173 kraikas. Sm\u0117lio yra bekvapis ir auk\u0161tos imavusv\u00f5ime su. Tinka taip pat urineerimisprobleemidega kat\u0117s.<\/strong>\r\n<ul>\r\n \t<li>Labai gerai sugeriantys kristalai akimirksniu sugeria dr\u0117gm\u0119, kad nesusidaryt\u0173 nemalonus kvapas.<\/li>\r\n \t<li>Nekvapnus, skirtas kat\u0117ms ir jautresniems \u017emon\u0117ms.<\/li>\r\n \t<li>M\u016bs\u0173 unikali aktyvuotos anglies technologija sulaiko ir u\u017efiksuoja kvapus, pa\u0161alindama nemalonius kvapus, o ne tik juos maskuodama.<\/li>\r\n \t<li>\"Ever Clean\" veiksmingai pa\u0161alina ka\u010di\u0173 \u0161lapimo, i\u0161mat\u0173 ir amoniako kvap\u0105, kad jis b\u016bt\u0173 nuolat gaivus.<\/li>\r\n<\/ul>\r\n&nbsp;\r\n\r\n&nbsp;\r\n\r\n","protected":false},"excerpt":{"rendered":"<p data-start=\"652\" data-end=\"730\"><strong data-start=\"652\" data-end=\"674\">Tootmine l\u00f5petatud<\/strong><\/p>\n<p>&nbsp;<\/p>","protected":false},"featured_media":2472,"comment_status":"closed","ping_status":"closed","template":"","meta":{"_kadence_starter_templates_imported_post":false,"_kad_post_transparent":"default","_kad_post_title":"","_kad_post_layout":"default","_kad_post_sidebar_id":"","_kad_post_content_style":"default","_kad_post_vertical_padding":"default","_kad_post_feature":"","_kad_post_feature_position":"","_kad_post_header":false,"_kad_post_footer":false,"_kad_post_classname":""},"product_brand":[65],"product_cat":[22],"product_tag":[25],"class_list":{"0":"post-2503","1":"product","2":"type-product","3":"status-publish","4":"has-post-thumbnail","6":"product_brand-ever-clean","7":"product_cat-kassiliiv","8":"product_tag-10l","9":"product_shipping_class-l","11":"first","12":"outofstock","13":"taxable","14":"shipping-taxable","15":"product-type-simple","16":"entry","17":"content-bg","18":"loop-entry"},"_links":{"self":[{"href":"https:\/\/evercleaneesti.ee\/lt\/wp-json\/wp\/v2\/product\/2503","targetHints":{"allow":["GET"]}}],"collection":[{"href":"https:\/\/evercleaneesti.ee\/lt\/wp-json\/wp\/v2\/product"}],"about":[{"href":"https:\/\/evercleaneesti.ee\/lt\/wp-json\/wp\/v2\/types\/product"}],"replies":[{"embeddable":true,"href":"https:\/\/evercleaneesti.ee\/lt\/wp-json\/wp\/v2\/comments?post=2503"}],"wp:featuredmedia":[{"embeddable":true,"href":"https:\/\/evercleaneesti.ee\/lt\/wp-json\/wp\/v2\/media\/2472"}],"wp:attachment":[{"href":"https:\/\/evercleaneesti.ee\/lt\/wp-json\/wp\/v2\/media?parent=2503"}],"wp:term":[{"taxonomy":"product_brand","embeddable":true,"href":"https:\/\/evercleaneesti.ee\/lt\/wp-json\/wp\/v2\/product_brand?post=2503"},{"taxonomy":"product_cat","embeddable":true,"href":"https:\/\/evercleaneesti.ee\/lt\/wp-json\/wp\/v2\/product_cat?post=2503"},{"taxonomy":"product_tag","embeddable":true,"href":"https:\/\/evercleaneesti.ee\/lt\/wp-json\/wp\/v2\/product_tag?post=2503"}],"curies":[{"name":"wp","href":"https:\/\/api.w.org\/{rel}","templated":true}]}}