{"id":2563,"date":"2023-10-18T11:04:47","date_gmt":"2023-10-18T08:04:47","guid":{"rendered":"https:\/\/evercleaneesti.ee\/?post_type=product&#038;p=2563"},"modified":"2025-06-25T23:46:46","modified_gmt":"2025-06-25T20:46:46","slug":"ever-clean-litterfree-paws-6-l","status":"publish","type":"product","link":"https:\/\/evercleaneesti.ee\/lt\/produktas\/ever-clean-litterfree-paws-6-l\/","title":{"rendered":"Kada Nors \u0160varus Litterfree Letenas 6 L EverClean"},"content":{"rendered":"<strong>\"Ever Clean Litterfree Paws\" sud\u0117tyje n\u0117ra 99,9% dulki\u0173, o d\u0117l didesni\u0173 granuli\u0173 letenos yra iki 3 kart\u0173 \u0161varesn\u0117s. Sm\u0117lis tinka ilgaplauk\u0117ms kat\u0117ms ir ka\u010diukams. *<\/strong>\r\n<ul>\r\n \t<li>Iki 3 kart\u0173 \u0161varesn\u0117s letenos, didesn\u0117s granul\u0117s, greitas sukibimas - d\u0117l to \"Litterfree Paws\" yra geriausias sm\u0117lis ilgaplauk\u0117ms kat\u0117ms ir ka\u010diukams.<\/li>\r\n \t<li>Sm\u0117lyje n\u0117ra 99,9% dulki\u0173, tod\u0117l j\u016bs ir j\u016bs\u0173 kat\u0117 tur\u0117site \u0161vari\u0105 ir gaivi\u0105 aplink\u0105. **<\/li>\r\n \t<li>Unikalus aktyvintos anglies dioksido kiekio technologij\u0173 neslepia nemalonaus kvapo, bet ir pa\u0161alina j\u012f i\u0161 viso.<\/li>\r\n \t<li>Labai gerai sugeriantis ka\u010di\u0173 kraikas su leten\u0117l\u0117mis aktyvuojama kvapo technologija, kuri skleid\u017eia gaiv\u0173, lengv\u0105 kvap\u0105 kiekvien\u0105 kart\u0105 panaudojus kraik\u0105.<\/li>\r\n<\/ul>\r\n<sup><em>*\u00a0 Ever Clean Total Cover\r\n** liivakasti t\u00e4ites<\/em><\/sup>\r\n\r\n","protected":false},"excerpt":{"rendered":"<p>Kada nors \u0160varus Litterfree Letenas yra 99.9% dulki\u0173 ir didesni\u0173 granul\u0117s laikyti letenas iki 3 kart\u0173 \u0161varesnis. Sm\u0117lio tinka ilgaplaukiu kat\u0117s ir ka\u010diukai. * Iki 3 kart\u0173 \u0161varesnis letenas, suuremateralised granul\u0117s, greitas kaitinimas,- tai padaryti Litterfree pawsi i\u0161 m\u016bs\u0173 geriausi\u0173 sm\u0117lio ilgaplaukiu kat\u0117s ir ka\u010diukai. Sm\u0117lis 99.9% dulki\u0173 derinys, teikiantis jums ir j\u016bs\u0173 kat\u0117 valyti...<\/p>","protected":false},"featured_media":2528,"comment_status":"closed","ping_status":"closed","template":"","meta":{"_kadence_starter_templates_imported_post":false,"_kad_post_transparent":"default","_kad_post_title":"","_kad_post_layout":"default","_kad_post_sidebar_id":"","_kad_post_content_style":"default","_kad_post_vertical_padding":"default","_kad_post_feature":"","_kad_post_feature_position":"","_kad_post_header":false,"_kad_post_footer":false,"_kad_post_classname":""},"product_brand":[65],"product_cat":[22],"product_tag":[26],"class_list":{"0":"post-2563","1":"product","2":"type-product","3":"status-publish","4":"has-post-thumbnail","6":"product_brand-ever-clean","7":"product_cat-kassiliiv","8":"product_tag-6l","9":"product_shipping_class-m","11":"first","12":"instock","13":"sale","14":"taxable","15":"shipping-taxable","16":"purchasable","17":"product-type-simple","18":"entry","19":"content-bg","20":"loop-entry"},"_links":{"self":[{"href":"https:\/\/evercleaneesti.ee\/lt\/wp-json\/wp\/v2\/product\/2563","targetHints":{"allow":["GET"]}}],"collection":[{"href":"https:\/\/evercleaneesti.ee\/lt\/wp-json\/wp\/v2\/product"}],"about":[{"href":"https:\/\/evercleaneesti.ee\/lt\/wp-json\/wp\/v2\/types\/product"}],"replies":[{"embeddable":true,"href":"https:\/\/evercleaneesti.ee\/lt\/wp-json\/wp\/v2\/comments?post=2563"}],"wp:featuredmedia":[{"embeddable":true,"href":"https:\/\/evercleaneesti.ee\/lt\/wp-json\/wp\/v2\/media\/2528"}],"wp:attachment":[{"href":"https:\/\/evercleaneesti.ee\/lt\/wp-json\/wp\/v2\/media?parent=2563"}],"wp:term":[{"taxonomy":"product_brand","embeddable":true,"href":"https:\/\/evercleaneesti.ee\/lt\/wp-json\/wp\/v2\/product_brand?post=2563"},{"taxonomy":"product_cat","embeddable":true,"href":"https:\/\/evercleaneesti.ee\/lt\/wp-json\/wp\/v2\/product_cat?post=2563"},{"taxonomy":"product_tag","embeddable":true,"href":"https:\/\/evercleaneesti.ee\/lt\/wp-json\/wp\/v2\/product_tag?post=2563"}],"curies":[{"name":"wp","href":"https:\/\/api.w.org\/{rel}","templated":true}]}}