{"id":2564,"date":"2023-10-18T11:07:05","date_gmt":"2023-10-18T08:07:05","guid":{"rendered":"https:\/\/evercleaneesti.ee\/?post_type=product&#038;p=2564"},"modified":"2025-06-25T23:46:46","modified_gmt":"2025-06-25T20:46:46","slug":"ever-clean-total-cover-6-l","status":"publish","type":"product","link":"https:\/\/evercleaneesti.ee\/lt\/produktas\/ever-clean-total-cover-6-l\/","title":{"rendered":"Kada Nors \u0160varus I\u0161 Viso Dangtelis 6 L EverClean"},"content":{"rendered":"<strong>\"Ever Clean Total Cover\" sud\u0117tyje esanti \"Hygiene Plus\" formul\u0117 suteikia j\u016bs\u0173 katei sveikatingumo aplink\u0105 su smulkiomis mikrogranul\u0117mis, kurios padengia ir u\u017edaro iki 99% kiet\u0173 ir skyst\u0173 atliek\u0173.<\/strong>\r\n<ul>\r\n \t<li>Smulkus mikrogranuliuotas kat\u0117s sm\u0117lis padengia ir sutankina iki 99% kiet\u0173j\u0173 ir skyst\u0173j\u0173 atliek\u0173, tod\u0117l sm\u0117lis 20% i\u0161silaiko ilgiau.<\/li>\r\n \t<li>\"Hygiene Plus\" formul\u0117 sukuria geros savijautos aplink\u0105 j\u016bs\u0173 katei.<\/li>\r\n \t<li>Unikalus aktyvintos anglies dioksido kiekio technologij\u0173 neslepia nemalonaus kvapo, bet ir pa\u0161alina j\u012f i\u0161 viso.<\/li>\r\n \t<li>Nekvepiantis ka\u010di\u0173 kraikas, skirtas kat\u0117ms ir \u017emon\u0117ms, jautriems kvapams. *<\/li>\r\n<\/ul>\r\n<em><sup>* \"Ever Clean Total Cover\" veikia 20% ilgiau nei \"Ever Clean Extra Strong Clumping Unscented\".\u00a0<\/sup><\/em>\r\n\r\n&nbsp;\r\n\r\n","protected":false},"excerpt":{"rendered":"<p>\"Ever Clean Total Cover\" sud\u0117tyje esanti \"Hygiene Plus\" formul\u0117 suteikia j\u016bs\u0173 katei sveikatingumo aplink\u0105 su smulkiomis mikrogranul\u0117mis, kurios padengia ir u\u017edaro iki 99% kiet\u0173 ir skyst\u0173 atliek\u0173. Smulkus mikrogranuli\u0173 sm\u0117lis kat\u0117ms, kuris padengia ir sandarina iki 99% kiet\u0173 ir skyst\u0173 atliek\u0173, tod\u0117l sm\u0117lis i\u0161silaiko 20% ilgiau. Hygiene Plus formul\u0117 sukuria j\u016bs\u0173 katei geros savijautos aplink\u0105. Unikali aktyvuotos anglies technologija nesukelia...<\/p>","protected":false},"featured_media":2535,"comment_status":"closed","ping_status":"closed","template":"","meta":{"_kadence_starter_templates_imported_post":false,"_kad_post_transparent":"default","_kad_post_title":"","_kad_post_layout":"default","_kad_post_sidebar_id":"","_kad_post_content_style":"default","_kad_post_vertical_padding":"default","_kad_post_feature":"","_kad_post_feature_position":"","_kad_post_header":false,"_kad_post_footer":false,"_kad_post_classname":""},"product_brand":[65],"product_cat":[22],"product_tag":[26],"class_list":{"0":"post-2564","1":"product","2":"type-product","3":"status-publish","4":"has-post-thumbnail","6":"product_brand-ever-clean","7":"product_cat-kassiliiv","8":"product_tag-6l","9":"product_shipping_class-m","11":"first","12":"instock","13":"sale","14":"taxable","15":"shipping-taxable","16":"purchasable","17":"product-type-simple","18":"entry","19":"content-bg","20":"loop-entry"},"_links":{"self":[{"href":"https:\/\/evercleaneesti.ee\/lt\/wp-json\/wp\/v2\/product\/2564","targetHints":{"allow":["GET"]}}],"collection":[{"href":"https:\/\/evercleaneesti.ee\/lt\/wp-json\/wp\/v2\/product"}],"about":[{"href":"https:\/\/evercleaneesti.ee\/lt\/wp-json\/wp\/v2\/types\/product"}],"replies":[{"embeddable":true,"href":"https:\/\/evercleaneesti.ee\/lt\/wp-json\/wp\/v2\/comments?post=2564"}],"wp:featuredmedia":[{"embeddable":true,"href":"https:\/\/evercleaneesti.ee\/lt\/wp-json\/wp\/v2\/media\/2535"}],"wp:attachment":[{"href":"https:\/\/evercleaneesti.ee\/lt\/wp-json\/wp\/v2\/media?parent=2564"}],"wp:term":[{"taxonomy":"product_brand","embeddable":true,"href":"https:\/\/evercleaneesti.ee\/lt\/wp-json\/wp\/v2\/product_brand?post=2564"},{"taxonomy":"product_cat","embeddable":true,"href":"https:\/\/evercleaneesti.ee\/lt\/wp-json\/wp\/v2\/product_cat?post=2564"},{"taxonomy":"product_tag","embeddable":true,"href":"https:\/\/evercleaneesti.ee\/lt\/wp-json\/wp\/v2\/product_tag?post=2564"}],"curies":[{"name":"wp","href":"https:\/\/api.w.org\/{rel}","templated":true}]}}