{"id":2567,"date":"2023-10-18T11:14:25","date_gmt":"2023-10-18T08:14:25","guid":{"rendered":"https:\/\/evercleaneesti.ee\/?post_type=product&#038;p=2567"},"modified":"2025-06-25T23:46:46","modified_gmt":"2025-06-25T20:46:46","slug":"ever-clean-fast-acting-6-l","status":"publish","type":"product","link":"https:\/\/evercleaneesti.ee\/lt\/produktas\/ever-clean-fast-acting-6-l\/","title":{"rendered":"Kada Nors \u0160varus Greitai Veikiantis 6 L EverClean"},"content":{"rendered":"<strong>\"Ever Clean Fast Acting\" per 3 sekundes* i\u0161skiria daugiau kvapus blokuojan\u010di\u0173 med\u017eiag\u0173* 60%, tod\u0117l j\u016bs\u0173 kat\u0117 ir toliau gali m\u0117gautis \u0161varia nam\u0173 aplinka. Sm\u0117l\u012f taip pat tinka naudoti ypa\u010d ma\u017eose erdv\u0117se.<\/strong>\r\n<ul>\r\n \t<li>Unikalios formul\u0117s molinis ka\u010di\u0173 kraikas su augal\u0173 ekstrakt\u0173 mi\u0161iniu, kuris greitai pa\u0161alina nemalonius kvapus.<\/li>\r\n \t<li>Per 3 sekundes* 60% i\u0161leid\u017eia daugiau kvapus blokuojan\u010di\u0173 med\u017eiag\u0173, tod\u0117l idealiai tinka kvapams \u0161alinti, kovojant su ka\u010di\u0173 \u0161lapimo, i\u0161mat\u0173 ir amoniako kvapu ma\u017eose patalpose.<\/li>\r\n \t<li>M\u016bs\u0173 unikali aktyvuotos anglies technologija ne u\u017emaskuoja nemalonius kvapus, bet visi\u0161kai juos pa\u0161alina.<\/li>\r\n \t<li>Naudojant rankomis aktyvuojam\u0105 kvepal\u0173 technologij\u0105, kuri skleid\u017eia gaiv\u0173, lengv\u0105 kvap\u0105 kiekvien\u0105 kart\u0105, kai naudojamas liniuot\u0117.<\/li>\r\n<\/ul>\r\n<em>* \"Ever Clean\" greito veikimo kvap\u0173 kontrol\u0117s sistema per 3 sekundes i\u0161skiria daugiau kvapus blokuojan\u010di\u0173 med\u017eiag\u0173 60% nei \"Ever Clean Extra Strong Clumping Scented Scented\".<\/em>\r\n\r\n&nbsp;\r\n\r\n","protected":false},"excerpt":{"rendered":"<p>Kada nors \u0160varus Greitai Veikiantis i\u0161leidimo 3 sekundes* 60% daugiau l\u00f5hnablokeerijaid, kad j\u016bs\u0173 kat\u0117 gali ir toliau m\u0117gautis valyti nam\u0173 aplink\u0105. Sm\u0117lis yra gera, taip pat naudoti ypa\u010d ma\u017eose erdv\u0117se. Unikali formul\u0117 sukepinimo molio ka\u010di\u0173 kraikas, kurio sud\u0117tis yra nema\u017eai augal\u0173 ekstrakt\u0173 mi\u0161inio, kuris greitai pa\u0161alina kvapus. I\u0161leidimo 3 sekundes* 60% daugiau l\u00f5hnablokaator, kuris daro tai idealus kvapai pa\u0161alinti, kovos...<\/p>","protected":false},"featured_media":2524,"comment_status":"closed","ping_status":"closed","template":"","meta":{"_kadence_starter_templates_imported_post":false,"_kad_post_transparent":"default","_kad_post_title":"","_kad_post_layout":"default","_kad_post_sidebar_id":"","_kad_post_content_style":"default","_kad_post_vertical_padding":"default","_kad_post_feature":"","_kad_post_feature_position":"","_kad_post_header":false,"_kad_post_footer":false,"_kad_post_classname":""},"product_brand":[65],"product_cat":[22],"product_tag":[26],"class_list":{"0":"post-2567","1":"product","2":"type-product","3":"status-publish","4":"has-post-thumbnail","6":"product_brand-ever-clean","7":"product_cat-kassiliiv","8":"product_tag-6l","9":"product_shipping_class-m","11":"first","12":"instock","13":"sale","14":"taxable","15":"shipping-taxable","16":"purchasable","17":"product-type-simple","18":"entry","19":"content-bg","20":"loop-entry"},"_links":{"self":[{"href":"https:\/\/evercleaneesti.ee\/lt\/wp-json\/wp\/v2\/product\/2567","targetHints":{"allow":["GET"]}}],"collection":[{"href":"https:\/\/evercleaneesti.ee\/lt\/wp-json\/wp\/v2\/product"}],"about":[{"href":"https:\/\/evercleaneesti.ee\/lt\/wp-json\/wp\/v2\/types\/product"}],"replies":[{"embeddable":true,"href":"https:\/\/evercleaneesti.ee\/lt\/wp-json\/wp\/v2\/comments?post=2567"}],"wp:featuredmedia":[{"embeddable":true,"href":"https:\/\/evercleaneesti.ee\/lt\/wp-json\/wp\/v2\/media\/2524"}],"wp:attachment":[{"href":"https:\/\/evercleaneesti.ee\/lt\/wp-json\/wp\/v2\/media?parent=2567"}],"wp:term":[{"taxonomy":"product_brand","embeddable":true,"href":"https:\/\/evercleaneesti.ee\/lt\/wp-json\/wp\/v2\/product_brand?post=2567"},{"taxonomy":"product_cat","embeddable":true,"href":"https:\/\/evercleaneesti.ee\/lt\/wp-json\/wp\/v2\/product_cat?post=2567"},{"taxonomy":"product_tag","embeddable":true,"href":"https:\/\/evercleaneesti.ee\/lt\/wp-json\/wp\/v2\/product_tag?post=2567"}],"curies":[{"name":"wp","href":"https:\/\/api.w.org\/{rel}","templated":true}]}}