{"id":2568,"date":"2023-10-18T11:16:04","date_gmt":"2023-10-18T08:16:04","guid":{"rendered":"https:\/\/evercleaneesti.ee\/?post_type=product&#038;p=2568"},"modified":"2025-06-25T23:46:46","modified_gmt":"2025-06-25T20:46:46","slug":"ever-clean-multi-crystals-6-l","status":"publish","type":"product","link":"https:\/\/evercleaneesti.ee\/lt\/produktas\/ever-clean-multi-crystals-6-l\/","title":{"rendered":"\"Ever Clean Multi-Crystals\" 6 L EverClean"},"content":{"rendered":"<strong>Multi-Kristalai yra labai absorbentas kristalai su sukepinant ka\u010di\u0173 kraikas. Sm\u0117lio yra bekvapis ir auk\u0161tos imavusv\u00f5ime su. Tinka taip pat urineerimisprobleemidega kat\u0117s.<\/strong>\r\n<ul>\r\n \t<li>Labai gerai sugeriantys kristalai akimirksniu sugeria dr\u0117gm\u0119, kad nesusidaryt\u0173 nemalonus kvapas.<\/li>\r\n \t<li>Nekvapnus, skirtas kat\u0117ms ir jautresniems \u017emon\u0117ms.<\/li>\r\n \t<li>M\u016bs\u0173 unikali aktyvuotos anglies technologija sulaiko ir u\u017efiksuoja kvapus, pa\u0161alindama nemalonius kvapus, o ne tik juos maskuodama.<\/li>\r\n \t<li>\"Ever Clean\" veiksmingai pa\u0161alina ka\u010di\u0173 \u0161lapimo, i\u0161mat\u0173 ir amoniako kvap\u0105, kad jis b\u016bt\u0173 nuolat gaivus.<\/li>\r\n<\/ul>\r\n&nbsp;\r\n\r\n&nbsp;\r\n\r\n","protected":false},"excerpt":{"rendered":"<p>\"Multi-Crystals\" - tai susigeriantis ka\u010di\u0173 kraikas su labai sugerian\u010diais kristalais. Jis yra bekvapis ir labai gerai sugeriantis. Taip pat tinka kat\u0117ms, turin\u010dioms \u0161lapinimosi problem\u0173. Labai gerai sugeriantys kristalai akimirksniu sugeria dr\u0117gm\u0119 ir sustabdo nemalon\u0173 kvap\u0105. Be kvapo, skirtas kat\u0117ms ir jautresniems kvapams \u017emon\u0117ms. M\u016bs\u0173 unikali aktyvuotos anglies technologija sulaiko ir u\u017efiksuoja kvapus, pa\u0161alindama nemalonius kvapus, o ne tik juos maskuodama. Nuolatiniam gaivumui...<\/p>","protected":false},"featured_media":2531,"comment_status":"closed","ping_status":"closed","template":"","meta":{"_kadence_starter_templates_imported_post":false,"_kad_post_transparent":"default","_kad_post_title":"","_kad_post_layout":"default","_kad_post_sidebar_id":"","_kad_post_content_style":"default","_kad_post_vertical_padding":"default","_kad_post_feature":"","_kad_post_feature_position":"","_kad_post_header":false,"_kad_post_footer":false,"_kad_post_classname":""},"product_brand":[65],"product_cat":[22],"product_tag":[26],"class_list":{"0":"post-2568","1":"product","2":"type-product","3":"status-publish","4":"has-post-thumbnail","6":"product_brand-ever-clean","7":"product_cat-kassiliiv","8":"product_tag-6l","9":"product_shipping_class-m","11":"first","12":"instock","13":"sale","14":"taxable","15":"shipping-taxable","16":"purchasable","17":"product-type-simple","18":"entry","19":"content-bg","20":"loop-entry"},"_links":{"self":[{"href":"https:\/\/evercleaneesti.ee\/lt\/wp-json\/wp\/v2\/product\/2568","targetHints":{"allow":["GET"]}}],"collection":[{"href":"https:\/\/evercleaneesti.ee\/lt\/wp-json\/wp\/v2\/product"}],"about":[{"href":"https:\/\/evercleaneesti.ee\/lt\/wp-json\/wp\/v2\/types\/product"}],"replies":[{"embeddable":true,"href":"https:\/\/evercleaneesti.ee\/lt\/wp-json\/wp\/v2\/comments?post=2568"}],"wp:featuredmedia":[{"embeddable":true,"href":"https:\/\/evercleaneesti.ee\/lt\/wp-json\/wp\/v2\/media\/2531"}],"wp:attachment":[{"href":"https:\/\/evercleaneesti.ee\/lt\/wp-json\/wp\/v2\/media?parent=2568"}],"wp:term":[{"taxonomy":"product_brand","embeddable":true,"href":"https:\/\/evercleaneesti.ee\/lt\/wp-json\/wp\/v2\/product_brand?post=2568"},{"taxonomy":"product_cat","embeddable":true,"href":"https:\/\/evercleaneesti.ee\/lt\/wp-json\/wp\/v2\/product_cat?post=2568"},{"taxonomy":"product_tag","embeddable":true,"href":"https:\/\/evercleaneesti.ee\/lt\/wp-json\/wp\/v2\/product_tag?post=2568"}],"curies":[{"name":"wp","href":"https:\/\/api.w.org\/{rel}","templated":true}]}}