{"id":2569,"date":"2023-10-18T11:52:56","date_gmt":"2023-10-18T08:52:56","guid":{"rendered":"https:\/\/evercleaneesti.ee\/?post_type=product&#038;p=2569"},"modified":"2026-02-25T18:11:47","modified_gmt":"2026-02-25T16:11:47","slug":"ever-clean-lavender-10-l-2","status":"publish","type":"product","link":"https:\/\/evercleaneesti.ee\/lt\/produktas\/ever-clean-lavender-10-l-2\/","title":{"rendered":"Kada Nors \u0160varus Levand\u0173 10 L EverClean"},"content":{"rendered":"<strong>Levand\u0173 kvapo Kada nors Valyti ka\u010di\u0173 kraikas yra \u0161varus nuo \u012fkv\u0117pti gamtos.<\/strong>\r\n<ul>\r\n \t<li>Levand\u0173 kvapas suteikia malonaus gaivumo j\u016bs\u0173 kat\u0117s kraiko d\u0117\u017eutei ir namams.<\/li>\r\n \t<li>Pagamintas i\u0161 auk\u0161tos kokyb\u0117s nat\u016bralios savimassist, kuris yra geras kaitinimo efekt\u0105. Rezultatas yra artimas ir lengvai nuimamas sausas ir suakmen\u0117jusi\u0173 vienet\u0173.<\/li>\r\n \t<li>Unikalus aktyvintos anglies dioksido kiekio technologij\u0173 neslepia nemalonaus kvapo, bet ir pa\u0161alina j\u012f i\u0161 viso.<\/li>\r\n \t<li>Naudojant rankomis aktyvuojam\u0105 kvepal\u0173 technologij\u0105, kuri skleid\u017eia gaiv\u0173, lengv\u0105 kvap\u0105 kiekvien\u0105 kart\u0105, kai naudojamas liniuot\u0117.<\/li>\r\n<\/ul>\r\n&nbsp;\r\n\r\n&nbsp;\r\n\r\n","protected":false},"excerpt":{"rendered":"<p>Levand\u0173 kvapo Kada nors Valyti ka\u010di\u0173 kraikas yra \u0161varus nuo \u012fkv\u0117pti gamtos. Lavendlil\u00f5hn suteikia malon\u0173 \u0161vie\u017eumo ka\u010di\u0173 sm\u0117lio d\u0117\u017e\u0119, ir savo namuose. Pagamintas i\u0161 auk\u0161tos kokyb\u0117s nat\u016bralios savimassist, kuris yra geras kaitinimo efekt\u0105. Rezultatas yra artimas ir lengvai nuimamas sausas ir suakmen\u0117jusi\u0173 vienet\u0173. Unikalus aktyvintos anglies dioksido kiekio technologij\u0173 neslepia nemalonaus kvapo, bet ir pa\u0161alina j\u012f i\u0161 viso. Ginkl\u0173 su \u012fjungimo l\u00f5hnatehnoloogiaga, kurie bus i\u0161leisti \u0161vie\u017ei, \u0161viesos...<\/p>","protected":false},"featured_media":2405,"comment_status":"closed","ping_status":"closed","template":"","meta":{"_kadence_starter_templates_imported_post":false,"_kad_post_transparent":"default","_kad_post_title":"","_kad_post_layout":"default","_kad_post_sidebar_id":"","_kad_post_content_style":"default","_kad_post_vertical_padding":"default","_kad_post_feature":"","_kad_post_feature_position":"","_kad_post_header":false,"_kad_post_footer":false,"_kad_post_classname":""},"product_brand":[65],"product_cat":[22],"product_tag":[25],"class_list":{"0":"post-2569","1":"product","2":"type-product","3":"status-publish","4":"has-post-thumbnail","6":"product_brand-ever-clean","7":"product_cat-kassiliiv","8":"product_tag-10l","9":"product_shipping_class-l","11":"first","12":"instock","13":"taxable","14":"shipping-taxable","15":"purchasable","16":"product-type-simple","17":"entry","18":"content-bg","19":"loop-entry"},"_links":{"self":[{"href":"https:\/\/evercleaneesti.ee\/lt\/wp-json\/wp\/v2\/product\/2569","targetHints":{"allow":["GET"]}}],"collection":[{"href":"https:\/\/evercleaneesti.ee\/lt\/wp-json\/wp\/v2\/product"}],"about":[{"href":"https:\/\/evercleaneesti.ee\/lt\/wp-json\/wp\/v2\/types\/product"}],"replies":[{"embeddable":true,"href":"https:\/\/evercleaneesti.ee\/lt\/wp-json\/wp\/v2\/comments?post=2569"}],"wp:featuredmedia":[{"embeddable":true,"href":"https:\/\/evercleaneesti.ee\/lt\/wp-json\/wp\/v2\/media\/2405"}],"wp:attachment":[{"href":"https:\/\/evercleaneesti.ee\/lt\/wp-json\/wp\/v2\/media?parent=2569"}],"wp:term":[{"taxonomy":"product_brand","embeddable":true,"href":"https:\/\/evercleaneesti.ee\/lt\/wp-json\/wp\/v2\/product_brand?post=2569"},{"taxonomy":"product_cat","embeddable":true,"href":"https:\/\/evercleaneesti.ee\/lt\/wp-json\/wp\/v2\/product_cat?post=2569"},{"taxonomy":"product_tag","embeddable":true,"href":"https:\/\/evercleaneesti.ee\/lt\/wp-json\/wp\/v2\/product_tag?post=2569"}],"curies":[{"name":"wp","href":"https:\/\/api.w.org\/{rel}","templated":true}]}}