{"id":2705,"date":"2024-01-11T21:15:01","date_gmt":"2024-01-11T19:15:01","guid":{"rendered":"https:\/\/evercleaneesti.ee\/?post_type=product&#038;p=2705"},"modified":"2026-04-03T18:13:52","modified_gmt":"2026-04-03T15:13:52","slug":"ever-clean-naturally","status":"publish","type":"product","link":"https:\/\/evercleaneesti.ee\/lt\/produktas\/ever-clean-naturally\/","title":{"rendered":"Kada Nors \u0160varus Nat\u016braliai 10 L EverClean"},"content":{"rendered":"<ul>\n<li style=\"list-style-type: none;\">\n<ul>\n<li>Ever Clean Naturally 10 L ei ole enam saadaval.<\/li>\n<li>Vali alternatiiv:\n<li><a href=\"https:\/\/evercleaneesti.ee\/lt\/produktas\/ever-clean-extra-strong-clumping-unscented-10-l\/\">Ever Clean Extra Strong Unscented<\/a><\/li>\n<\/ul>\n<\/li>\n<\/ul>\n<\/li>\n<\/ul>\n<p>99,9% nat\u016bralus lipnus ka\u010di\u0173 sm\u0117lis. Joki\u0173 kompromis\u0173. M\u016bs\u0173 optimalus nat\u016bralaus molio ir kukur\u016bz\u0173 mi\u0161inys u\u017etikrina puik\u0173 sugeriamum\u0105 ir kvapo pa\u0161alinim\u0105.<\/p>\n<ul>\n<li>Pagaminta i\u0161 99,9% nat\u016brali\u0173 ingredient\u0173. Produktas u\u017etikrina nat\u016brali\u0105 aplink\u0105 j\u016bs\u0173 katei ir palaiko nat\u016bralius j\u016bs\u0173 kat\u0117s elgesio poreikius bei gerov\u0119.<\/li>\n<li>Nekvapnus preparatas, tinkamas kat\u0117ms ir \u017emon\u0117ms, kurie yra jautresni kvapams.<\/li>\n<li>Nat\u016brali kvap\u0173 kontrol\u0117 sulaiko ir u\u017efiksuoja kvapus. Sm\u0117lis ne maskuoja nemalonius kvapus, o visi\u0161kai juos pa\u0161alina.<\/li>\n<li>\"Ever Clean\" yra labai gerai sugeriantis ir veiksmingai \u0161alinantis ka\u010di\u0173 \u0161lapim\u0105, i\u0161matas ir amoniak\u0105.<\/li>\n<\/ul>","protected":false},"excerpt":{"rendered":"<p data-start=\"652\" data-end=\"730\"><strong data-start=\"652\" data-end=\"674\">Tootmine l\u00f5petatud<\/strong><\/p>\n<p>&nbsp;<\/p>","protected":false},"featured_media":2707,"comment_status":"closed","ping_status":"closed","template":"","meta":{"_kadence_starter_templates_imported_post":false,"_kad_post_transparent":"default","_kad_post_title":"","_kad_post_layout":"default","_kad_post_sidebar_id":"","_kad_post_content_style":"default","_kad_post_vertical_padding":"default","_kad_post_feature":"","_kad_post_feature_position":"","_kad_post_header":false,"_kad_post_footer":false,"_kad_post_classname":""},"product_brand":[65],"product_cat":[22],"product_tag":[25],"class_list":{"0":"post-2705","1":"product","2":"type-product","3":"status-publish","4":"has-post-thumbnail","6":"product_brand-ever-clean","7":"product_cat-kassiliiv","8":"product_tag-10l","9":"product_shipping_class-l","11":"first","12":"outofstock","13":"taxable","14":"shipping-taxable","15":"product-type-simple","16":"entry","17":"content-bg","18":"loop-entry"},"_links":{"self":[{"href":"https:\/\/evercleaneesti.ee\/lt\/wp-json\/wp\/v2\/product\/2705","targetHints":{"allow":["GET"]}}],"collection":[{"href":"https:\/\/evercleaneesti.ee\/lt\/wp-json\/wp\/v2\/product"}],"about":[{"href":"https:\/\/evercleaneesti.ee\/lt\/wp-json\/wp\/v2\/types\/product"}],"replies":[{"embeddable":true,"href":"https:\/\/evercleaneesti.ee\/lt\/wp-json\/wp\/v2\/comments?post=2705"}],"wp:featuredmedia":[{"embeddable":true,"href":"https:\/\/evercleaneesti.ee\/lt\/wp-json\/wp\/v2\/media\/2707"}],"wp:attachment":[{"href":"https:\/\/evercleaneesti.ee\/lt\/wp-json\/wp\/v2\/media?parent=2705"}],"wp:term":[{"taxonomy":"product_brand","embeddable":true,"href":"https:\/\/evercleaneesti.ee\/lt\/wp-json\/wp\/v2\/product_brand?post=2705"},{"taxonomy":"product_cat","embeddable":true,"href":"https:\/\/evercleaneesti.ee\/lt\/wp-json\/wp\/v2\/product_cat?post=2705"},{"taxonomy":"product_tag","embeddable":true,"href":"https:\/\/evercleaneesti.ee\/lt\/wp-json\/wp\/v2\/product_tag?post=2705"}],"curies":[{"name":"wp","href":"https:\/\/api.w.org\/{rel}","templated":true}]}}