{"id":2903,"date":"2024-05-15T08:28:28","date_gmt":"2024-05-15T05:28:28","guid":{"rendered":"https:\/\/evercleaneesti.ee\/?post_type=product&#038;p=2903"},"modified":"2025-09-24T16:04:29","modified_gmt":"2025-09-24T13:04:29","slug":"litter-lifter-magic-original-kassiliiva-kuhvel","status":"publish","type":"product","link":"https:\/\/evercleaneesti.ee\/lt\/produktas\/litter-lifter-magic-original-kassiliiva-kuhvel\/","title":{"rendered":"\"Litter-Lifter Magic Original\" ka\u010di\u0173 sm\u0117lio semtuv\u0117lis"},"content":{"rendered":"<p>Apdovanojimus pelniusios \"Litter-Lifter\u00ae\" ka\u010di\u0173 kraiko semtuv\u0117liai turi patentuot\u0105 trikampio formos krumpliuk\u0173 funkcij\u0105, kuri leid\u017eia \u0161variam kraikui patekti tarp krumpliuk\u0173 ir pa\u0161alinti u\u017esikim\u0161imus nesukratant semtuv\u0117lio. Taip suma\u017einamas dulki\u0173 susidarymas ir i\u0161saugomas sveikesnis oras. \u0160auk\u0161telis yra didelio dyd\u017eio, tod\u0117l didesnes sm\u0117lio d\u0117\u017ees valyti lengviau, grei\u010diau ir patogiau. D\u0117l nuo\u017eulnaus ir a\u0161traus priekinio kastuvo kra\u0161to lengva i\u0161krap\u0161tyti sm\u0117lio d\u0117\u017e\u0117s dugn\u0105.<\/p>\n<p>\"Litter-Lifter\" yra stilingas, ergonomi\u0161kas, tvirtai pagamintas ir lengvai valomas. Naudotojai giria jo tvirtum\u0105, paprast\u0105 naudojim\u0105, greit\u012f, ma\u017eesn\u012f darbo kr\u016bv\u012f, nedulk\u0117t\u0105 aplink\u0105 ir lengv\u0105 a\u0161men\u0173 valym\u0105.<\/p>","protected":false},"excerpt":{"rendered":"<p>\"Litter-Lifter Magic Scoop\" ka\u010di\u0173 kraiko semtuv\u0117lis 34x13 cm.<br \/>\nD\u0117l eleganti\u0161ko dizaino ir 18 cm ilgio funkcini\u0173 plei\u0161to formos norag\u0173 sm\u0117lio d\u0117\u017e\u0119 galima grei\u010diau i\u0161valyti.<\/p>","protected":false},"featured_media":2949,"comment_status":"closed","ping_status":"closed","template":"","meta":{"_kadence_starter_templates_imported_post":false,"_kad_post_transparent":"default","_kad_post_title":"","_kad_post_layout":"default","_kad_post_sidebar_id":"","_kad_post_content_style":"default","_kad_post_vertical_padding":"default","_kad_post_feature":"","_kad_post_feature_position":"","_kad_post_header":false,"_kad_post_footer":false,"_kad_post_classname":""},"product_brand":[66],"product_cat":[32],"product_tag":[33],"class_list":{"0":"post-2903","1":"product","2":"type-product","3":"status-publish","4":"has-post-thumbnail","6":"product_brand-litter-lifter","7":"product_cat-kuhvel","8":"product_tag-kuhvel","9":"pa_magic-scoop-varv-apelsiin","10":"pa_magic-scoop-varv-denim","11":"pa_magic-scoop-varv-hall","12":"pa_magic-scoop-varv-helesinine","13":"pa_magic-scoop-varv-ingver","14":"pa_magic-scoop-varv-juhuslik","15":"pa_magic-scoop-varv-kevaderoheline","16":"pa_magic-scoop-varv-lilla","17":"pa_magic-scoop-varv-must","18":"pa_magic-scoop-varv-roosa","19":"pa_magic-scoop-varv-rukkilillesinine","21":"first","22":"instock","23":"sale","24":"taxable","25":"shipping-taxable","26":"purchasable","27":"product-type-variable","28":"entry","29":"content-bg","30":"loop-entry"},"_links":{"self":[{"href":"https:\/\/evercleaneesti.ee\/lt\/wp-json\/wp\/v2\/product\/2903","targetHints":{"allow":["GET"]}}],"collection":[{"href":"https:\/\/evercleaneesti.ee\/lt\/wp-json\/wp\/v2\/product"}],"about":[{"href":"https:\/\/evercleaneesti.ee\/lt\/wp-json\/wp\/v2\/types\/product"}],"replies":[{"embeddable":true,"href":"https:\/\/evercleaneesti.ee\/lt\/wp-json\/wp\/v2\/comments?post=2903"}],"wp:featuredmedia":[{"embeddable":true,"href":"https:\/\/evercleaneesti.ee\/lt\/wp-json\/wp\/v2\/media\/2949"}],"wp:attachment":[{"href":"https:\/\/evercleaneesti.ee\/lt\/wp-json\/wp\/v2\/media?parent=2903"}],"wp:term":[{"taxonomy":"product_brand","embeddable":true,"href":"https:\/\/evercleaneesti.ee\/lt\/wp-json\/wp\/v2\/product_brand?post=2903"},{"taxonomy":"product_cat","embeddable":true,"href":"https:\/\/evercleaneesti.ee\/lt\/wp-json\/wp\/v2\/product_cat?post=2903"},{"taxonomy":"product_tag","embeddable":true,"href":"https:\/\/evercleaneesti.ee\/lt\/wp-json\/wp\/v2\/product_tag?post=2903"}],"curies":[{"name":"wp","href":"https:\/\/api.w.org\/{rel}","templated":true}]}}