{"id":2952,"date":"2024-05-15T13:20:57","date_gmt":"2024-05-15T10:20:57","guid":{"rendered":"https:\/\/evercleaneesti.ee\/?post_type=product&#038;p=2952"},"modified":"2025-09-24T15:58:50","modified_gmt":"2025-09-24T12:58:50","slug":"litter-lifter-mini-magic-kassiliiva-kuhvel","status":"publish","type":"product","link":"https:\/\/evercleaneesti.ee\/lt\/produktas\/litter-lifter-mini-magic-kassiliiva-kuhvel\/","title":{"rendered":"Ka\u010di\u0173 kraiko samtelis Litter Lifter Mini Magic"},"content":{"rendered":"<p>Kelet\u0105 kart\u0173 apdovanotas Vada-Lifter\u00ae kassiliiv \u012f k\u00fchvlitel yra patentuota trikampio i\u0161 dantims funkcija, kuri leid\u017eia gryno sm\u0117lio, kritimo \u0161uoliai tarp pa\u0161alinti gabal\u0117li\u0173 nr. drebulys be. Jis suma\u017eina dulki\u0173 susidarymo ir i\u0161laikyti hingamis\u00f5hku sveikiau. Mini Magic kastuvas matmenis i\u0161 Vados Keltuvai serijos, ma\u017eiausia i\u0161 kuri\u0173 matmenys gali b\u016bti palyginti su poesm\u00fc\u00fcdavate klasikinis kastuvu, matmenys, ta\u010diau palyginti galima tik matmenys. Mini Magija daro sm\u0117lio valymo lengviau, grei\u010diau ir patogiau. Spike \u012fstri\u017eai ir a\u0161trios briaunos leid\u017eia lengv\u0105 sm\u0117lio dugno grem\u017etukas.<\/p>\n<p>Vada-Lifter yra stilingas, ergonomi\u0161kas, tvirtas kontruktsiooniga ir lengva valyti. Vartotojai pagirti savo j\u0117gas, naudojimo paprastumas, greitis, paj\u0117gum\u0173 ma\u017einimo, dulki\u0173 aplinka ir \u017eievel\u0117s, lengva valyti.<\/p>","protected":false},"excerpt":{"rendered":"<p>Vada-Lifter\u00ae Mini Magija yra kassiliiv scoop matavimo 26 x 11 cm.<br \/>\nMini Magija yra tos pa\u010dios funkcijos kaip originale. Tai yra ma\u017eesnis modelis, kuris yra skirtas ma\u017eesniems sm\u0117lio ir kelion\u0117s.<\/p>","protected":false},"featured_media":2953,"comment_status":"closed","ping_status":"closed","template":"","meta":{"_kadence_starter_templates_imported_post":false,"_kad_post_transparent":"default","_kad_post_title":"","_kad_post_layout":"default","_kad_post_sidebar_id":"","_kad_post_content_style":"default","_kad_post_vertical_padding":"default","_kad_post_feature":"","_kad_post_feature_position":"","_kad_post_header":false,"_kad_post_footer":false,"_kad_post_classname":""},"product_brand":[66],"product_cat":[32],"product_tag":[33],"class_list":{"0":"post-2952","1":"product","2":"type-product","3":"status-publish","4":"has-post-thumbnail","6":"product_brand-litter-lifter","7":"product_cat-kuhvel","8":"product_tag-kuhvel","9":"pa_mini-varv-helehall","10":"pa_mini-varv-ingver","11":"pa_mini-varv-juhuslik","12":"pa_mini-varv-lilla","13":"pa_mini-varv-valge","15":"first","16":"instock","17":"sale","18":"taxable","19":"shipping-taxable","20":"purchasable","21":"product-type-variable","22":"entry","23":"content-bg","24":"loop-entry"},"_links":{"self":[{"href":"https:\/\/evercleaneesti.ee\/lt\/wp-json\/wp\/v2\/product\/2952","targetHints":{"allow":["GET"]}}],"collection":[{"href":"https:\/\/evercleaneesti.ee\/lt\/wp-json\/wp\/v2\/product"}],"about":[{"href":"https:\/\/evercleaneesti.ee\/lt\/wp-json\/wp\/v2\/types\/product"}],"replies":[{"embeddable":true,"href":"https:\/\/evercleaneesti.ee\/lt\/wp-json\/wp\/v2\/comments?post=2952"}],"wp:featuredmedia":[{"embeddable":true,"href":"https:\/\/evercleaneesti.ee\/lt\/wp-json\/wp\/v2\/media\/2953"}],"wp:attachment":[{"href":"https:\/\/evercleaneesti.ee\/lt\/wp-json\/wp\/v2\/media?parent=2952"}],"wp:term":[{"taxonomy":"product_brand","embeddable":true,"href":"https:\/\/evercleaneesti.ee\/lt\/wp-json\/wp\/v2\/product_brand?post=2952"},{"taxonomy":"product_cat","embeddable":true,"href":"https:\/\/evercleaneesti.ee\/lt\/wp-json\/wp\/v2\/product_cat?post=2952"},{"taxonomy":"product_tag","embeddable":true,"href":"https:\/\/evercleaneesti.ee\/lt\/wp-json\/wp\/v2\/product_tag?post=2952"}],"curies":[{"name":"wp","href":"https:\/\/api.w.org\/{rel}","templated":true}]}}