{"id":2968,"date":"2024-05-15T13:48:28","date_gmt":"2024-05-15T10:48:28","guid":{"rendered":"https:\/\/evercleaneesti.ee\/?post_type=product&#038;p=2968"},"modified":"2025-09-24T15:57:47","modified_gmt":"2025-09-24T12:57:47","slug":"litter-lifter-handy-holder","status":"publish","type":"product","link":"https:\/\/evercleaneesti.ee\/lt\/produktas\/litter-lifter-handy-holder\/","title":{"rendered":"Vada Keltuvai Patogus Laikiklis"},"content":{"rendered":"<p>Litter-Lifteri Handy-Holder pakub teie kassiliiva k\u00fchvlile mugavat ja esteetilist hoiustamist. Riputage see liivakastile, seinale v\u00f5i kasutage alust, et asetada see p\u00f5randale v\u00f5i riiulile. Mitmek\u00fclgne ja valmistatud samast vastupidavast plastikust nagu meie k\u00fchvlid. Sobib ka meie Beamer\u2122-ile ning enamikule keskmistele ja paljudele suurtele kassiliiva k\u00fchvlitele.<\/p>","protected":false},"excerpt":{"rendered":"<p>Vada-Lifter Patogu-Tur\u0117tojui suteikia savo kassiliiv ne komforto ir estetikos saugojimas<\/p>","protected":false},"featured_media":2879,"comment_status":"closed","ping_status":"closed","template":"","meta":{"_kadence_starter_templates_imported_post":false,"_kad_post_transparent":"default","_kad_post_title":"","_kad_post_layout":"default","_kad_post_sidebar_id":"","_kad_post_content_style":"default","_kad_post_vertical_padding":"default","_kad_post_feature":"","_kad_post_feature_position":"","_kad_post_header":false,"_kad_post_footer":false,"_kad_post_classname":""},"product_brand":[66],"product_cat":[32],"product_tag":[],"class_list":{"0":"post-2968","1":"product","2":"type-product","3":"status-publish","4":"has-post-thumbnail","6":"product_brand-litter-lifter","7":"product_cat-kuhvel","8":"pa_handy-holder-varv-apelsin","9":"pa_handy-holder-varv-helesinine","10":"pa_handy-holder-varv-ingver","11":"pa_handy-holder-varv-juhuslik","12":"pa_handy-holder-varv-kevaderoheline","13":"pa_handy-holder-varv-lilla","14":"pa_handy-holder-varv-rukkilillesinine","15":"pa_handy-holder-varv-valge","17":"first","18":"instock","19":"sale","20":"taxable","21":"shipping-taxable","22":"purchasable","23":"product-type-variable","24":"entry","25":"content-bg","26":"loop-entry"},"_links":{"self":[{"href":"https:\/\/evercleaneesti.ee\/lt\/wp-json\/wp\/v2\/product\/2968","targetHints":{"allow":["GET"]}}],"collection":[{"href":"https:\/\/evercleaneesti.ee\/lt\/wp-json\/wp\/v2\/product"}],"about":[{"href":"https:\/\/evercleaneesti.ee\/lt\/wp-json\/wp\/v2\/types\/product"}],"replies":[{"embeddable":true,"href":"https:\/\/evercleaneesti.ee\/lt\/wp-json\/wp\/v2\/comments?post=2968"}],"wp:featuredmedia":[{"embeddable":true,"href":"https:\/\/evercleaneesti.ee\/lt\/wp-json\/wp\/v2\/media\/2879"}],"wp:attachment":[{"href":"https:\/\/evercleaneesti.ee\/lt\/wp-json\/wp\/v2\/media?parent=2968"}],"wp:term":[{"taxonomy":"product_brand","embeddable":true,"href":"https:\/\/evercleaneesti.ee\/lt\/wp-json\/wp\/v2\/product_brand?post=2968"},{"taxonomy":"product_cat","embeddable":true,"href":"https:\/\/evercleaneesti.ee\/lt\/wp-json\/wp\/v2\/product_cat?post=2968"},{"taxonomy":"product_tag","embeddable":true,"href":"https:\/\/evercleaneesti.ee\/lt\/wp-json\/wp\/v2\/product_tag?post=2968"}],"curies":[{"name":"wp","href":"https:\/\/api.w.org\/{rel}","templated":true}]}}