{"id":1529,"date":"2020-11-28T09:05:38","date_gmt":"2020-11-28T09:05:38","guid":{"rendered":"https:\/\/wordpress-486734-1610623.cloudwaysapps.com\/?page_id=1529"},"modified":"2023-12-10T00:02:25","modified_gmt":"2023-12-09T22:02:25","slug":"meist","status":"publish","type":"page","link":"https:\/\/evercleaneesti.ee\/lv\/meist\/","title":{"rendered":"Par mums"},"content":{"rendered":"<style>.kb-row-layout-id1529_0b4209-f9 > .kt-row-column-wrap{align-content:start;}:where(.kb-row-layout-id1529_0b4209-f9 > .kt-row-column-wrap) > .wp-block-kadence-column{justify-content:start;}.kb-row-layout-id1529_0b4209-f9 > .kt-row-column-wrap{column-gap:var(--global-kb-gap-md, 2rem);row-gap:var(--global-kb-gap-md, 2rem);max-width:600px;margin-left:auto;margin-right:auto;padding-top:95px;padding-right:10px;padding-bottom:50px;padding-left:10px;grid-template-columns:minmax(0, 1fr);}.kb-row-layout-id1529_0b4209-f9 > .kt-row-layout-overlay{opacity:0.30;}@media all and (max-width: 1024px){.kb-row-layout-id1529_0b4209-f9 > .kt-row-column-wrap{grid-template-columns:minmax(0, 1fr);}}@media all and (max-width: 767px){.kb-row-layout-id1529_0b4209-f9 > .kt-row-column-wrap{grid-template-columns:minmax(0, 1fr);}}<\/style><div class=\"kb-row-layout-wrap kb-row-layout-id1529_0b4209-f9 alignnone wp-block-kadence-rowlayout\"><div class=\"kt-row-column-wrap kt-has-1-columns kt-row-layout-equal kt-tab-layout-inherit kt-mobile-layout-row kt-row-valign-top\">\n<style>.kadence-column1529_3f5aa8-1d > .kt-inside-inner-col,.kadence-column1529_3f5aa8-1d > .kt-inside-inner-col:before{border-top-left-radius:0px;border-top-right-radius:0px;border-bottom-right-radius:0px;border-bottom-left-radius:0px;}.kadence-column1529_3f5aa8-1d > .kt-inside-inner-col{column-gap:var(--global-kb-gap-sm, 1rem);}.kadence-column1529_3f5aa8-1d > .kt-inside-inner-col{flex-direction:column;}.kadence-column1529_3f5aa8-1d > .kt-inside-inner-col > .aligncenter{width:100%;}.kadence-column1529_3f5aa8-1d > .kt-inside-inner-col:before{opacity:0.3;}.kadence-column1529_3f5aa8-1d{position:relative;}.kadence-column1529_3f5aa8-1d, .kt-inside-inner-col > .kadence-column1529_3f5aa8-1d:not(.specificity){margin-top:0px;margin-right:0px;margin-bottom:0px;margin-left:0px;}@media all and (max-width: 1024px){.kadence-column1529_3f5aa8-1d > .kt-inside-inner-col{flex-direction:column;justify-content:center;}}@media all and (max-width: 767px){.kadence-column1529_3f5aa8-1d > .kt-inside-inner-col{flex-direction:column;justify-content:center;}}<\/style>\n<div class=\"wp-block-kadence-column kadence-column1529_3f5aa8-1d inner-column-1\"><div class=\"kt-inside-inner-col\"><style>.wp-block-kadence-advancedheading.kt-adv-heading1529_d52300-16, .wp-block-kadence-advancedheading.kt-adv-heading1529_d52300-16[data-kb-block=\"kb-adv-heading1529_d52300-16\"]{margin-bottom:40px;text-align:center;font-weight:normal;font-style:normal;}.wp-block-kadence-advancedheading.kt-adv-heading1529_d52300-16 mark.kt-highlight, .wp-block-kadence-advancedheading.kt-adv-heading1529_d52300-16[data-kb-block=\"kb-adv-heading1529_d52300-16\"] mark.kt-highlight{font-weight:normal;font-style:normal;color:#f76a0c;-webkit-box-decoration-break:clone;box-decoration-break:clone;padding-top:0px;padding-right:0px;padding-bottom:0px;padding-left:0px;}.wp-block-kadence-advancedheading.kt-adv-heading1529_d52300-16 img.kb-inline-image, .wp-block-kadence-advancedheading.kt-adv-heading1529_d52300-16[data-kb-block=\"kb-adv-heading1529_d52300-16\"] img.kb-inline-image{width:150px;vertical-align:baseline;}<\/style>\n<h1 class=\"kt-adv-heading1529_d52300-16 wp-block-kadence-advancedheading\" data-kb-block=\"kb-adv-heading1529_d52300-16\">Meist<\/h1>\n\n\n<style>.wp-block-kadence-advancedheading.kt-adv-heading1529_af1091-e4, .wp-block-kadence-advancedheading.kt-adv-heading1529_af1091-e4[data-kb-block=\"kb-adv-heading1529_af1091-e4\"]{text-align:center;font-weight:normal;font-style:normal;}.wp-block-kadence-advancedheading.kt-adv-heading1529_af1091-e4 mark.kt-highlight, .wp-block-kadence-advancedheading.kt-adv-heading1529_af1091-e4[data-kb-block=\"kb-adv-heading1529_af1091-e4\"] mark.kt-highlight{font-weight:normal;font-style:normal;color:#f76a0c;-webkit-box-decoration-break:clone;box-decoration-break:clone;padding-top:0px;padding-right:0px;padding-bottom:0px;padding-left:0px;}.wp-block-kadence-advancedheading.kt-adv-heading1529_af1091-e4 img.kb-inline-image, .wp-block-kadence-advancedheading.kt-adv-heading1529_af1091-e4[data-kb-block=\"kb-adv-heading1529_af1091-e4\"] img.kb-inline-image{width:150px;vertical-align:baseline;}<\/style>\n<p class=\"kt-adv-heading1529_af1091-e4 wp-block-kadence-advancedheading\" data-kb-block=\"kb-adv-heading1529_af1091-e4\">Ever Clean kassiliiva tootmist alustati aastal 1987. Tegemist oli esimese paakuva kassiliivaga USA-s, mis muutis kassiliiva turgu revolutsiooniliselt.<\/p>\n<\/div><\/div>\n\n<\/div><\/div>\n\n<style>.kb-row-layout-wrap.wp-block-kadence-rowlayout.kb-row-layout-id1529_e1f116-20{margin-top:60px;margin-bottom:0px;}.kb-row-layout-id1529_e1f116-20 > .kt-row-column-wrap{align-content:center;}:where(.kb-row-layout-id1529_e1f116-20 > .kt-row-column-wrap) > .wp-block-kadence-column{justify-content:center;}.kb-row-layout-id1529_e1f116-20 > .kt-row-column-wrap{column-gap:var(--global-kb-gap-md, 2rem);row-gap:var(--global-kb-gap-md, 2rem);max-width:1242px;margin-left:auto;margin-right:auto;padding-top:0px;padding-right:10px;padding-bottom:0px;padding-left:10px;grid-template-columns:minmax(0, 1fr) minmax(0, 2fr);}.kb-row-layout-id1529_e1f116-20 > .kt-row-layout-overlay{opacity:0.30;}@media all and (max-width: 1024px){.kb-row-layout-id1529_e1f116-20 > .kt-row-column-wrap{grid-template-columns:minmax(0, 1fr) minmax(0, 2fr);}}@media all and (max-width: 767px){.kb-row-layout-id1529_e1f116-20 > .kt-row-column-wrap{grid-template-columns:minmax(0, 1fr);}}<\/style><div class=\"kb-row-layout-wrap kb-row-layout-id1529_e1f116-20 alignnone wp-block-kadence-rowlayout\"><div class=\"kt-row-column-wrap kt-has-2-columns kt-row-layout-right-golden kt-tab-layout-inherit kt-mobile-layout-row kt-row-valign-middle\">\n<style>.kadence-column1529_6a66cd-7b > .kt-inside-inner-col,.kadence-column1529_6a66cd-7b > .kt-inside-inner-col:before{border-top-left-radius:0px;border-top-right-radius:0px;border-bottom-right-radius:0px;border-bottom-left-radius:0px;}.kadence-column1529_6a66cd-7b > .kt-inside-inner-col{column-gap:var(--global-kb-gap-sm, 1rem);}.kadence-column1529_6a66cd-7b > .kt-inside-inner-col{flex-direction:column;}.kadence-column1529_6a66cd-7b > .kt-inside-inner-col > .aligncenter{width:100%;}.kadence-column1529_6a66cd-7b > .kt-inside-inner-col:before{opacity:0.3;}.kadence-column1529_6a66cd-7b{position:relative;}.kadence-column1529_6a66cd-7b, .kt-inside-inner-col > .kadence-column1529_6a66cd-7b:not(.specificity){margin-right:30px;}@media all and (max-width: 1024px){.kadence-column1529_6a66cd-7b > .kt-inside-inner-col{flex-direction:column;justify-content:center;}}@media all and (max-width: 1024px){.kadence-column1529_6a66cd-7b, .kt-inside-inner-col > .kadence-column1529_6a66cd-7b:not(.specificity){margin-right:1px;}}@media all and (max-width: 767px){.kadence-column1529_6a66cd-7b > .kt-inside-inner-col{padding-right:20px;padding-left:20px;flex-direction:column;justify-content:center;}.kadence-column1529_6a66cd-7b, .kt-inside-inner-col > .kadence-column1529_6a66cd-7b:not(.specificity){margin-right:1px;}}<\/style>\n<div class=\"wp-block-kadence-column kadence-column1529_6a66cd-7b inner-column-1\"><div class=\"kt-inside-inner-col\"><style>.wp-block-kadence-advancedgallery.kb-gallery-wrap-id-1529_1b402e-68{margin-top:0px;margin-right:0px;margin-bottom:0px;margin-left:0px;}.wp-block-kadence-advancedgallery .kb-gallery-type-masonry.kb-gallery-id-1529_1b402e-68{margin:-5px;}.kb-gallery-type-masonry.kb-gallery-id-1529_1b402e-68 .kadence-blocks-gallery-item{padding:5px;}.kb-gallery-id-1529_1b402e-68 .kadence-blocks-gallery-item .kb-gal-image-radius, .kb-gallery-id-1529_1b402e-68 .kb-slide-item .kb-gal-image-radius img{border-radius:6px 6px 6px 6px;;}@media all and (max-width: 767px){.wp-block-kadence-advancedgallery .kb-gallery-type-masonry.kb-gallery-id-1529_1b402e-68{margin:-0px;}.kb-gallery-type-masonry.kb-gallery-id-1529_1b402e-68 .kadence-blocks-gallery-item{padding:0px;}}<\/style><div class=\"kb-gallery-wrap-id-1529_1b402e-68 alignnone wp-block-kadence-advancedgallery\"><ul class=\"kb-gallery-ul kb-gallery-non-static kb-gallery-type-masonry kb-masonry-init kb-gallery-id-1529_1b402e-68 kb-gallery-caption-style-bottom-hover kb-gallery-filter-none\" data-image-filter=\"none\" data-item-selector=\".kadence-blocks-gallery-item\" data-lightbox-caption=\"true\" data-columns-xxl=\"1\" data-columns-xl=\"1\" data-columns-md=\"1\" data-columns-sm=\"1\" data-columns-xs=\"1\" data-columns-ss=\"1\"><li class=\"kadence-blocks-gallery-item\" tabindex=\"0\"><div class=\"kadence-blocks-gallery-item-inner\"><figure class=\"kb-gallery-figure kadence-blocks-gallery-item-hide-caption\"><div class=\"kb-gal-image-radius\" style=\"max-width:513px;\"><div class=\"kb-gallery-image-contain kadence-blocks-gallery-intrinsic\" style=\"padding-bottom:124%;\"><img loading=\"lazy\" decoding=\"async\" src=\"http:\/\/evercleaneesti.ee\/failid\/2022\/03\/product-cat.webp\" width=\"513\" height=\"639\" alt=\"Ever Clean P\u00e4rsia pikakarvaline kass\" data-full-image=\"http:\/\/evercleaneesti.ee\/failid\/2022\/03\/product-cat.webp\" data-light-image=\"http:\/\/evercleaneesti.ee\/failid\/2022\/03\/product-cat.webp\" data-id=\"10\" class=\"wp-image-10\" srcset=\"https:\/\/evercleaneesti.ee\/failid\/2022\/03\/product-cat.webp 513w, https:\/\/evercleaneesti.ee\/failid\/2022\/03\/product-cat-241x300.webp 241w\" sizes=\"auto, (max-width: 513px) 100vw, 513px\" \/><\/div><\/div><\/figure><\/div><\/li><\/ul><\/div><\/div><\/div>\n\n\n<style>.kadence-column1529_5e47e1-ea > .kt-inside-inner-col,.kadence-column1529_5e47e1-ea > .kt-inside-inner-col:before{border-top-left-radius:0px;border-top-right-radius:0px;border-bottom-right-radius:0px;border-bottom-left-radius:0px;}.kadence-column1529_5e47e1-ea > .kt-inside-inner-col{column-gap:var(--global-kb-gap-sm, 1rem);}.kadence-column1529_5e47e1-ea > .kt-inside-inner-col{flex-direction:column;}.kadence-column1529_5e47e1-ea > .kt-inside-inner-col > .aligncenter{width:100%;}.kadence-column1529_5e47e1-ea > .kt-inside-inner-col:before{opacity:0.3;}.kadence-column1529_5e47e1-ea{position:relative;}.kadence-column1529_5e47e1-ea, .kt-inside-inner-col > .kadence-column1529_5e47e1-ea:not(.specificity){margin-left:40px;}@media all and (max-width: 1024px){.kadence-column1529_5e47e1-ea > .kt-inside-inner-col{flex-direction:column;justify-content:center;}}@media all and (max-width: 767px){.kadence-column1529_5e47e1-ea > .kt-inside-inner-col{flex-direction:column;justify-content:center;}}<\/style>\n<div class=\"wp-block-kadence-column kadence-column1529_5e47e1-ea inner-column-2\"><div class=\"kt-inside-inner-col\"><style>.wp-block-kadence-advancedheading.kt-adv-heading1529_cf0277-23, .wp-block-kadence-advancedheading.kt-adv-heading1529_cf0277-23[data-kb-block=\"kb-adv-heading1529_cf0277-23\"]{margin-bottom:30px;font-weight:normal;font-style:normal;}.wp-block-kadence-advancedheading.kt-adv-heading1529_cf0277-23 mark.kt-highlight, .wp-block-kadence-advancedheading.kt-adv-heading1529_cf0277-23[data-kb-block=\"kb-adv-heading1529_cf0277-23\"] mark.kt-highlight{font-weight:normal;font-style:normal;color:#f76a0c;-webkit-box-decoration-break:clone;box-decoration-break:clone;padding-top:0px;padding-right:0px;padding-bottom:0px;padding-left:0px;}.wp-block-kadence-advancedheading.kt-adv-heading1529_cf0277-23 img.kb-inline-image, .wp-block-kadence-advancedheading.kt-adv-heading1529_cf0277-23[data-kb-block=\"kb-adv-heading1529_cf0277-23\"] img.kb-inline-image{width:150px;vertical-align:baseline;}<\/style>\n<h3 class=\"kt-adv-heading1529_cf0277-23 wp-block-kadence-advancedheading\" data-kb-block=\"kb-adv-heading1529_cf0277-23\">Meie alustasime<\/h3>\n\n\n\n<p>&#8230; Ever Clean kassiliiva Eestisse maale toomist USA tehasest 1998. aastal. 2000 aastast alates tuleb kaup Hollandist, kus avati Euroopa turu tarbeks Hollandis uus tehas. Ever Clean kassiliiva koostise j\u00e4rjepidev areng t\u00f5i 2006 aasta turule ainulaadse ja patenteeritud l\u00f5hnade eemaldamise tehnoloogia Carbon Plusi. Kassiliiv sai 2015. aastal veelgi uuema t\u00e4iustuse oma liiva kooslusele. Tulemuseks on \u00fcletamatu paakumisv\u00f5ime ja maksimaalne l\u00f5hnakontroll. See ainulaadne tehnoloogia teeb Ever Clean kassiliiva \u00fcheks parimaks saadaolevaks kassiliivaks.<\/p>\n<\/div><\/div>\n\n<\/div><\/div>\n\n<style>.kb-row-layout-id1529_1da4a7-44 > .kt-row-column-wrap{align-content:start;}:where(.kb-row-layout-id1529_1da4a7-44 > .kt-row-column-wrap) > .wp-block-kadence-column{justify-content:start;}.kb-row-layout-id1529_1da4a7-44 > .kt-row-column-wrap{column-gap:var(--global-kb-gap-md, 2rem);row-gap:var(--global-kb-gap-md, 2rem);max-width:600px;margin-left:auto;margin-right:auto;padding-top:120px;padding-right:10px;padding-bottom:50px;padding-left:10px;grid-template-columns:minmax(0, 1fr);}.kb-row-layout-id1529_1da4a7-44{background-image:linear-gradient(135deg,rgb(6,147,227) 0%,var(--global-palette3,#13294b) 100%);}.kb-row-layout-id1529_1da4a7-44 > .kt-row-layout-overlay{opacity:0.30;}.kb-row-layout-id1529_1da4a7-44 ,.kb-row-layout-id1529_1da4a7-44 h1,.kb-row-layout-id1529_1da4a7-44 h2,.kb-row-layout-id1529_1da4a7-44 h3,.kb-row-layout-id1529_1da4a7-44 h4,.kb-row-layout-id1529_1da4a7-44 h5,.kb-row-layout-id1529_1da4a7-44 h6{color:var(--global-palette8, #F7FAFC);}.kb-row-layout-id1529_1da4a7-44 .kt-row-layout-bottom-sep{height:100px;}.kb-row-layout-id1529_1da4a7-44 .kt-row-layout-bottom-sep svg{width:100%;}.kb-row-layout-id1529_1da4a7-44 .kt-row-layout-bottom-sep svg{fill:#ffffff!important;}.kb-row-layout-id1529_1da4a7-44 .kt-row-layout-top-sep{height:70px;}.kb-row-layout-id1529_1da4a7-44 .kt-row-layout-top-sep svg{width:100%;}.kb-row-layout-id1529_1da4a7-44 .kt-row-layout-top-sep svg{fill:#ffffff!important;}@media all and (max-width: 1024px){.kb-row-layout-id1529_1da4a7-44 > .kt-row-column-wrap{grid-template-columns:minmax(0, 1fr);}}@media all and (max-width: 1024px){.kb-row-layout-id1529_1da4a7-44 .kt-row-layout-bottom-sep{height:px;}}@media all and (max-width: 1024px){.kb-row-layout-id1529_1da4a7-44 .kt-row-layout-bottom-sep svg{width:%;}}@media all and (max-width: 767px){.kb-row-layout-id1529_1da4a7-44 > .kt-row-column-wrap{grid-template-columns:minmax(0, 1fr);}.kb-row-layout-id1529_1da4a7-44 .kt-row-layout-bottom-sep{height:px;}.kb-row-layout-id1529_1da4a7-44 .kt-row-layout-bottom-sep svg{width:%;}}<\/style><div class=\"kb-row-layout-wrap kb-row-layout-id1529_1da4a7-44 alignnone has-theme-palette8-background-color kt-row-has-bg wp-block-kadence-rowlayout\"><div class=\"kt-row-layout-top-sep kt-row-sep-type-ctdi\"><svg viewBox=\"0 0 1000 100\" preserveAspectRatio=\"none\"><path d=\"M500,2l500,78l0,20l-1000,0l0,-20l500,-78Z\" style=\"opacity: 0.4\" \/><path d=\"M500,2l500,98l-1000,0l500,-98Z\" \/><\/svg><\/div><div class=\"kt-row-column-wrap kt-has-1-columns kt-row-layout-equal kt-tab-layout-inherit kt-mobile-layout-row kt-row-valign-top\">\n<style>.kadence-column1529_bd1ef5-b9 > .kt-inside-inner-col,.kadence-column1529_bd1ef5-b9 > .kt-inside-inner-col:before{border-top-left-radius:0px;border-top-right-radius:0px;border-bottom-right-radius:0px;border-bottom-left-radius:0px;}.kadence-column1529_bd1ef5-b9 > .kt-inside-inner-col{column-gap:var(--global-kb-gap-sm, 1rem);}.kadence-column1529_bd1ef5-b9 > .kt-inside-inner-col{flex-direction:column;}.kadence-column1529_bd1ef5-b9 > .kt-inside-inner-col > .aligncenter{width:100%;}.kadence-column1529_bd1ef5-b9 > .kt-inside-inner-col:before{opacity:0.3;}.kadence-column1529_bd1ef5-b9{position:relative;}@media all and (max-width: 1024px){.kadence-column1529_bd1ef5-b9 > .kt-inside-inner-col{flex-direction:column;justify-content:center;}}@media all and (max-width: 767px){.kadence-column1529_bd1ef5-b9 > .kt-inside-inner-col{flex-direction:column;justify-content:center;}}<\/style>\n<div class=\"wp-block-kadence-column kadence-column1529_bd1ef5-b9 inner-column-1\"><div class=\"kt-inside-inner-col\"><style>.wp-block-kadence-advancedheading.kt-adv-heading1529_00e8a5-c0, .wp-block-kadence-advancedheading.kt-adv-heading1529_00e8a5-c0[data-kb-block=\"kb-adv-heading1529_00e8a5-c0\"]{margin-bottom:30px;text-align:center;line-height:30px;font-weight:normal;font-style:normal;}.wp-block-kadence-advancedheading.kt-adv-heading1529_00e8a5-c0 mark.kt-highlight, .wp-block-kadence-advancedheading.kt-adv-heading1529_00e8a5-c0[data-kb-block=\"kb-adv-heading1529_00e8a5-c0\"] mark.kt-highlight{font-weight:normal;font-style:normal;color:#f76a0c;-webkit-box-decoration-break:clone;box-decoration-break:clone;padding-top:0px;padding-right:0px;padding-bottom:0px;padding-left:0px;}.wp-block-kadence-advancedheading.kt-adv-heading1529_00e8a5-c0 img.kb-inline-image, .wp-block-kadence-advancedheading.kt-adv-heading1529_00e8a5-c0[data-kb-block=\"kb-adv-heading1529_00e8a5-c0\"] img.kb-inline-image{width:150px;vertical-align:baseline;}<\/style>\n<h2 class=\"kt-adv-heading1529_00e8a5-c0 wp-block-kadence-advancedheading\" data-kb-block=\"kb-adv-heading1529_00e8a5-c0\">Kas teadsid, et Ever Clean on k\u00f5rgkvaliteetne liiv!<\/h2>\n\n\n<style>.wp-block-kadence-advancedheading.kt-adv-heading1529_c76948-ea, .wp-block-kadence-advancedheading.kt-adv-heading1529_c76948-ea[data-kb-block=\"kb-adv-heading1529_c76948-ea\"]{text-align:center;font-weight:normal;font-style:normal;}.wp-block-kadence-advancedheading.kt-adv-heading1529_c76948-ea mark.kt-highlight, .wp-block-kadence-advancedheading.kt-adv-heading1529_c76948-ea[data-kb-block=\"kb-adv-heading1529_c76948-ea\"] mark.kt-highlight{font-weight:normal;font-style:normal;color:#f76a0c;-webkit-box-decoration-break:clone;box-decoration-break:clone;padding-top:0px;padding-right:0px;padding-bottom:0px;padding-left:0px;}.wp-block-kadence-advancedheading.kt-adv-heading1529_c76948-ea img.kb-inline-image, .wp-block-kadence-advancedheading.kt-adv-heading1529_c76948-ea[data-kb-block=\"kb-adv-heading1529_c76948-ea\"] img.kb-inline-image{width:150px;vertical-align:baseline;}<\/style>\n<p class=\"kt-adv-heading1529_c76948-ea wp-block-kadence-advancedheading\" data-kb-block=\"kb-adv-heading1529_c76948-ea\">Ning tema peamiseks erip\u00e4raks v\u00f5rreldes teiste liivadega on&nbsp;m\u00e4rgatavalt suurem vedeliku imamis- ja paakumisv\u00f5ime. T\u00e4nu heale paakumisele on&nbsp;liiva kulu&nbsp;ja ebameeldiva l\u00f5hna teke v\u00f5rreldes teiste paakuvate liivadega v\u00e4iksem.<\/p>\n\n\n<style>.wp-block-kadence-advancedbtn.kb-btns1529_1e875c-98{gap:var(--global-kb-gap-xs, 0.5rem );justify-content:center;align-items:center;}.kt-btns1529_1e875c-98 .kt-button{font-weight:normal;font-style:normal;}<\/style>\n<div class=\"wp-block-kadence-advancedbtn kb-buttons-wrap kb-btns1529_1e875c-98\"><style>ul.menu .wp-block-kadence-advancedbtn .kb-btn1529_97cb69-53.kb-button{width:initial;}.wp-block-kadence-advancedbtn .kb-btn1529_97cb69-53.kb-button{color:#ffffff;background:var(--global-palette1, #3182CE);font-size:14px;border-top-left-radius:6px;border-top-right-radius:6px;border-bottom-right-radius:6px;border-bottom-left-radius:6px;border-top:0px solid rgba(85, 85, 85, 0.04);border-right:0px solid rgba(85, 85, 85, 0.04);border-bottom:0px solid rgba(85, 85, 85, 0.04);border-left:0px solid rgba(85, 85, 85, 0.04);padding-top:14px;padding-right:30px;padding-bottom:14px;padding-left:30px;}.wp-block-kadence-advancedbtn .kb-btn1529_97cb69-53.kb-button:hover, .wp-block-kadence-advancedbtn .kb-btn1529_97cb69-53.kb-button:focus{color:#ffffff;background:var(--global-palette2, #2B6CB0);border-top-color:rgba(68, 68, 68, 0);border-top-style:solid;border-right-color:rgba(68, 68, 68, 0);border-right-style:solid;border-bottom-color:rgba(68, 68, 68, 0);border-bottom-style:solid;border-left-color:rgba(68, 68, 68, 0);border-left-style:solid;}@media all and (max-width: 1024px){.wp-block-kadence-advancedbtn .kb-btn1529_97cb69-53.kb-button{border-top:0px solid rgba(85, 85, 85, 0.04);border-right:0px solid rgba(85, 85, 85, 0.04);border-bottom:0px solid rgba(85, 85, 85, 0.04);border-left:0px solid rgba(85, 85, 85, 0.04);}}@media all and (max-width: 1024px){.wp-block-kadence-advancedbtn .kb-btn1529_97cb69-53.kb-button:hover, .wp-block-kadence-advancedbtn .kb-btn1529_97cb69-53.kb-button:focus{border-top-color:rgba(68, 68, 68, 0);border-top-style:solid;border-right-color:rgba(68, 68, 68, 0);border-right-style:solid;border-bottom-color:rgba(68, 68, 68, 0);border-bottom-style:solid;border-left-color:rgba(68, 68, 68, 0);border-left-style:solid;}}@media all and (max-width: 767px){.wp-block-kadence-advancedbtn .kb-btn1529_97cb69-53.kb-button{border-top:0px solid rgba(85, 85, 85, 0.04);border-right:0px solid rgba(85, 85, 85, 0.04);border-bottom:0px solid rgba(85, 85, 85, 0.04);border-left:0px solid rgba(85, 85, 85, 0.04);}.wp-block-kadence-advancedbtn .kb-btn1529_97cb69-53.kb-button:hover, .wp-block-kadence-advancedbtn .kb-btn1529_97cb69-53.kb-button:focus{border-top-color:rgba(68, 68, 68, 0);border-top-style:solid;border-right-color:rgba(68, 68, 68, 0);border-right-style:solid;border-bottom-color:rgba(68, 68, 68, 0);border-bottom-style:solid;border-left-color:rgba(68, 68, 68, 0);border-left-style:solid;}}<\/style><a class=\"kb-button kt-button button kb-btn1529_97cb69-53 kt-btn-size-standard kt-btn-width-type-auto kb-btn-global-fill  kt-btn-has-text-true kt-btn-has-svg-false  wp-block-kadence-singlebtn\" href=\"https:\/\/evercleaneesti.ee\/kassiliiva-e-pood\/\"><span class=\"kt-btn-inner-text\">Telli kohe!<\/span><\/a><\/div>\n<\/div><\/div>\n\n<\/div><\/div>\n\n\n<p><\/p>\n","protected":false},"excerpt":{"rendered":"<p>Meist Ever Clean kassiliiva tootmist alustati aastal 1987. Tegemist oli esimese paakuva kassiliivaga USA-s, mis muutis kassiliiva turgu revolutsiooniliselt. Meie alustasime &#8230; Ever Clean kassiliiva Eestisse maale toomist USA tehasest 1998. aastal. 2000 aastast alates tuleb kaup Hollandist, kus avati Euroopa turu tarbeks Hollandis uus tehas. Ever Clean kassiliiva koostise j\u00e4rjepidev areng t\u00f5i 2006 aasta&#8230;<\/p>","protected":false},"author":1,"featured_media":0,"parent":0,"menu_order":0,"comment_status":"closed","ping_status":"closed","template":"","meta":{"_kadence_starter_templates_imported_post":true,"_kad_post_transparent":"","_kad_post_title":"hide","_kad_post_layout":"fullwidth","_kad_post_sidebar_id":"","_kad_post_content_style":"unboxed","_kad_post_vertical_padding":"hide","_kad_post_feature":"hide","_kad_post_feature_position":"","_kad_post_header":false,"_kad_post_footer":false,"_kad_post_classname":"","footnotes":""},"class_list":["post-1529","page","type-page","status-publish","hentry"],"_links":{"self":[{"href":"https:\/\/evercleaneesti.ee\/lv\/wp-json\/wp\/v2\/pages\/1529","targetHints":{"allow":["GET"]}}],"collection":[{"href":"https:\/\/evercleaneesti.ee\/lv\/wp-json\/wp\/v2\/pages"}],"about":[{"href":"https:\/\/evercleaneesti.ee\/lv\/wp-json\/wp\/v2\/types\/page"}],"author":[{"embeddable":true,"href":"https:\/\/evercleaneesti.ee\/lv\/wp-json\/wp\/v2\/users\/1"}],"replies":[{"embeddable":true,"href":"https:\/\/evercleaneesti.ee\/lv\/wp-json\/wp\/v2\/comments?post=1529"}],"version-history":[{"count":5,"href":"https:\/\/evercleaneesti.ee\/lv\/wp-json\/wp\/v2\/pages\/1529\/revisions"}],"predecessor-version":[{"id":2639,"href":"https:\/\/evercleaneesti.ee\/lv\/wp-json\/wp\/v2\/pages\/1529\/revisions\/2639"}],"wp:attachment":[{"href":"https:\/\/evercleaneesti.ee\/lv\/wp-json\/wp\/v2\/media?parent=1529"}],"curies":[{"name":"wp","href":"https:\/\/api.w.org\/{rel}","templated":true}]}}