{"id":1731,"date":"2020-11-30T12:35:28","date_gmt":"2020-11-30T12:35:28","guid":{"rendered":"https:\/\/wordpress-486734-1610623.cloudwaysapps.com\/?page_id=1731"},"modified":"2022-12-15T23:19:05","modified_gmt":"2022-12-15T21:19:05","slug":"kontakt","status":"publish","type":"page","link":"https:\/\/evercleaneesti.ee\/lv\/kontakt\/","title":{"rendered":"Sazinieties ar"},"content":{"rendered":"<style>#kt-layout-id_ba0d6c-e1 > .kt-row-column-wrap{align-content:start;}:where(#kt-layout-id_ba0d6c-e1 > .kt-row-column-wrap) > .wp-block-kadence-column{justify-content:start;}#kt-layout-id_ba0d6c-e1 > .kt-row-column-wrap{column-gap:var(--global-kb-gap-md, 2rem);row-gap:var(--global-kb-gap-md, 2rem);max-width:600px;margin-left:auto;margin-right:auto;padding-top:var( --global-kb-row-default-top, 25px );padding-bottom:var( --global-kb-row-default-bottom, 25px );padding-top:90px;padding-bottom:50px;padding-left:10px;padding-right:10px;grid-template-columns:minmax(0, 1fr);}#kt-layout-id_ba0d6c-e1 > .kt-row-layout-overlay{opacity:0.30;}@media all and (max-width: 1024px){#kt-layout-id_ba0d6c-e1 > .kt-row-column-wrap{grid-template-columns:minmax(0, 1fr);}}@media all and (max-width: 767px){#kt-layout-id_ba0d6c-e1 > .kt-row-column-wrap{grid-template-columns:minmax(0, 1fr);}}<\/style>\n<div class=\"wp-block-kadence-rowlayout alignnone\"><div id=\"kt-layout-id_ba0d6c-e1\" class=\"kt-row-layout-inner kt-layout-id_ba0d6c-e1\"><div class=\"kt-row-column-wrap kt-has-1-columns kt-gutter-default kt-v-gutter-default kt-row-valign-top kt-row-layout-equal kt-tab-layout-inherit kt-m-colapse-left-to-right kt-mobile-layout-row\"><style>.kadence-column_0428d3-25 > .kt-inside-inner-col{border-top-width:0px;border-right-width:0px;border-bottom-width:0px;border-left-width:0px;}.kadence-column_0428d3-25 > .kt-inside-inner-col,.kadence-column_0428d3-25 > .kt-inside-inner-col:before{border-top-left-radius:0px;border-top-right-radius:0px;border-bottom-right-radius:0px;border-bottom-left-radius:0px;}.kadence-column_0428d3-25 > .kt-inside-inner-col{column-gap:var(--global-kb-gap-sm, 1rem);}.kadence-column_0428d3-25 > .kt-inside-inner-col{flex-direction:column;}.kadence-column_0428d3-25 > .kt-inside-inner-col > .aligncenter{width:100%;}.kadence-column_0428d3-25 > .kt-inside-inner-col:before{opacity:0.3;}.kadence-column_0428d3-25{position:relative;}.wp-block-kadence-column.kadence-column_0428d3-25 > .kt-inside-inner-col{margin-top:10px;margin-right:0px;}@media all and (max-width: 1024px){.kadence-column_0428d3-25 > .kt-inside-inner-col{flex-direction:column;justify-content:center;}}@media all and (max-width: 767px){.kadence-column_0428d3-25 > .kt-inside-inner-col{flex-direction:column;justify-content:center;}}<\/style>\n<div class=\"wp-block-kadence-column inner-column-1 kadence-column_0428d3-25\"><div class=\"kt-inside-inner-col\"><style>.wp-block-kadence-advancedheading.kt-adv-heading_6e6f3c-7b, .wp-block-kadence-advancedheading.kt-adv-heading_6e6f3c-7b[data-kb-block=\"kb-adv-heading_6e6f3c-7b\"]{margin-bottom:50px;text-align:center;font-weight:normal;font-style:normal;}.wp-block-kadence-advancedheading.kt-adv-heading_6e6f3c-7b mark.kt-highlight, .wp-block-kadence-advancedheading.kt-adv-heading_6e6f3c-7b[data-kb-block=\"kb-adv-heading_6e6f3c-7b\"] mark.kt-highlight{font-weight:normal;font-style:normal;color:#f76a0c;-webkit-box-decoration-break:clone;box-decoration-break:clone;padding-top:0px;padding-right:0px;padding-bottom:0px;padding-left:0px;}.wp-block-kadence-advancedheading.kt-adv-heading_6e6f3c-7b img.kb-inline-image, .wp-block-kadence-advancedheading.kt-adv-heading_6e6f3c-7b[data-kb-block=\"kb-adv-heading_6e6f3c-7b\"] img.kb-inline-image{width:150px;vertical-align:baseline;}<\/style>\n<h1 class=\"kt-adv-heading_6e6f3c-7b wp-block-kadence-advancedheading\" data-kb-block=\"kb-adv-heading_6e6f3c-7b\">V\u00f5ta meiega \u00fchendust<\/h1>\n\n\n<style>.wp-block-kadence-advancedheading.kt-adv-heading_8f106d-2b, .wp-block-kadence-advancedheading.kt-adv-heading_8f106d-2b[data-kb-block=\"kb-adv-heading_8f106d-2b\"]{text-align:center;font-weight:normal;font-style:normal;}.wp-block-kadence-advancedheading.kt-adv-heading_8f106d-2b mark.kt-highlight, .wp-block-kadence-advancedheading.kt-adv-heading_8f106d-2b[data-kb-block=\"kb-adv-heading_8f106d-2b\"] mark.kt-highlight{font-weight:normal;font-style:normal;color:#f76a0c;-webkit-box-decoration-break:clone;box-decoration-break:clone;padding-top:0px;padding-right:0px;padding-bottom:0px;padding-left:0px;}.wp-block-kadence-advancedheading.kt-adv-heading_8f106d-2b img.kb-inline-image, .wp-block-kadence-advancedheading.kt-adv-heading_8f106d-2b[data-kb-block=\"kb-adv-heading_8f106d-2b\"] img.kb-inline-image{width:150px;vertical-align:baseline;}<\/style>\n<p class=\"kt-adv-heading_8f106d-2b wp-block-kadence-advancedheading\" data-kb-block=\"kb-adv-heading_8f106d-2b\">Soovid toodetest t\u00e4psemalt teada v\u00f5i soovid tellida, v\u00f5ta aga julgelt meiega \u00fchendust.<\/p>\n<\/div><\/div>\n<\/div><\/div><\/div>\n\n\n<style>#kt-layout-id_463539-65{margin-bottom:0px;}#kt-layout-id_463539-65 > .kt-row-column-wrap{align-content:start;}:where(#kt-layout-id_463539-65 > .kt-row-column-wrap) > .wp-block-kadence-column{justify-content:start;}#kt-layout-id_463539-65 > .kt-row-column-wrap{column-gap:var(--global-kb-gap-md, 2rem);row-gap:var(--global-kb-gap-md, 2rem);max-width:1242px;margin-left:auto;margin-right:auto;padding-top:var( --global-kb-row-default-top, 25px );padding-bottom:var( --global-kb-row-default-bottom, 25px );padding-top:20px;padding-bottom:40px;padding-left:0px;padding-right:0px;grid-template-columns:repeat(2, minmax(0, 1fr));}#kt-layout-id_463539-65 > .kt-row-layout-overlay{opacity:0.30;}#kt-layout-id_463539-65 > .kt-row-column-wrap{z-index:12;position:relative;}@media all and (max-width: 1024px){#kt-layout-id_463539-65 > .kt-row-column-wrap{grid-template-columns:minmax(0, 1fr);}}@media all and (max-width: 767px){#kt-layout-id_463539-65 > .kt-row-column-wrap{grid-template-columns:minmax(0, 1fr);}}<\/style>\n<div class=\"wp-block-kadence-rowlayout alignnone\"><div id=\"kt-layout-id_463539-65\" class=\"kt-row-layout-inner kt-layout-id_463539-65\"><div class=\"kt-row-column-wrap kt-has-2-columns kt-gutter-default kt-v-gutter-default kt-row-valign-top kt-row-layout-equal kt-tab-layout-row kt-m-colapse-left-to-right kt-mobile-layout-row\"><style>.kadence-column_61d87c-87 > .kt-inside-inner-col{box-shadow:0px 0px 70px 0px rgba(0, 0, 0, 0.08);border-color:var(--global-palette7, #EDF2F7);border-top-width:1px;border-right-width:1px;border-bottom-width:1px;border-left-width:1px;}.kadence-column_61d87c-87 > .kt-inside-inner-col,.kadence-column_61d87c-87 > .kt-inside-inner-col:before{border-top-left-radius:6px;border-top-right-radius:6px;border-bottom-right-radius:6px;border-bottom-left-radius:6px;}.kadence-column_61d87c-87 > .kt-inside-inner-col{column-gap:var(--global-kb-gap-sm, 1rem);}.kadence-column_61d87c-87 > .kt-inside-inner-col{flex-direction:column;}.kadence-column_61d87c-87 > .kt-inside-inner-col > .aligncenter{width:100%;}.kadence-column_61d87c-87 > .kt-inside-inner-col{background-color:var(--global-palette9, #ffffff);}.kadence-column_61d87c-87 > .kt-inside-inner-col:before{opacity:0.3;}.kadence-column_61d87c-87{position:relative;}.wp-block-kadence-column.kadence-column_61d87c-87 > .kt-inside-inner-col{margin-bottom:-100px;margin-right:10px;margin-left:10px;}@media all and (max-width: 1024px){.kadence-column_61d87c-87 > .kt-inside-inner-col{flex-direction:column;justify-content:center;}}@media all and (max-width: 1024px){.wp-block-kadence-column.kadence-column_61d87c-87 > .kt-inside-inner-col{margin-top:0px;margin-bottom:1px;margin-right:0px;margin-left:0px;}}@media all and (max-width: 767px){.kadence-column_61d87c-87 > .kt-inside-inner-col{flex-direction:column;justify-content:center;}.wp-block-kadence-column.kadence-column_61d87c-87 > .kt-inside-inner-col{margin-bottom:1px;}}<\/style>\n<div class=\"wp-block-kadence-column inner-column-1 kadence-column_61d87c-87\"><div class=\"kt-inside-inner-col\"><style>#kt-layout-id_ce8e53-a5{margin-top:0px;margin-bottom:0px;}#kt-layout-id_ce8e53-a5 > .kt-row-column-wrap{align-content:start;}:where(#kt-layout-id_ce8e53-a5 > .kt-row-column-wrap) > .wp-block-kadence-column{justify-content:start;}#kt-layout-id_ce8e53-a5 > .kt-row-column-wrap{column-gap:var(--global-kb-gap-md, 2rem);row-gap:var(--global-kb-gap-md, 2rem);padding-top:var( --global-kb-row-default-top, 25px );padding-bottom:var( --global-kb-row-default-bottom, 25px );padding-top:40px;padding-bottom:40px;padding-left:40px;padding-right:40px;grid-template-columns:minmax(0, 1fr);}#kt-layout-id_ce8e53-a5 > .kt-row-layout-overlay{opacity:0.30;}@media all and (max-width: 1024px){#kt-layout-id_ce8e53-a5 > .kt-row-column-wrap{grid-template-columns:minmax(0, 1fr);}}@media all and (max-width: 767px){#kt-layout-id_ce8e53-a5 > .kt-row-column-wrap{grid-template-columns:minmax(0, 1fr);}}<\/style>\n<div class=\"wp-block-kadence-rowlayout alignnone\"><div id=\"kt-layout-id_ce8e53-a5\" class=\"kt-row-layout-inner kt-layout-id_ce8e53-a5\"><div class=\"kt-row-column-wrap kt-has-1-columns kt-gutter-default kt-v-gutter-default kt-row-valign-top kt-row-layout-equal kt-tab-layout-inherit kt-m-colapse-left-to-right kt-mobile-layout-row\"><style>.kadence-column_fc8901-3b > .kt-inside-inner-col{border-top-width:0px;border-right-width:0px;border-bottom-width:0px;border-left-width:0px;}.kadence-column_fc8901-3b > .kt-inside-inner-col,.kadence-column_fc8901-3b > .kt-inside-inner-col:before{border-top-left-radius:0px;border-top-right-radius:0px;border-bottom-right-radius:0px;border-bottom-left-radius:0px;}.kadence-column_fc8901-3b > .kt-inside-inner-col{column-gap:var(--global-kb-gap-sm, 1rem);}.kadence-column_fc8901-3b > .kt-inside-inner-col{flex-direction:column;}.kadence-column_fc8901-3b > .kt-inside-inner-col > .aligncenter{width:100%;}.kadence-column_fc8901-3b > .kt-inside-inner-col:before{opacity:0.3;}.kadence-column_fc8901-3b{position:relative;}@media all and (max-width: 1024px){.kadence-column_fc8901-3b > .kt-inside-inner-col{flex-direction:column;justify-content:center;}}@media all and (max-width: 767px){.kadence-column_fc8901-3b > .kt-inside-inner-col{flex-direction:column;justify-content:center;}}<\/style>\n<div class=\"wp-block-kadence-column inner-column-1 kadence-column_fc8901-3b\"><div class=\"kt-inside-inner-col\"><style>.kadence-form-_5443c9-6d .kb-form .kadence-blocks-form-field .kb-text-style-field, .kadence-form-_5443c9-6d .kb-form .kadence-blocks-form-field .kb-select-style-field{color:var(--global-palette4, #2D3748);background:var(--global-palette9, #ffffff);}.kadence-form-_5443c9-6d .kb-form .kadence-blocks-form-field .kb-text-style-field:focus, .kadence-form-_5443c9-6d .kb-form .kadence-blocks-form-field .kb-select-style-field:focus{color:var(--global-palette3, #1A202C);background:var(--global-palette8, #F7FAFC);}.kadence-form-_5443c9-6d .kb-form .kadence-blocks-form-field > label{font-weight:bold;}.kadence-form-_5443c9-6d .kb-form .kadence-blocks-form-field .kb-forms-submit{color:#ffffff;background:var(--global-palette1, #3182CE);}.kadence-form-_5443c9-6d .kb-form .kadence-blocks-form-field .kb-forms-submit:hover, .kadence-form-_5443c9-6d .kb-form .kadence-blocks-form-field .kb-forms-submit:focus {color:#ffffff;background:var(--global-palette2, #2B6CB0);}.kb-form input.kadence-blocks-field.verify{opacity:0.0;position:absolute;top:0.0;left:0.0;width:0.0;height:0.0;z-index:-1;}<\/style>\n<div class=\"wp-block-kadence-form kadence-form-_5443c9-6d kb-form-wrap\"><form class=\"kb-form\" action=\"\" method=\"post\"><div class=\"kadence-blocks-form-field kb-field-desk-width-50 kb-input-size-standard\"><label for=\"kb_field__5443c9-6d_0\">Eesnimi<span class=\"required\">*<\/span><\/label><input name=\"kb_field_0\" id=\"kb_field__5443c9-6d_0\" data-label=\"Eesnimi\" type=\"text\" placeholder=\"\" value=\"\" data-type=\"text\" class=\"kb-field kb-text-style-field kb-text-field kb-field-0\" data-required=\"yes\"\/><\/div><div class=\"kadence-blocks-form-field kb-form-field-1 kb-field-desk-width-50 kb-input-size-standard\"><label for=\"kb_field__5443c9-6d_1\">Perekonnanimi<span class=\"required\">*<\/span><\/label><input name=\"kb_field_1\" id=\"kb_field__5443c9-6d_1\" data-label=\"Perekonnanimi\" type=\"text\" placeholder=\"\" value=\"\" data-type=\"text\" class=\"kb-field kb-text-style-field kb-text-field kb-field-1\" data-required=\"yes\"\/><\/div><div class=\"kadence-blocks-form-field kb-form-field-2 kb-field-desk-width-50 kb-input-size-standard\"><label for=\"kb_field__5443c9-6d_2\">Email<span class=\"required\">*<\/span><\/label><input name=\"kb_field_2\" id=\"kb_field__5443c9-6d_2\" data-label=\"Email\" type=\"email\" placeholder=\"\" value=\"\" data-type=\"email\" class=\"kb-field kb-text-style-field kb-email-field kb-field-2\" data-required=\"yes\"\/><\/div><div class=\"kadence-blocks-form-field kb-form-field-3 kb-field-desk-width-50 kb-input-size-standard\"><label for=\"kb_field__5443c9-6d_3\">Telefon<span class=\"required\">*<\/span><\/label><input name=\"kb_field_3\" id=\"kb_field__5443c9-6d_3\" data-label=\"Telefon\" type=\"tel\" placeholder=\"\" value=\"\" data-type=\"tel\" class=\"kb-field kb-text-style-field kb-tel-field kb-field-3\" data-required=\"yes\"\/><\/div><div class=\"kadence-blocks-form-field kb-form-field-4 kb-field-desk-width-100 kb-input-size-standard\"><label for=\"kb_field__5443c9-6d_4\">P\u00e4ring<span class=\"required\">*<\/span><\/label><textarea name=\"kb_field_4\" id=\"kb_field__5443c9-6d_4\" data-label=\"P\u00e4ring\" type=\"textarea\" placeholder=\"\" data-type=\"textarea\" class=\"kb-field kb-text-style-field kb-textarea-field kb-field-4\" rows=\"4\" data-required=\"yes\"><\/textarea><\/div><div class=\"kadence-blocks-form-field kb-form-field-5 kb-field-desk-width-100 kb-input-size-standard kb-accept-form-field\"><input type=\"checkbox\" name=\"kb_field_5\" id=\"kb_field__5443c9-6d_5\" class=\"kb-field kb-checkbox-style kb-accept\" value=\"accept\" data-type=\"accept\" data-required=\"yes\"\/><label for=\"kb_field__5443c9-6d_5\">Selle valimisega n\u00f5ustute meie privaatsuspoliitikaga.<span class=\"required\">*<\/span><\/label><\/div><input type=\"hidden\" name=\"_kb_form_id\" value=\"_5443c9-6d\"\/><input type=\"hidden\" name=\"_kb_form_post_id\" value=\"1731\"\/><input type=\"hidden\" name=\"action\" value=\"kb_process_ajax_submit\"\/><label class=\"kadence-verify-label\">Email<input class=\"kadence-blocks-field verify\" type=\"text\" name=\"_kb_verify_email\" autocomplete=\"new-password\" aria-hidden=\"true\" placeholder=\"Email\" tabindex=\"-1\" data-1p-ignore=\"true\" data-lpignore=\"true\" \/><\/label><div class=\"kadence-blocks-form-field kb-submit-field kb-field-desk-width-100\"><button class=\"kb-forms-submit button kb-button-size-standard kb-button-width-auto\">Saada<\/button><\/div><\/form><\/div>\n<noscript><div class=\"kadence-blocks-form-message kadence-blocks-form-warning\">Please enable JavaScript in your browser to submit the form<\/div><style>.kadence-form-_5443c9-6d .kadence-blocks-form-field.kb-submit-field { display: none; }<\/style><\/noscript><\/div><\/div>\n<\/div><\/div><\/div>\n<\/div><\/div>\n\n\n<style>.kadence-column_11a37c-45 > .kt-inside-inner-col{border-top-width:0px;border-right-width:0px;border-bottom-width:0px;border-left-width:0px;}.kadence-column_11a37c-45 > .kt-inside-inner-col,.kadence-column_11a37c-45 > .kt-inside-inner-col:before{border-top-left-radius:0px;border-top-right-radius:0px;border-bottom-right-radius:0px;border-bottom-left-radius:0px;}.kadence-column_11a37c-45 > .kt-inside-inner-col{column-gap:var(--global-kb-gap-sm, 1rem);}.kadence-column_11a37c-45 > .kt-inside-inner-col{flex-direction:column;}.kadence-column_11a37c-45 > .kt-inside-inner-col > .aligncenter{width:100%;}.kadence-column_11a37c-45 > .kt-inside-inner-col:before{opacity:0.3;}.kadence-column_11a37c-45{position:relative;}.wp-block-kadence-column.kadence-column_11a37c-45 > .kt-inside-inner-col{margin-top:40px;margin-bottom:0px;margin-right:0px;margin-left:90px;}@media all and (max-width: 1024px){.kadence-column_11a37c-45 > .kt-inside-inner-col{flex-direction:column;justify-content:center;}}@media all and (max-width: 1024px){.wp-block-kadence-column.kadence-column_11a37c-45 > .kt-inside-inner-col{margin-left:1px;}}@media all and (max-width: 767px){.kadence-column_11a37c-45 > .kt-inside-inner-col{flex-direction:column;justify-content:center;}.wp-block-kadence-column.kadence-column_11a37c-45 > .kt-inside-inner-col{margin-left:1px;}}<\/style>\n<div class=\"wp-block-kadence-column inner-column-2 kadence-column_11a37c-45\"><div class=\"kt-inside-inner-col\"><style>.wp-block-kadence-advancedheading.kt-adv-heading_71c4da-01, .wp-block-kadence-advancedheading.kt-adv-heading_71c4da-01[data-kb-block=\"kb-adv-heading_71c4da-01\"]{margin-top:-3px;margin-bottom:30px;font-weight:normal;font-style:normal;}.wp-block-kadence-advancedheading.kt-adv-heading_71c4da-01 mark.kt-highlight, .wp-block-kadence-advancedheading.kt-adv-heading_71c4da-01[data-kb-block=\"kb-adv-heading_71c4da-01\"] mark.kt-highlight{font-weight:normal;font-style:normal;color:#f76a0c;-webkit-box-decoration-break:clone;box-decoration-break:clone;padding-top:0px;padding-right:0px;padding-bottom:0px;padding-left:0px;}.wp-block-kadence-advancedheading.kt-adv-heading_71c4da-01 img.kb-inline-image, .wp-block-kadence-advancedheading.kt-adv-heading_71c4da-01[data-kb-block=\"kb-adv-heading_71c4da-01\"] img.kb-inline-image{width:150px;vertical-align:baseline;}<\/style>\n<h4 class=\"kt-adv-heading_71c4da-01 wp-block-kadence-advancedheading\" data-kb-block=\"kb-adv-heading_71c4da-01\">Meie kontaktandmed<\/h4>\n\n\n<style>.wp-block-kadence-advancedheading.kt-adv-heading_614964-67, .wp-block-kadence-advancedheading.kt-adv-heading_614964-67[data-kb-block=\"kb-adv-heading_614964-67\"]{font-weight:normal;font-style:normal;}.wp-block-kadence-advancedheading.kt-adv-heading_614964-67 mark.kt-highlight, .wp-block-kadence-advancedheading.kt-adv-heading_614964-67[data-kb-block=\"kb-adv-heading_614964-67\"] mark.kt-highlight{font-weight:normal;font-style:normal;color:#f76a0c;-webkit-box-decoration-break:clone;box-decoration-break:clone;padding-top:0px;padding-right:0px;padding-bottom:0px;padding-left:0px;}.wp-block-kadence-advancedheading.kt-adv-heading_614964-67 img.kb-inline-image, .wp-block-kadence-advancedheading.kt-adv-heading_614964-67[data-kb-block=\"kb-adv-heading_614964-67\"] img.kb-inline-image{width:150px;vertical-align:baseline;}<\/style>\n<p class=\"kt-adv-heading_614964-67 wp-block-kadence-advancedheading\" data-kb-block=\"kb-adv-heading_614964-67\"><strong>Profico Group O\u00dc<\/strong><\/p>\n\n\n\n<p>\u00c4riregistri number: 12049557<br>KMKR: EE101425610<br>Aadress: L\u00f5hmuse tee 9 12113 Tallinn<\/p>\n\n\n<style>.wp-block-kadence-advancedheading.kt-adv-heading_3d4a20-d3, .wp-block-kadence-advancedheading.kt-adv-heading_3d4a20-d3[data-kb-block=\"kb-adv-heading_3d4a20-d3\"]{font-weight:normal;font-style:normal;}.wp-block-kadence-advancedheading.kt-adv-heading_3d4a20-d3 mark.kt-highlight, .wp-block-kadence-advancedheading.kt-adv-heading_3d4a20-d3[data-kb-block=\"kb-adv-heading_3d4a20-d3\"] mark.kt-highlight{font-weight:normal;font-style:normal;color:#f76a0c;-webkit-box-decoration-break:clone;box-decoration-break:clone;padding-top:0px;padding-right:0px;padding-bottom:0px;padding-left:0px;}.wp-block-kadence-advancedheading.kt-adv-heading_3d4a20-d3 img.kb-inline-image, .wp-block-kadence-advancedheading.kt-adv-heading_3d4a20-d3[data-kb-block=\"kb-adv-heading_3d4a20-d3\"] img.kb-inline-image{width:150px;vertical-align:baseline;}<\/style>\n<p class=\"kt-adv-heading_3d4a20-d3 wp-block-kadence-advancedheading\" data-kb-block=\"kb-adv-heading_3d4a20-d3\">+372 502 8333<br>info@evercleaneesti.ee<br><\/p>\n\n\n<style>.wp-block-kadence-spacer.kt-block-spacer-_a470fa-66 .kt-block-spacer{height:30px;}.wp-block-kadence-spacer.kt-block-spacer-_a470fa-66 .kt-divider{border-top-width:1px;height:1px;border-top-color:#eee;width:80%;border-top-style:solid;}<\/style>\n<div class=\"wp-block-kadence-spacer aligncenter kt-block-spacer-_a470fa-66\"><div class=\"kt-block-spacer kt-block-spacer-halign-center\"><\/div><\/div>\n<\/div><\/div>\n<\/div><\/div><\/div>\n\n\n<style>#kt-layout-id_c2bcef-d5{margin-top:0px;margin-bottom:-10px;}#kt-layout-id_c2bcef-d5 > .kt-row-column-wrap{align-content:center;}:where(#kt-layout-id_c2bcef-d5 > .kt-row-column-wrap) > .wp-block-kadence-column{justify-content:center;}#kt-layout-id_c2bcef-d5 > .kt-row-column-wrap{column-gap:var(--global-kb-gap-md, 2rem);row-gap:var(--global-kb-gap-md, 2rem);padding-top:var( --global-kb-row-default-top, 25px );padding-bottom:var( --global-kb-row-default-bottom, 25px );padding-top:0px;padding-bottom:0px;padding-left:0px;padding-right:0px;grid-template-columns:minmax(0, 1fr);}#kt-layout-id_c2bcef-d5 > .kt-row-layout-overlay{opacity:0.30;}@media all and (max-width: 1024px){#kt-layout-id_c2bcef-d5 > .kt-row-column-wrap{grid-template-columns:minmax(0, 1fr);}}@media all and (max-width: 767px){#kt-layout-id_c2bcef-d5 > .kt-row-column-wrap{grid-template-columns:minmax(0, 1fr);}}<\/style>\n<div class=\"wp-block-kadence-rowlayout alignnone\"><div id=\"kt-layout-id_c2bcef-d5\" class=\"kt-row-layout-inner kt-layout-id_c2bcef-d5\"><div class=\"kt-row-column-wrap kt-has-1-columns kt-gutter-default kt-v-gutter-default kt-row-valign-middle kt-row-layout-equal kt-tab-layout-inherit kt-m-colapse-left-to-right kt-mobile-layout-row\"><style>.kadence-column_dd72a1-58 > .kt-inside-inner-col{border-top-width:0px;border-right-width:0px;border-bottom-width:0px;border-left-width:0px;}.kadence-column_dd72a1-58 > .kt-inside-inner-col,.kadence-column_dd72a1-58 > .kt-inside-inner-col:before{border-top-left-radius:0px;border-top-right-radius:0px;border-bottom-right-radius:0px;border-bottom-left-radius:0px;}.kadence-column_dd72a1-58 > .kt-inside-inner-col{column-gap:var(--global-kb-gap-sm, 1rem);}.kadence-column_dd72a1-58 > .kt-inside-inner-col{flex-direction:column;}.kadence-column_dd72a1-58 > .kt-inside-inner-col > .aligncenter{width:100%;}.kadence-column_dd72a1-58 > .kt-inside-inner-col:before{opacity:0.3;}.kadence-column_dd72a1-58{position:relative;}.wp-block-kadence-column.kadence-column_dd72a1-58 > .kt-inside-inner-col{margin-top:0px;margin-bottom:0px;margin-right:0px;margin-left:0px;}@media all and (max-width: 1024px){.kadence-column_dd72a1-58 > .kt-inside-inner-col{flex-direction:column;justify-content:center;}}@media all and (max-width: 767px){.kadence-column_dd72a1-58 > .kt-inside-inner-col{flex-direction:column;justify-content:center;}}<\/style>\n<div class=\"wp-block-kadence-column inner-column-1 kadence-column_dd72a1-58\"><div class=\"kt-inside-inner-col\">\n<iframe loading=\"lazy\" src=\"https:\/\/www.google.com\/maps\/embed?pb=!1m18!1m12!1m3!1d4050.972410689388!2d24.84567840327494!3d59.49166052650494!2m3!1f0!2f0!3f0!3m2!1i1024!2i768!4f13.1!3m3!1m2!1s0x469292b5df2a7d1f%3A0x2d2d295d80e9cb08!2sProfico!5e0!3m2!1set!2see!4v1651065577220!5m2!1set!2see\" style=\"border:0;\" allowfullscreen=\"\" aria-hidden=\"false\" tabindex=\"0\" width=\"100%\" height=\"350\" frameborder=\"0\"><\/iframe>\n<\/div><\/div>\n<\/div><\/div><\/div>\n","protected":false},"excerpt":{"rendered":"<p>V\u00f5ta meiega \u00fchendust Soovid toodetest t\u00e4psemalt teada v\u00f5i soovid tellida, v\u00f5ta aga julgelt meiega \u00fchendust. Meie kontaktandmed Profico Group O\u00dc \u00c4riregistri number: 12049557KMKR: EE101425610Aadress: L\u00f5hmuse tee 9 12113 Tallinn +372 502 8333info@evercleaneesti.ee<\/p>","protected":false},"author":1,"featured_media":0,"parent":0,"menu_order":0,"comment_status":"closed","ping_status":"closed","template":"","meta":{"_kadence_starter_templates_imported_post":true,"_kad_post_transparent":"","_kad_post_title":"hide","_kad_post_layout":"fullwidth","_kad_post_sidebar_id":"","_kad_post_content_style":"unboxed","_kad_post_vertical_padding":"hide","_kad_post_feature":"hide","_kad_post_feature_position":"","_kad_post_header":false,"_kad_post_footer":false,"_kad_post_classname":"","footnotes":""},"class_list":["post-1731","page","type-page","status-publish","hentry"],"_links":{"self":[{"href":"https:\/\/evercleaneesti.ee\/lv\/wp-json\/wp\/v2\/pages\/1731","targetHints":{"allow":["GET"]}}],"collection":[{"href":"https:\/\/evercleaneesti.ee\/lv\/wp-json\/wp\/v2\/pages"}],"about":[{"href":"https:\/\/evercleaneesti.ee\/lv\/wp-json\/wp\/v2\/types\/page"}],"author":[{"embeddable":true,"href":"https:\/\/evercleaneesti.ee\/lv\/wp-json\/wp\/v2\/users\/1"}],"replies":[{"embeddable":true,"href":"https:\/\/evercleaneesti.ee\/lv\/wp-json\/wp\/v2\/comments?post=1731"}],"version-history":[{"count":5,"href":"https:\/\/evercleaneesti.ee\/lv\/wp-json\/wp\/v2\/pages\/1731\/revisions"}],"predecessor-version":[{"id":2280,"href":"https:\/\/evercleaneesti.ee\/lv\/wp-json\/wp\/v2\/pages\/1731\/revisions\/2280"}],"wp:attachment":[{"href":"https:\/\/evercleaneesti.ee\/lv\/wp-json\/wp\/v2\/media?parent=1731"}],"curies":[{"name":"wp","href":"https:\/\/api.w.org\/{rel}","templated":true}]}}