{"id":2453,"date":"2023-09-07T11:17:17","date_gmt":"2023-09-07T08:17:17","guid":{"rendered":"https:\/\/evercleaneesti.ee\/?post_type=product&#038;p=2453"},"modified":"2026-02-16T21:56:22","modified_gmt":"2026-02-16T19:56:22","slug":"ever-clean-extra-strong-clumping-scented-10-l","status":"publish","type":"product","link":"https:\/\/evercleaneesti.ee\/lv\/products\/ever-clean-extra-strong-clumping-scented-10-l\/","title":{"rendered":"Ever Clean Extra Strong Clumping ar smar\u017eu 10 L EverClean"},"content":{"rendered":"<p><strong>\u012apa\u0161i sp\u0113c\u012bgi kuplas, v\u0101ji smar\u017eojo\u0161as ka\u0137u smiltis. Paredz\u0113ts ka\u0137iem, kuru ur\u012bnam ir as\u0101ka smaka. Pateicoties patent\u0113tajai formulai, Ever Clean ka\u0137u pakai\u0161u pakai\u0161i sp\u0113j likvid\u0113t ar\u012b nepat\u012bkamas smakas.<\/strong><\/p>\n<ul>\n<li>Izgatavots no augstas kvalit\u0101tes dab\u012bga m\u0101la ar lab\u0101m bl\u012bv\u0113\u0161anas \u012bpa\u0161\u012bb\u0101m. Rezult\u0101ts ir bl\u012bvi un viegli no\u0146emami sausi un fosiliz\u0113ti gabali.<\/li>\n<li>Aromatiz\u0113ts, smar\u017ea aktiviz\u0113jas, saskaroties ar \u0161\u0137idrumu un krist\u0101liem, kas sapl\u012bst zem ka\u0137a \u0137ep\u0101m.<\/li>\n<li>Unik\u0101l\u0101 aktiv\u0113t\u0101s ogles tehnolo\u0123ija nevis mask\u0113 nepat\u012bkamas smakas, bet gan piln\u012bb\u0101 t\u0101s nov\u0113r\u0161.<\/li>\n<li>Ever Clean Cat losjons efekt\u012bvi no\u0146em ka\u0137u ur\u012bna, fek\u0101liju un amonjaka smaku, lai uztur\u0113tu j\u016bsu dz\u012bvojamo telpu svaigu.<\/li>\n<\/ul>","protected":false},"excerpt":{"rendered":"<p>\u012apa\u0161i sp\u0113c\u012bgi kuplas, v\u0101ji smar\u017eojo\u0161as ka\u0137u smiltis. Paredz\u0113ts ka\u0137iem, kuru ur\u012bnam ir as\u0101ka smaka. Pateicoties patent\u0113tajai formulai, Ever Clean ka\u0137u pakai\u0161u pakai\u0161i sp\u0113j likvid\u0113t ar\u012b nepat\u012bkamas smakas. Izgatavots no augstas kvalit\u0101tes dab\u012bga m\u0101la pastas ar lab\u0101m salip\u0161anas \u012bpa\u0161\u012bb\u0101m. Rezult\u0101ts ir bl\u012bvi un viegli no\u0146emami sausi un petrific\u0113ti gabali\u0146i. Aromatiz\u0113ts, smar\u017ea aktiviz\u0113jas, saskaroties ar \u0161\u0137idrumu un krist\u0101liem, kas drupin\u0101s zem ka\u0137a \u0137ep\u0101m.....<\/p>","protected":false},"featured_media":2172,"comment_status":"closed","ping_status":"closed","template":"","meta":{"_kadence_starter_templates_imported_post":false,"_kad_post_transparent":"default","_kad_post_title":"","_kad_post_layout":"default","_kad_post_sidebar_id":"","_kad_post_content_style":"default","_kad_post_vertical_padding":"default","_kad_post_feature":"","_kad_post_feature_position":"","_kad_post_header":false,"_kad_post_footer":false,"_kad_post_classname":""},"product_brand":[65],"product_cat":[22],"product_tag":[25],"class_list":{"0":"post-2453","1":"product","2":"type-product","3":"status-publish","4":"has-post-thumbnail","6":"product_brand-ever-clean","7":"product_cat-kassiliiv","8":"product_tag-10l","9":"product_shipping_class-l","11":"first","12":"instock","13":"taxable","14":"shipping-taxable","15":"purchasable","16":"product-type-simple","17":"entry","18":"content-bg","19":"loop-entry"},"_links":{"self":[{"href":"https:\/\/evercleaneesti.ee\/lv\/wp-json\/wp\/v2\/product\/2453","targetHints":{"allow":["GET"]}}],"collection":[{"href":"https:\/\/evercleaneesti.ee\/lv\/wp-json\/wp\/v2\/product"}],"about":[{"href":"https:\/\/evercleaneesti.ee\/lv\/wp-json\/wp\/v2\/types\/product"}],"replies":[{"embeddable":true,"href":"https:\/\/evercleaneesti.ee\/lv\/wp-json\/wp\/v2\/comments?post=2453"}],"wp:featuredmedia":[{"embeddable":true,"href":"https:\/\/evercleaneesti.ee\/lv\/wp-json\/wp\/v2\/media\/2172"}],"wp:attachment":[{"href":"https:\/\/evercleaneesti.ee\/lv\/wp-json\/wp\/v2\/media?parent=2453"}],"wp:term":[{"taxonomy":"product_brand","embeddable":true,"href":"https:\/\/evercleaneesti.ee\/lv\/wp-json\/wp\/v2\/product_brand?post=2453"},{"taxonomy":"product_cat","embeddable":true,"href":"https:\/\/evercleaneesti.ee\/lv\/wp-json\/wp\/v2\/product_cat?post=2453"},{"taxonomy":"product_tag","embeddable":true,"href":"https:\/\/evercleaneesti.ee\/lv\/wp-json\/wp\/v2\/product_tag?post=2453"}],"curies":[{"name":"wp","href":"https:\/\/api.w.org\/{rel}","templated":true}]}}