{"id":2498,"date":"2023-10-16T22:26:44","date_gmt":"2023-10-16T19:26:44","guid":{"rendered":"https:\/\/evercleaneesti.ee\/?post_type=product&#038;p=2498"},"modified":"2025-06-25T23:46:47","modified_gmt":"2025-06-25T20:46:47","slug":"ever-clean-multiple-cat-10-l","status":"publish","type":"product","link":"https:\/\/evercleaneesti.ee\/lv\/products\/ever-clean-multiple-cat-10-l\/","title":{"rendered":"Ever Clean Multiple Cat 10 L EverClean"},"content":{"rendered":"<strong>\u012apa\u0161i paredz\u0113ts m\u0101jsaimniec\u012bb\u0101m ar vair\u0101kiem ka\u0137iem. Smil\u0161u sast\u0101v\u0101 ir papildu dezodoranti, kas nodro\u0161ina perfektu higi\u0113nu pat aiz\u0146emt\u0101 pakai\u0161u kast\u0113.<\/strong>\r\n<ul>\r\n \t<li>Vair\u0101k dezodorantu nodro\u0161ina perfektu higi\u0113nu pat aiz\u0146emt\u0101 smil\u0161u kast\u0113.<\/li>\r\n \t<li>Ever Clean efekt\u012bvi nov\u0113r\u0161 ka\u0137u ur\u012bna, fek\u0101liju un amonjaka smaku, nodro\u0161inot past\u0101v\u012bgu svaigumu.<\/li>\r\n \t<li>Unik\u0101l\u0101 aktiv\u0113t\u0101s ogles tehnolo\u0123ija nevis mask\u0113 nepat\u012bkamas smakas, bet gan piln\u012bb\u0101 t\u0101s nov\u0113r\u0161.<\/li>\r\n \t<li>\u013boti labi uzs\u016bco\u0161s ka\u0137u pakai\u0161s ar \u0137epas aktiviz\u0113tu smar\u017eu tehnolo\u0123iju, kas atbr\u012bvo svaigu, vieglu arom\u0101tu katru reizi, kad pakai\u0161s tiek izmantots.<\/li>\r\n<\/ul>\r\n&nbsp;\r\n\r\n","protected":false},"excerpt":{"rendered":"<p>\u012apa\u0161i paredz\u0113ts m\u0101jsaimniec\u012bb\u0101m ar vair\u0101kiem ka\u0137iem. Smil\u0161u sast\u0101v\u0101 ir papildu dezodoranti, kas nodro\u0161ina perfektu higi\u0113nu pat aiz\u0146emt\u0101 pakai\u0161u kast\u0113. Papildu smakas kontroles vielas, lai nodro\u0161in\u0101tu perfektu higi\u0113nu pat aiz\u0146emt\u0101 pakai\u0161u kast\u0113. Ever Clean nodro\u0161ina past\u0101v\u012bgu svaigumu, efekt\u012bvi nov\u0113r\u0161 ka\u0137u ur\u012bna, ekskrementu un amonjaka smaku. Unik\u0101l\u0101 aktiv\u0113t\u0101s kokogles tehnolo\u0123ija nevis mask\u0113 nepat\u012bkam\u0101s smakas, bet gan piln\u012bb\u0101 t\u0101s nov\u0113r\u0161. Tas...<\/p>","protected":false},"featured_media":2275,"comment_status":"closed","ping_status":"closed","template":"","meta":{"_kadence_starter_templates_imported_post":false,"_kad_post_transparent":"default","_kad_post_title":"","_kad_post_layout":"default","_kad_post_sidebar_id":"","_kad_post_content_style":"default","_kad_post_vertical_padding":"default","_kad_post_feature":"","_kad_post_feature_position":"","_kad_post_header":false,"_kad_post_footer":false,"_kad_post_classname":""},"product_brand":[65],"product_cat":[22],"product_tag":[25],"class_list":{"0":"post-2498","1":"product","2":"type-product","3":"status-publish","4":"has-post-thumbnail","6":"product_brand-ever-clean","7":"product_cat-kassiliiv","8":"product_tag-10l","9":"product_shipping_class-l","11":"first","12":"instock","13":"taxable","14":"shipping-taxable","15":"purchasable","16":"product-type-simple","17":"entry","18":"content-bg","19":"loop-entry"},"_links":{"self":[{"href":"https:\/\/evercleaneesti.ee\/lv\/wp-json\/wp\/v2\/product\/2498","targetHints":{"allow":["GET"]}}],"collection":[{"href":"https:\/\/evercleaneesti.ee\/lv\/wp-json\/wp\/v2\/product"}],"about":[{"href":"https:\/\/evercleaneesti.ee\/lv\/wp-json\/wp\/v2\/types\/product"}],"replies":[{"embeddable":true,"href":"https:\/\/evercleaneesti.ee\/lv\/wp-json\/wp\/v2\/comments?post=2498"}],"wp:featuredmedia":[{"embeddable":true,"href":"https:\/\/evercleaneesti.ee\/lv\/wp-json\/wp\/v2\/media\/2275"}],"wp:attachment":[{"href":"https:\/\/evercleaneesti.ee\/lv\/wp-json\/wp\/v2\/media?parent=2498"}],"wp:term":[{"taxonomy":"product_brand","embeddable":true,"href":"https:\/\/evercleaneesti.ee\/lv\/wp-json\/wp\/v2\/product_brand?post=2498"},{"taxonomy":"product_cat","embeddable":true,"href":"https:\/\/evercleaneesti.ee\/lv\/wp-json\/wp\/v2\/product_cat?post=2498"},{"taxonomy":"product_tag","embeddable":true,"href":"https:\/\/evercleaneesti.ee\/lv\/wp-json\/wp\/v2\/product_tag?post=2498"}],"curies":[{"name":"wp","href":"https:\/\/api.w.org\/{rel}","templated":true}]}}