{"id":2500,"date":"2023-10-16T22:27:58","date_gmt":"2023-10-16T19:27:58","guid":{"rendered":"https:\/\/evercleaneesti.ee\/?post_type=product&#038;p=2500"},"modified":"2025-06-30T23:22:25","modified_gmt":"2025-06-30T20:22:25","slug":"ever-clean-spring-garden-10-l","status":"publish","type":"product","link":"https:\/\/evercleaneesti.ee\/lv\/products\/ever-clean-spring-garden-10-l\/","title":{"rendered":"Ever Clean Spring Garden 10 L EverClean"},"content":{"rendered":"<strong>Dabas iedvesma. Ever Clean ka\u0137u m\u0113slojums Spring garden ir \u012bpa\u0161i izstr\u0101d\u0101ts, lai j\u016bsu m\u0101j\u0101s ienestu ziedu svaigumu un nov\u0113rstu nepat\u012bkamas smakas.<\/strong>\r\n<ul>\r\n \t<li>Svaigs ziedu arom\u0101ts, kas patiks gan jums, gan j\u016bsu ka\u0137im.  Tas ir k\u0101 pavasara pastaiga p\u013cav\u0101.<\/li>\r\n \t<li>Izgatavots no augstas kvalit\u0101tes dab\u012bga m\u0101la ar lab\u0101m bl\u012bv\u0113\u0161anas \u012bpa\u0161\u012bb\u0101m. Rezult\u0101ts ir bl\u012bvi un viegli no\u0146emami sausi un fosiliz\u0113ti gabali.<\/li>\r\n \t<li>Unik\u0101l\u0101 aktiv\u0113t\u0101s ogles tehnolo\u0123ija nevis mask\u0113 nepat\u012bkamas smakas, bet gan piln\u012bb\u0101 t\u0101s nov\u0113r\u0161.<\/li>\r\n \t<li>Ar roku aktiviz\u0113tu smar\u017eu tehnolo\u0123iju, kas atbr\u012bvo svaigu, vieglu arom\u0101tu katru reizi, kad tiek izmantots iezie\u0161anas l\u012bdzeklis.<\/li>\r\n<\/ul>\r\n&nbsp;\r\n\r\n","protected":false},"excerpt":{"rendered":"<p>Dabas iedvesma. Ever Clean ka\u0137u m\u0113slojums Spring garden ir \u012bpa\u0161i izstr\u0101d\u0101ts, lai j\u016bsu m\u0101j\u0101s ienestu ziedu svaigumu un nov\u0113rstu nepat\u012bkamas smakas. Svaigs ziedu arom\u0101ts, kas patiks gan jums, gan j\u016bsu ka\u0137im.  Tas ir k\u0101 pavasara pastaiga p\u013cav\u0101. Izgatavots no augstas kvalit\u0101tes dab\u012bgas m\u0101la pastas ar lab\u0101m salip\u0161anas \u012bpa\u0161\u012bb\u0101m. Rezult\u0101ts ir bl\u012bva un viegli no\u0146emama sausa...<\/p>","protected":false},"featured_media":2284,"comment_status":"closed","ping_status":"closed","template":"","meta":{"_kadence_starter_templates_imported_post":false,"_kad_post_transparent":"default","_kad_post_title":"","_kad_post_layout":"default","_kad_post_sidebar_id":"","_kad_post_content_style":"default","_kad_post_vertical_padding":"default","_kad_post_feature":"","_kad_post_feature_position":"","_kad_post_header":false,"_kad_post_footer":false,"_kad_post_classname":""},"product_brand":[65],"product_cat":[22],"product_tag":[25],"class_list":{"0":"post-2500","1":"product","2":"type-product","3":"status-publish","4":"has-post-thumbnail","6":"product_brand-ever-clean","7":"product_cat-kassiliiv","8":"product_tag-10l","9":"product_shipping_class-l","11":"first","12":"instock","13":"taxable","14":"shipping-taxable","15":"purchasable","16":"product-type-simple","17":"entry","18":"content-bg","19":"loop-entry"},"_links":{"self":[{"href":"https:\/\/evercleaneesti.ee\/lv\/wp-json\/wp\/v2\/product\/2500","targetHints":{"allow":["GET"]}}],"collection":[{"href":"https:\/\/evercleaneesti.ee\/lv\/wp-json\/wp\/v2\/product"}],"about":[{"href":"https:\/\/evercleaneesti.ee\/lv\/wp-json\/wp\/v2\/types\/product"}],"replies":[{"embeddable":true,"href":"https:\/\/evercleaneesti.ee\/lv\/wp-json\/wp\/v2\/comments?post=2500"}],"wp:featuredmedia":[{"embeddable":true,"href":"https:\/\/evercleaneesti.ee\/lv\/wp-json\/wp\/v2\/media\/2284"}],"wp:attachment":[{"href":"https:\/\/evercleaneesti.ee\/lv\/wp-json\/wp\/v2\/media?parent=2500"}],"wp:term":[{"taxonomy":"product_brand","embeddable":true,"href":"https:\/\/evercleaneesti.ee\/lv\/wp-json\/wp\/v2\/product_brand?post=2500"},{"taxonomy":"product_cat","embeddable":true,"href":"https:\/\/evercleaneesti.ee\/lv\/wp-json\/wp\/v2\/product_cat?post=2500"},{"taxonomy":"product_tag","embeddable":true,"href":"https:\/\/evercleaneesti.ee\/lv\/wp-json\/wp\/v2\/product_tag?post=2500"}],"curies":[{"name":"wp","href":"https:\/\/api.w.org\/{rel}","templated":true}]}}