{"id":2503,"date":"2023-10-16T22:33:12","date_gmt":"2023-10-16T19:33:12","guid":{"rendered":"https:\/\/evercleaneesti.ee\/?post_type=product&#038;p=2503"},"modified":"2026-04-03T18:09:39","modified_gmt":"2026-04-03T15:09:39","slug":"ever-clean-lavender-10-l","status":"publish","type":"product","link":"https:\/\/evercleaneesti.ee\/lv\/products\/ever-clean-lavender-10-l\/","title":{"rendered":"Ever Clean Multi-Crystals 10 L EverClean"},"content":{"rendered":"<ul>\r\n \t<li>Ever Clean Multi-Crystals 10 L ei ole enam saadaval.<\/li>\r\n \t<li>Vali alternatiiv:<\/li>\r\n \t<li><a href=\"https:\/\/evercleaneesti.ee\/lv\/products\/ever-clean-multi-crystals-6-l\/\">Ever Multi-Crystals 6 L<\/a><\/li>\r\n \t<li><a href=\"https:\/\/evercleaneesti.ee\/lv\/products\/ever-clean-extra-strong-clumping-unscented-10-l\/\">Ever Clean Extra Strong Unscented<\/a><\/li>\r\n<\/ul>\r\n<\/ul>\r\n\r\n<strong>Multi-Crystals ir ka\u0137u pakai\u0161u pakai\u0161i ar \u013coti absorb\u0113jo\u0161iem krist\u0101liem. Tas ir bez smar\u017eas un ar augstu absorbcijas sp\u0113ju. Piem\u0113rots ar\u012b ka\u0137iem ar urin\u0101cijas probl\u0113m\u0101m.<\/strong>\r\n<ul>\r\n \t<li>\u013boti absorb\u0113jo\u0161ie krist\u0101li uzreiz uzs\u016bc mitrumu, lai aptur\u0113tu smakas veido\u0161anos.<\/li>\r\n \t<li>Bez arom\u0101ta ka\u0137iem un jut\u012bg\u0101kiem cilv\u0113kiem.<\/li>\r\n \t<li>M\u016bsu unik\u0101l\u0101 aktiv\u0113t\u0101s kokogles tehnolo\u0123ija uztver un blo\u0137\u0113 smakas, nov\u0113r\u0161ot nepat\u012bkamas smakas, nevis vienk\u0101r\u0161i mask\u0113jot t\u0101s.<\/li>\r\n \t<li>Ever Clean efekt\u012bvi nov\u0113r\u0161 ka\u0137u ur\u012bna, fek\u0101liju un amonjaka smaku, nodro\u0161inot past\u0101v\u012bgu svaigumu.<\/li>\r\n<\/ul>\r\n&nbsp;\r\n\r\n&nbsp;\r\n\r\n","protected":false},"excerpt":{"rendered":"<p data-start=\"652\" data-end=\"730\"><strong data-start=\"652\" data-end=\"674\">Tootmine l\u00f5petatud<\/strong><\/p>\n<p>&nbsp;<\/p>","protected":false},"featured_media":2472,"comment_status":"closed","ping_status":"closed","template":"","meta":{"_kadence_starter_templates_imported_post":false,"_kad_post_transparent":"default","_kad_post_title":"","_kad_post_layout":"default","_kad_post_sidebar_id":"","_kad_post_content_style":"default","_kad_post_vertical_padding":"default","_kad_post_feature":"","_kad_post_feature_position":"","_kad_post_header":false,"_kad_post_footer":false,"_kad_post_classname":""},"product_brand":[65],"product_cat":[22],"product_tag":[25],"class_list":{"0":"post-2503","1":"product","2":"type-product","3":"status-publish","4":"has-post-thumbnail","6":"product_brand-ever-clean","7":"product_cat-kassiliiv","8":"product_tag-10l","9":"product_shipping_class-l","11":"first","12":"outofstock","13":"taxable","14":"shipping-taxable","15":"product-type-simple","16":"entry","17":"content-bg","18":"loop-entry"},"_links":{"self":[{"href":"https:\/\/evercleaneesti.ee\/lv\/wp-json\/wp\/v2\/product\/2503","targetHints":{"allow":["GET"]}}],"collection":[{"href":"https:\/\/evercleaneesti.ee\/lv\/wp-json\/wp\/v2\/product"}],"about":[{"href":"https:\/\/evercleaneesti.ee\/lv\/wp-json\/wp\/v2\/types\/product"}],"replies":[{"embeddable":true,"href":"https:\/\/evercleaneesti.ee\/lv\/wp-json\/wp\/v2\/comments?post=2503"}],"wp:featuredmedia":[{"embeddable":true,"href":"https:\/\/evercleaneesti.ee\/lv\/wp-json\/wp\/v2\/media\/2472"}],"wp:attachment":[{"href":"https:\/\/evercleaneesti.ee\/lv\/wp-json\/wp\/v2\/media?parent=2503"}],"wp:term":[{"taxonomy":"product_brand","embeddable":true,"href":"https:\/\/evercleaneesti.ee\/lv\/wp-json\/wp\/v2\/product_brand?post=2503"},{"taxonomy":"product_cat","embeddable":true,"href":"https:\/\/evercleaneesti.ee\/lv\/wp-json\/wp\/v2\/product_cat?post=2503"},{"taxonomy":"product_tag","embeddable":true,"href":"https:\/\/evercleaneesti.ee\/lv\/wp-json\/wp\/v2\/product_tag?post=2503"}],"curies":[{"name":"wp","href":"https:\/\/api.w.org\/{rel}","templated":true}]}}