{"id":2505,"date":"2023-10-16T22:35:51","date_gmt":"2023-10-16T19:35:51","guid":{"rendered":"https:\/\/evercleaneesti.ee\/?post_type=product&#038;p=2505"},"modified":"2025-06-25T23:46:46","modified_gmt":"2025-06-25T20:46:46","slug":"ever-clean-extra-strong-clumping-unscented-6-l","status":"publish","type":"product","link":"https:\/\/evercleaneesti.ee\/lv\/products\/ever-clean-extra-strong-clumping-unscented-6-l\/","title":{"rendered":"Ever Clean Extra Strong Clumping bez arom\u0101ta 6 L EverClean"},"content":{"rendered":"<p><strong>\u012apa\u0161i stipras salipu\u0161as ka\u0137u smiltis bez smar\u017eas. Pateicoties patent\u0113tajai formulai, Ever Clean ka\u0137u pakai\u0161u pakai\u0161i sp\u0113j ar\u012b nov\u0113rst nepat\u012bkamas smakas.<\/strong><\/p>\r\n\r\n<ul class=\"wp-block-list\">\r\n<li>Izgatavots no augstas kvalit\u0101tes dab\u012bga m\u0101la ar lab\u0101m bl\u012bv\u0113\u0161anas \u012bpa\u0161\u012bb\u0101m. Rezult\u0101ts ir bl\u012bvi un viegli no\u0146emami sausi un fosiliz\u0113ti gabali.<\/li>\r\n\r\n\r\n\r\n<li>Piem\u0113rots ka\u0137iem un to \u012bpa\u0161niekiem, kuri ir jut\u012bg\u0101ki pret smak\u0101m.<\/li>\r\n\r\n\r\n\r\n<li>Unik\u0101l\u0101 aktiv\u0113t\u0101s ogles tehnolo\u0123ija nevis mask\u0113 nepat\u012bkamas smakas, bet gan piln\u012bb\u0101 t\u0101s nov\u0113r\u0161.<\/li>\r\n\r\n\r\n\r\n<li>Ever Clean Cat losjons efekt\u012bvi no\u0146em ka\u0137u ur\u012bna, fek\u0101liju un amonjaka smaku, lai uztur\u0113tu j\u016bsu dz\u012bvojamo telpu svaigu.<\/li>\r\n<\/ul>","protected":false},"excerpt":{"rendered":"<p>\u012apa\u0161i stipras salipu\u0161as ka\u0137u smiltis bez smar\u017eas. Pateicoties patent\u0113tajai formulai, Ever Clean ka\u0137u pakai\u0161u pakai\u0161i sp\u0113j ar\u012b nov\u0113rst nepat\u012bkamas smakas.<\/p>","protected":false},"featured_media":2523,"comment_status":"closed","ping_status":"closed","template":"","meta":{"_kadence_starter_templates_imported_post":false,"_kad_post_transparent":"default","_kad_post_title":"","_kad_post_layout":"default","_kad_post_sidebar_id":"","_kad_post_content_style":"default","_kad_post_vertical_padding":"default","_kad_post_feature":"","_kad_post_feature_position":"","_kad_post_header":false,"_kad_post_footer":false,"_kad_post_classname":""},"product_brand":[65],"product_cat":[22],"product_tag":[26],"class_list":{"0":"post-2505","1":"product","2":"type-product","3":"status-publish","4":"has-post-thumbnail","6":"product_brand-ever-clean","7":"product_cat-kassiliiv","8":"product_tag-6l","9":"product_shipping_class-m","11":"first","12":"instock","13":"sale","14":"taxable","15":"shipping-taxable","16":"purchasable","17":"product-type-simple","18":"entry","19":"content-bg","20":"loop-entry"},"_links":{"self":[{"href":"https:\/\/evercleaneesti.ee\/lv\/wp-json\/wp\/v2\/product\/2505","targetHints":{"allow":["GET"]}}],"collection":[{"href":"https:\/\/evercleaneesti.ee\/lv\/wp-json\/wp\/v2\/product"}],"about":[{"href":"https:\/\/evercleaneesti.ee\/lv\/wp-json\/wp\/v2\/types\/product"}],"replies":[{"embeddable":true,"href":"https:\/\/evercleaneesti.ee\/lv\/wp-json\/wp\/v2\/comments?post=2505"}],"wp:featuredmedia":[{"embeddable":true,"href":"https:\/\/evercleaneesti.ee\/lv\/wp-json\/wp\/v2\/media\/2523"}],"wp:attachment":[{"href":"https:\/\/evercleaneesti.ee\/lv\/wp-json\/wp\/v2\/media?parent=2505"}],"wp:term":[{"taxonomy":"product_brand","embeddable":true,"href":"https:\/\/evercleaneesti.ee\/lv\/wp-json\/wp\/v2\/product_brand?post=2505"},{"taxonomy":"product_cat","embeddable":true,"href":"https:\/\/evercleaneesti.ee\/lv\/wp-json\/wp\/v2\/product_cat?post=2505"},{"taxonomy":"product_tag","embeddable":true,"href":"https:\/\/evercleaneesti.ee\/lv\/wp-json\/wp\/v2\/product_tag?post=2505"}],"curies":[{"name":"wp","href":"https:\/\/api.w.org\/{rel}","templated":true}]}}