{"id":2563,"date":"2023-10-18T11:04:47","date_gmt":"2023-10-18T08:04:47","guid":{"rendered":"https:\/\/evercleaneesti.ee\/?post_type=product&#038;p=2563"},"modified":"2025-06-25T23:46:46","modified_gmt":"2025-06-25T20:46:46","slug":"ever-clean-litterfree-paws-6-l","status":"publish","type":"product","link":"https:\/\/evercleaneesti.ee\/lv\/products\/ever-clean-litterfree-paws-6-l\/","title":{"rendered":"Ever Clean Litterfree Paws 6 L EverClean"},"content":{"rendered":"<strong>Ever Clean Litterfree Paws ir 99,9% bez putek\u013ciem, un liel\u0101k\u0101s granulas nodro\u0161ina l\u012bdz pat 3 reiz\u0113m t\u012br\u0101kas \u0137epas. Smiltis ir piem\u0113rotas garspalvainiem ka\u0137iem un ka\u0137\u0113niem. *<\/strong>\r\n<ul>\r\n \t<li>L\u012bdz 3 reiz\u0113m t\u012br\u0101kas \u0137epas, liel\u0101kas granulas, \u0101tra sabl\u012bv\u0113\u0161an\u0101s - tas padara Litterfree Paws par m\u016bsu lab\u0101kaj\u0101m smilt\u012bm garspalvainiem ka\u0137iem un ka\u0137\u0113niem.<\/li>\r\n \t<li>Smiltis nesatur 99,9% putek\u013cu, nodro\u0161inot t\u012bru un svaigu vidi jums un j\u016bsu ka\u0137im. **<\/li>\r\n \t<li>Unik\u0101l\u0101 aktiv\u0113t\u0101s ogles tehnolo\u0123ija nevis mask\u0113 nepat\u012bkamas smakas, bet gan piln\u012bb\u0101 t\u0101s nov\u0113r\u0161.<\/li>\r\n \t<li>\u013boti labi uzs\u016bco\u0161s ka\u0137u pakai\u0161s ar \u0137epas aktiviz\u0113tu smar\u017eu tehnolo\u0123iju, kas atbr\u012bvo svaigu, vieglu arom\u0101tu katru reizi, kad pakai\u0161s tiek izmantots.<\/li>\r\n<\/ul>\r\n<sup><em>*\u00a0 Ever Clean Total Cover\r\n** liivakasti t\u00e4ites<\/em><\/sup>\r\n\r\n","protected":false},"excerpt":{"rendered":"<p>Ever Clean Litterfree Paws ir 99,9% bez putek\u013ciem, un liel\u0101k\u0101s granulas nodro\u0161ina l\u012bdz pat 3 reiz\u0113m t\u012br\u0101kas \u0137epas. Smiltis ir piem\u0113rotas garspalvainiem ka\u0137iem un ka\u0137\u0113niem. * L\u012bdz 3 reiz\u0113m t\u012br\u0101kas \u0137epas, liel\u0101kas granulas, \u0101tra sabl\u012bv\u0113\u0161an\u0101s - tas padara Litterfree Paws par m\u016bsu lab\u0101kaj\u0101m smilt\u012bm garspalvainiem ka\u0137iem un ka\u0137\u0113niem. Smiltis nesatur 99,9% putek\u013cu, nodro\u0161inot jums un j\u016bsu ka\u0137im t\u012bru,...<\/p>","protected":false},"featured_media":2528,"comment_status":"closed","ping_status":"closed","template":"","meta":{"_kadence_starter_templates_imported_post":false,"_kad_post_transparent":"default","_kad_post_title":"","_kad_post_layout":"default","_kad_post_sidebar_id":"","_kad_post_content_style":"default","_kad_post_vertical_padding":"default","_kad_post_feature":"","_kad_post_feature_position":"","_kad_post_header":false,"_kad_post_footer":false,"_kad_post_classname":""},"product_brand":[65],"product_cat":[22],"product_tag":[26],"class_list":{"0":"post-2563","1":"product","2":"type-product","3":"status-publish","4":"has-post-thumbnail","6":"product_brand-ever-clean","7":"product_cat-kassiliiv","8":"product_tag-6l","9":"product_shipping_class-m","11":"first","12":"instock","13":"sale","14":"taxable","15":"shipping-taxable","16":"purchasable","17":"product-type-simple","18":"entry","19":"content-bg","20":"loop-entry"},"_links":{"self":[{"href":"https:\/\/evercleaneesti.ee\/lv\/wp-json\/wp\/v2\/product\/2563","targetHints":{"allow":["GET"]}}],"collection":[{"href":"https:\/\/evercleaneesti.ee\/lv\/wp-json\/wp\/v2\/product"}],"about":[{"href":"https:\/\/evercleaneesti.ee\/lv\/wp-json\/wp\/v2\/types\/product"}],"replies":[{"embeddable":true,"href":"https:\/\/evercleaneesti.ee\/lv\/wp-json\/wp\/v2\/comments?post=2563"}],"wp:featuredmedia":[{"embeddable":true,"href":"https:\/\/evercleaneesti.ee\/lv\/wp-json\/wp\/v2\/media\/2528"}],"wp:attachment":[{"href":"https:\/\/evercleaneesti.ee\/lv\/wp-json\/wp\/v2\/media?parent=2563"}],"wp:term":[{"taxonomy":"product_brand","embeddable":true,"href":"https:\/\/evercleaneesti.ee\/lv\/wp-json\/wp\/v2\/product_brand?post=2563"},{"taxonomy":"product_cat","embeddable":true,"href":"https:\/\/evercleaneesti.ee\/lv\/wp-json\/wp\/v2\/product_cat?post=2563"},{"taxonomy":"product_tag","embeddable":true,"href":"https:\/\/evercleaneesti.ee\/lv\/wp-json\/wp\/v2\/product_tag?post=2563"}],"curies":[{"name":"wp","href":"https:\/\/api.w.org\/{rel}","templated":true}]}}