{"id":2564,"date":"2023-10-18T11:07:05","date_gmt":"2023-10-18T08:07:05","guid":{"rendered":"https:\/\/evercleaneesti.ee\/?post_type=product&#038;p=2564"},"modified":"2025-06-25T23:46:46","modified_gmt":"2025-06-25T20:46:46","slug":"ever-clean-total-cover-6-l","status":"publish","type":"product","link":"https:\/\/evercleaneesti.ee\/lv\/products\/ever-clean-total-cover-6-l\/","title":{"rendered":"Ever Clean Total Cover 6 L EverClean"},"content":{"rendered":"<strong>Ever Clean Total Cover Hygiene Plus formula nodro\u0161ina j\u016bsu ka\u0137im vesel\u012bgu vidi ar smalkaj\u0101m mikrogranul\u012bt\u0113m, kas p\u0101rkl\u0101j un nosl\u0113dz l\u012bdz pat 99% cieto un \u0161\u0137idro atkritumu.<\/strong>\r\n<ul>\r\n \t<li>Smalkgraudains mikrogranulu ka\u0137is, kas p\u0101rkl\u0101j un sabl\u012bv\u0113 l\u012bdz pat 99% cieto un \u0161\u0137idro atkritumu, padarot smiltis 20% ilg\u0101k lietojamas.<\/li>\r\n \t<li>Hygiene Plus formula rada j\u016bsu ka\u0137im labv\u0113l\u012bgu vidi.<\/li>\r\n \t<li>Unik\u0101l\u0101 aktiv\u0113t\u0101s ogles tehnolo\u0123ija nevis mask\u0113 nepat\u012bkamas smakas, bet gan piln\u012bb\u0101 t\u0101s nov\u0113r\u0161.<\/li>\r\n \t<li>Nearomatiz\u0113ts ka\u0137u pakai\u0161s ka\u0137iem un cilv\u0113kiem, kas jut\u012bgi pret smar\u017eu. *<\/li>\r\n<\/ul>\r\n<em><sup>* Ever Clean Total Cover kalpo 20% ilg\u0101k nek\u0101 Ever Clean Extra Strong Clumping Unscented.\u00a0<\/sup><\/em>\r\n\r\n&nbsp;\r\n\r\n","protected":false},"excerpt":{"rendered":"<p>Ever Clean Total Cover Hygiene Plus formula nodro\u0161ina j\u016bsu ka\u0137im vesel\u012bgu vidi ar smalkaj\u0101m mikrogranul\u012bt\u0113m, kas p\u0101rkl\u0101j un nosl\u0113dz l\u012bdz pat 99% cieto un \u0161\u0137idro atkritumu. Smalkgraudainas ka\u0137u smiltis ar smalkaj\u0101m mikrogranul\u012bt\u0113m, kas p\u0101rkl\u0101j un hermetiz\u0113 l\u012bdz pat 99% cieto un \u0161\u0137idro atkritumu, t\u0101d\u0113j\u0101di smiltis kalpo 20% ilg\u0101k. Hygiene Plus formula rada j\u016bsu ka\u0137im labv\u0113l\u012bgu vidi. Unik\u0101l\u0101 aktiv\u0113t\u0101s ogles tehnolo\u0123ija nerada...<\/p>","protected":false},"featured_media":2535,"comment_status":"closed","ping_status":"closed","template":"","meta":{"_kadence_starter_templates_imported_post":false,"_kad_post_transparent":"default","_kad_post_title":"","_kad_post_layout":"default","_kad_post_sidebar_id":"","_kad_post_content_style":"default","_kad_post_vertical_padding":"default","_kad_post_feature":"","_kad_post_feature_position":"","_kad_post_header":false,"_kad_post_footer":false,"_kad_post_classname":""},"product_brand":[65],"product_cat":[22],"product_tag":[26],"class_list":{"0":"post-2564","1":"product","2":"type-product","3":"status-publish","4":"has-post-thumbnail","6":"product_brand-ever-clean","7":"product_cat-kassiliiv","8":"product_tag-6l","9":"product_shipping_class-m","11":"first","12":"instock","13":"sale","14":"taxable","15":"shipping-taxable","16":"purchasable","17":"product-type-simple","18":"entry","19":"content-bg","20":"loop-entry"},"_links":{"self":[{"href":"https:\/\/evercleaneesti.ee\/lv\/wp-json\/wp\/v2\/product\/2564","targetHints":{"allow":["GET"]}}],"collection":[{"href":"https:\/\/evercleaneesti.ee\/lv\/wp-json\/wp\/v2\/product"}],"about":[{"href":"https:\/\/evercleaneesti.ee\/lv\/wp-json\/wp\/v2\/types\/product"}],"replies":[{"embeddable":true,"href":"https:\/\/evercleaneesti.ee\/lv\/wp-json\/wp\/v2\/comments?post=2564"}],"wp:featuredmedia":[{"embeddable":true,"href":"https:\/\/evercleaneesti.ee\/lv\/wp-json\/wp\/v2\/media\/2535"}],"wp:attachment":[{"href":"https:\/\/evercleaneesti.ee\/lv\/wp-json\/wp\/v2\/media?parent=2564"}],"wp:term":[{"taxonomy":"product_brand","embeddable":true,"href":"https:\/\/evercleaneesti.ee\/lv\/wp-json\/wp\/v2\/product_brand?post=2564"},{"taxonomy":"product_cat","embeddable":true,"href":"https:\/\/evercleaneesti.ee\/lv\/wp-json\/wp\/v2\/product_cat?post=2564"},{"taxonomy":"product_tag","embeddable":true,"href":"https:\/\/evercleaneesti.ee\/lv\/wp-json\/wp\/v2\/product_tag?post=2564"}],"curies":[{"name":"wp","href":"https:\/\/api.w.org\/{rel}","templated":true}]}}