{"id":2567,"date":"2023-10-18T11:14:25","date_gmt":"2023-10-18T08:14:25","guid":{"rendered":"https:\/\/evercleaneesti.ee\/?post_type=product&#038;p=2567"},"modified":"2025-06-25T23:46:46","modified_gmt":"2025-06-25T20:46:46","slug":"ever-clean-fast-acting-6-l","status":"publish","type":"product","link":"https:\/\/evercleaneesti.ee\/lv\/products\/ever-clean-fast-acting-6-l\/","title":{"rendered":"Ever Clean Fast Acting 6 L EverClean"},"content":{"rendered":"<strong>Ever Clean Fast Acting 3 sekun\u017eu laik\u0101 atbr\u012bvo vair\u0101k smakas blo\u0137\u0113t\u0101ju* 60%, lai j\u016bsu ka\u0137is var\u0113tu turpin\u0101t baud\u012bt t\u012bru m\u0101jas vidi. Smiltis ir piem\u0113rotas lieto\u0161anai ar\u012b \u012bpa\u0161i maz\u0101s telp\u0101s.<\/strong>\r\n<ul>\r\n \t<li>Unik\u0101la m\u0101lainu ka\u0137u pakai\u0161u formula ar augu ekstraktu mais\u012bjumu, kas \u0101tri likvid\u0113 smakas.<\/li>\r\n \t<li>3 sekun\u017eu laik\u0101 atbr\u012bvo vair\u0101k smakas blo\u0137\u0113t\u0101ju* 60%, t\u0101p\u0113c tas ir ide\u0101li piem\u0113rots smaku likvid\u0113\u0161anai, c\u012b\u0146ai ar ka\u0137u ur\u012bna, fek\u0101liju un amonjaka smaku neliel\u0101s telp\u0101s.<\/li>\r\n \t<li>M\u016bsu unik\u0101l\u0101 aktiv\u0113t\u0101s kokogles tehnolo\u0123ija nevis mask\u0113 nepat\u012bkamas smakas, bet gan piln\u012bb\u0101 t\u0101s nov\u0113r\u0161.<\/li>\r\n \t<li>Ar roku aktiviz\u0113tu smar\u017eu tehnolo\u0123iju, kas atbr\u012bvo svaigu, vieglu arom\u0101tu katru reizi, kad tiek izmantots iezie\u0161anas l\u012bdzeklis.<\/li>\r\n<\/ul>\r\n<em>* Ever Clean Quick Action Odour Control 3 sekun\u017eu laik\u0101 atbr\u012bvo vair\u0101k smakas blo\u0137\u0113t\u0101ju 60% nek\u0101 Ever Clean Extra Strong Clumping Scented.<\/em>\r\n\r\n&nbsp;\r\n\r\n","protected":false},"excerpt":{"rendered":"<p>Ever Clean Fast Acting 3 sekun\u017eu laik\u0101 atbr\u012bvo vair\u0101k smakas blo\u0137\u0113t\u0101ju* 60%, lai j\u016bsu ka\u0137is var\u0113tu turpin\u0101t baud\u012bt t\u012bru m\u0101jas vidi. Smiltis ir piem\u0113rotas lieto\u0161anai ar\u012b \u012bpa\u0161i maz\u0101s telp\u0101s. Unik\u0101la formula ar augu ekstraktu mais\u012bjumu, kas \u0101tri likvid\u0113 smakas. 3 sekun\u017eu laik\u0101* 60% atbr\u012bvo vair\u0101k smakas blo\u0137\u0113t\u0101ju*, t\u0101p\u0113c tas ir ide\u0101li piem\u0113rots smakas no\u0146em\u0161anai, c\u012b\u0146ai ar...<\/p>","protected":false},"featured_media":2524,"comment_status":"closed","ping_status":"closed","template":"","meta":{"_kadence_starter_templates_imported_post":false,"_kad_post_transparent":"default","_kad_post_title":"","_kad_post_layout":"default","_kad_post_sidebar_id":"","_kad_post_content_style":"default","_kad_post_vertical_padding":"default","_kad_post_feature":"","_kad_post_feature_position":"","_kad_post_header":false,"_kad_post_footer":false,"_kad_post_classname":""},"product_brand":[65],"product_cat":[22],"product_tag":[26],"class_list":{"0":"post-2567","1":"product","2":"type-product","3":"status-publish","4":"has-post-thumbnail","6":"product_brand-ever-clean","7":"product_cat-kassiliiv","8":"product_tag-6l","9":"product_shipping_class-m","11":"first","12":"instock","13":"sale","14":"taxable","15":"shipping-taxable","16":"purchasable","17":"product-type-simple","18":"entry","19":"content-bg","20":"loop-entry"},"_links":{"self":[{"href":"https:\/\/evercleaneesti.ee\/lv\/wp-json\/wp\/v2\/product\/2567","targetHints":{"allow":["GET"]}}],"collection":[{"href":"https:\/\/evercleaneesti.ee\/lv\/wp-json\/wp\/v2\/product"}],"about":[{"href":"https:\/\/evercleaneesti.ee\/lv\/wp-json\/wp\/v2\/types\/product"}],"replies":[{"embeddable":true,"href":"https:\/\/evercleaneesti.ee\/lv\/wp-json\/wp\/v2\/comments?post=2567"}],"wp:featuredmedia":[{"embeddable":true,"href":"https:\/\/evercleaneesti.ee\/lv\/wp-json\/wp\/v2\/media\/2524"}],"wp:attachment":[{"href":"https:\/\/evercleaneesti.ee\/lv\/wp-json\/wp\/v2\/media?parent=2567"}],"wp:term":[{"taxonomy":"product_brand","embeddable":true,"href":"https:\/\/evercleaneesti.ee\/lv\/wp-json\/wp\/v2\/product_brand?post=2567"},{"taxonomy":"product_cat","embeddable":true,"href":"https:\/\/evercleaneesti.ee\/lv\/wp-json\/wp\/v2\/product_cat?post=2567"},{"taxonomy":"product_tag","embeddable":true,"href":"https:\/\/evercleaneesti.ee\/lv\/wp-json\/wp\/v2\/product_tag?post=2567"}],"curies":[{"name":"wp","href":"https:\/\/api.w.org\/{rel}","templated":true}]}}