{"id":2568,"date":"2023-10-18T11:16:04","date_gmt":"2023-10-18T08:16:04","guid":{"rendered":"https:\/\/evercleaneesti.ee\/?post_type=product&#038;p=2568"},"modified":"2025-06-25T23:46:46","modified_gmt":"2025-06-25T20:46:46","slug":"ever-clean-multi-crystals-6-l","status":"publish","type":"product","link":"https:\/\/evercleaneesti.ee\/lv\/products\/ever-clean-multi-crystals-6-l\/","title":{"rendered":"Ever Clean Multi-Crystals 6 L EverClean"},"content":{"rendered":"<strong>Multi-Crystals ir ka\u0137u pakai\u0161u pakai\u0161i ar \u013coti absorb\u0113jo\u0161iem krist\u0101liem. Tas ir bez smar\u017eas un ar augstu absorbcijas sp\u0113ju. Piem\u0113rots ar\u012b ka\u0137iem ar urin\u0101cijas probl\u0113m\u0101m.<\/strong>\r\n<ul>\r\n \t<li>\u013boti absorb\u0113jo\u0161ie krist\u0101li uzreiz uzs\u016bc mitrumu, lai aptur\u0113tu smakas veido\u0161anos.<\/li>\r\n \t<li>Bez arom\u0101ta ka\u0137iem un jut\u012bg\u0101kiem cilv\u0113kiem.<\/li>\r\n \t<li>M\u016bsu unik\u0101l\u0101 aktiv\u0113t\u0101s kokogles tehnolo\u0123ija uztver un blo\u0137\u0113 smakas, nov\u0113r\u0161ot nepat\u012bkamas smakas, nevis vienk\u0101r\u0161i mask\u0113jot t\u0101s.<\/li>\r\n \t<li>Ever Clean efekt\u012bvi nov\u0113r\u0161 ka\u0137u ur\u012bna, fek\u0101liju un amonjaka smaku, nodro\u0161inot past\u0101v\u012bgu svaigumu.<\/li>\r\n<\/ul>\r\n&nbsp;\r\n\r\n&nbsp;\r\n\r\n","protected":false},"excerpt":{"rendered":"<p>Multi-Crystals ir ka\u0137u pakai\u0161u pakai\u0161i ar \u013coti absorb\u0113jo\u0161iem krist\u0101liem. Tas ir bez smar\u017eas un ar augstu absorbcijas sp\u0113ju. Piem\u0113rots ar\u012b ka\u0137iem ar urin\u0101cijas probl\u0113m\u0101m. \u013boti absorb\u0113jo\u0161ie krist\u0101li uzreiz absorb\u0113 mitrumu, lai aptur\u0113tu smakas. Bez arom\u0101ta ka\u0137iem un cilv\u0113kiem, kas jut\u012bgi pret smak\u0101m. M\u016bsu unik\u0101l\u0101 aktiv\u0113t\u0101s kokogles tehnolo\u0123ija aiztur un blo\u0137\u0113 smakas, nov\u0113r\u0161ot nepat\u012bkamas smakas, nevis vienk\u0101r\u0161i mask\u0113jot t\u0101s. Past\u0101v\u012bgam svaigumam...<\/p>","protected":false},"featured_media":2531,"comment_status":"closed","ping_status":"closed","template":"","meta":{"_kadence_starter_templates_imported_post":false,"_kad_post_transparent":"default","_kad_post_title":"","_kad_post_layout":"default","_kad_post_sidebar_id":"","_kad_post_content_style":"default","_kad_post_vertical_padding":"default","_kad_post_feature":"","_kad_post_feature_position":"","_kad_post_header":false,"_kad_post_footer":false,"_kad_post_classname":""},"product_brand":[65],"product_cat":[22],"product_tag":[26],"class_list":{"0":"post-2568","1":"product","2":"type-product","3":"status-publish","4":"has-post-thumbnail","6":"product_brand-ever-clean","7":"product_cat-kassiliiv","8":"product_tag-6l","9":"product_shipping_class-m","11":"first","12":"instock","13":"sale","14":"taxable","15":"shipping-taxable","16":"purchasable","17":"product-type-simple","18":"entry","19":"content-bg","20":"loop-entry"},"_links":{"self":[{"href":"https:\/\/evercleaneesti.ee\/lv\/wp-json\/wp\/v2\/product\/2568","targetHints":{"allow":["GET"]}}],"collection":[{"href":"https:\/\/evercleaneesti.ee\/lv\/wp-json\/wp\/v2\/product"}],"about":[{"href":"https:\/\/evercleaneesti.ee\/lv\/wp-json\/wp\/v2\/types\/product"}],"replies":[{"embeddable":true,"href":"https:\/\/evercleaneesti.ee\/lv\/wp-json\/wp\/v2\/comments?post=2568"}],"wp:featuredmedia":[{"embeddable":true,"href":"https:\/\/evercleaneesti.ee\/lv\/wp-json\/wp\/v2\/media\/2531"}],"wp:attachment":[{"href":"https:\/\/evercleaneesti.ee\/lv\/wp-json\/wp\/v2\/media?parent=2568"}],"wp:term":[{"taxonomy":"product_brand","embeddable":true,"href":"https:\/\/evercleaneesti.ee\/lv\/wp-json\/wp\/v2\/product_brand?post=2568"},{"taxonomy":"product_cat","embeddable":true,"href":"https:\/\/evercleaneesti.ee\/lv\/wp-json\/wp\/v2\/product_cat?post=2568"},{"taxonomy":"product_tag","embeddable":true,"href":"https:\/\/evercleaneesti.ee\/lv\/wp-json\/wp\/v2\/product_tag?post=2568"}],"curies":[{"name":"wp","href":"https:\/\/api.w.org\/{rel}","templated":true}]}}