{"id":2570,"date":"2023-10-18T11:55:07","date_gmt":"2023-10-18T08:55:07","guid":{"rendered":"https:\/\/evercleaneesti.ee\/?post_type=product&#038;p=2570"},"modified":"2025-06-25T23:46:46","modified_gmt":"2025-06-25T20:46:46","slug":"ever-clean-lavender-6-l","status":"publish","type":"product","link":"https:\/\/evercleaneesti.ee\/lv\/products\/ever-clean-lavender-6-l\/","title":{"rendered":"Ever Clean Lavender 6 L EverClean"},"content":{"rendered":"<strong>Ever Clean ka\u0137u pakai\u0161u arom\u0101ts ar lavandas smar\u017eu ir iedvesmojies no t\u012bras dabas.<\/strong>\r\n<ul>\r\n \t<li>Lavandas arom\u0101ts pie\u0161\u0137ir pat\u012bkamu svaigumu j\u016bsu ka\u0137a pakai\u0161u kast\u012btei un j\u016bsu m\u0101jai.<\/li>\r\n \t<li>Izgatavots no augstas kvalit\u0101tes dab\u012bga m\u0101la ar lab\u0101m bl\u012bv\u0113\u0161anas \u012bpa\u0161\u012bb\u0101m. Rezult\u0101ts ir bl\u012bvi un viegli no\u0146emami sausi un fosiliz\u0113ti gabali.<\/li>\r\n \t<li>Unik\u0101l\u0101 aktiv\u0113t\u0101s ogles tehnolo\u0123ija nevis mask\u0113 nepat\u012bkamas smakas, bet gan piln\u012bb\u0101 t\u0101s nov\u0113r\u0161.<\/li>\r\n \t<li>Ar roku aktiviz\u0113tu smar\u017eu tehnolo\u0123iju, kas atbr\u012bvo svaigu, vieglu arom\u0101tu katru reizi, kad tiek izmantots iezie\u0161anas l\u012bdzeklis.<\/li>\r\n<\/ul>\r\n&nbsp;\r\n\r\n&nbsp;\r\n\r\n","protected":false},"excerpt":{"rendered":"<p>Ever Clean ka\u0137u pakai\u0161u arom\u0101ts ar lavandas smar\u017eu ir iedvesmojies no t\u012bras dabas. Lavandas arom\u0101ts atsvaidzin\u0101s j\u016bsu ka\u0137a pakai\u0161u kast\u012bti un j\u016bsu m\u0101ju. Izgatavots no augstas kvalit\u0101tes dab\u012bga m\u0101la ar lab\u0101m sabl\u012bv\u0113\u0161anas \u012bpa\u0161\u012bb\u0101m. Rezult\u0101ts ir bl\u012bvi un viegli no\u0146emami sausi un fosiliz\u0113ti gabali\u0146i. Unik\u0101l\u0101 aktiv\u0113t\u0101s kokogles tehnolo\u0123ija nevis mask\u0113 nepat\u012bkam\u0101s smakas, bet gan piln\u012bb\u0101 t\u0101s nov\u0113r\u0161. Ar piesk\u0101riena aktiviz\u0113tu smar\u017eu tehnolo\u0123iju, kas atbr\u012bvo svaigu, vieglu...<\/p>","protected":false},"featured_media":2526,"comment_status":"closed","ping_status":"closed","template":"","meta":{"_kadence_starter_templates_imported_post":false,"_kad_post_transparent":"default","_kad_post_title":"","_kad_post_layout":"default","_kad_post_sidebar_id":"","_kad_post_content_style":"default","_kad_post_vertical_padding":"default","_kad_post_feature":"","_kad_post_feature_position":"","_kad_post_header":false,"_kad_post_footer":false,"_kad_post_classname":""},"product_brand":[65],"product_cat":[22],"product_tag":[26],"class_list":{"0":"post-2570","1":"product","2":"type-product","3":"status-publish","4":"has-post-thumbnail","6":"product_brand-ever-clean","7":"product_cat-kassiliiv","8":"product_tag-6l","9":"product_shipping_class-m","11":"first","12":"instock","13":"sale","14":"taxable","15":"shipping-taxable","16":"purchasable","17":"product-type-simple","18":"entry","19":"content-bg","20":"loop-entry"},"_links":{"self":[{"href":"https:\/\/evercleaneesti.ee\/lv\/wp-json\/wp\/v2\/product\/2570","targetHints":{"allow":["GET"]}}],"collection":[{"href":"https:\/\/evercleaneesti.ee\/lv\/wp-json\/wp\/v2\/product"}],"about":[{"href":"https:\/\/evercleaneesti.ee\/lv\/wp-json\/wp\/v2\/types\/product"}],"replies":[{"embeddable":true,"href":"https:\/\/evercleaneesti.ee\/lv\/wp-json\/wp\/v2\/comments?post=2570"}],"wp:featuredmedia":[{"embeddable":true,"href":"https:\/\/evercleaneesti.ee\/lv\/wp-json\/wp\/v2\/media\/2526"}],"wp:attachment":[{"href":"https:\/\/evercleaneesti.ee\/lv\/wp-json\/wp\/v2\/media?parent=2570"}],"wp:term":[{"taxonomy":"product_brand","embeddable":true,"href":"https:\/\/evercleaneesti.ee\/lv\/wp-json\/wp\/v2\/product_brand?post=2570"},{"taxonomy":"product_cat","embeddable":true,"href":"https:\/\/evercleaneesti.ee\/lv\/wp-json\/wp\/v2\/product_cat?post=2570"},{"taxonomy":"product_tag","embeddable":true,"href":"https:\/\/evercleaneesti.ee\/lv\/wp-json\/wp\/v2\/product_tag?post=2570"}],"curies":[{"name":"wp","href":"https:\/\/api.w.org\/{rel}","templated":true}]}}