{"id":2903,"date":"2024-05-15T08:28:28","date_gmt":"2024-05-15T05:28:28","guid":{"rendered":"https:\/\/evercleaneesti.ee\/?post_type=product&#038;p=2903"},"modified":"2025-09-24T16:04:29","modified_gmt":"2025-09-24T13:04:29","slug":"litter-lifter-magic-original-kassiliiva-kuhvel","status":"publish","type":"product","link":"https:\/\/evercleaneesti.ee\/lv\/products\/litter-lifter-magic-original-kassiliiva-kuhvel\/","title":{"rendered":"Litter-Lifter Magic Original ka\u0137u smil\u0161u liek\u0161\u0137ere"},"content":{"rendered":"<p>Godalgotajiem Litter-Lifter\u00ae ka\u0137u pakai\u0161u liek\u0161\u0137eriem ir patent\u0113ta tr\u012bsst\u016brveida zaru funkcija, kas \u013cauj t\u012briem pakai\u0161iem nok\u013c\u016bt starp zariem, lai nov\u0113rstu aizs\u0113r\u0113jumus, nesakratot liek\u0161\u0137eri. Tas samazina putek\u013cu veido\u0161anos un uztur vesel\u012bg\u0101ku gaisu. L\u0101psti\u0146ai ir liels izm\u0113rs, kas padara liel\u0101ku smil\u0161u kastu t\u012br\u012b\u0161anu viegl\u0101ku, \u0101tr\u0101ku un \u0113rt\u0101ku. L\u0101psti\u0146as sl\u012bp\u0101 un as\u0101 priek\u0161\u0113j\u0101 mala \u013cauj viegli noskr\u0101p\u0113t smil\u0161u kastes dibenu.<\/p>\n<p>Litter-Lifter ir stil\u012bgs, ergonomisks, iztur\u012bgs un viegli t\u012br\u0101ms. Lietot\u0101ji slav\u0113 t\u0101 iztur\u012bgumu, lieto\u0161anas \u0113rtumu, \u0101trumu, maz\u0101ku darba slodzi, vidi bez putek\u013ciem un vieglu asme\u0146u t\u012br\u012b\u0161anu.<\/p>","protected":false},"excerpt":{"rendered":"<p>Litter-Lifter Magic Scoop ka\u0137u m\u0113slu liek\u0161\u0137ere 34x13cm.<br \/>\nElegantais dizains un 18 cm garie funkcion\u0101lie \u0137\u012b\u013cveida zari atvieglo \u0101tr\u0101ku smil\u0161u kastes t\u012br\u012b\u0161anu.<\/p>","protected":false},"featured_media":2949,"comment_status":"closed","ping_status":"closed","template":"","meta":{"_kadence_starter_templates_imported_post":false,"_kad_post_transparent":"default","_kad_post_title":"","_kad_post_layout":"default","_kad_post_sidebar_id":"","_kad_post_content_style":"default","_kad_post_vertical_padding":"default","_kad_post_feature":"","_kad_post_feature_position":"","_kad_post_header":false,"_kad_post_footer":false,"_kad_post_classname":""},"product_brand":[66],"product_cat":[32],"product_tag":[33],"class_list":{"0":"post-2903","1":"product","2":"type-product","3":"status-publish","4":"has-post-thumbnail","6":"product_brand-litter-lifter","7":"product_cat-kuhvel","8":"product_tag-kuhvel","9":"pa_magic-scoop-varv-apelsiin","10":"pa_magic-scoop-varv-denim","11":"pa_magic-scoop-varv-hall","12":"pa_magic-scoop-varv-helesinine","13":"pa_magic-scoop-varv-ingver","14":"pa_magic-scoop-varv-juhuslik","15":"pa_magic-scoop-varv-kevaderoheline","16":"pa_magic-scoop-varv-lilla","17":"pa_magic-scoop-varv-must","18":"pa_magic-scoop-varv-roosa","19":"pa_magic-scoop-varv-rukkilillesinine","21":"first","22":"instock","23":"sale","24":"taxable","25":"shipping-taxable","26":"purchasable","27":"product-type-variable","28":"entry","29":"content-bg","30":"loop-entry"},"_links":{"self":[{"href":"https:\/\/evercleaneesti.ee\/lv\/wp-json\/wp\/v2\/product\/2903","targetHints":{"allow":["GET"]}}],"collection":[{"href":"https:\/\/evercleaneesti.ee\/lv\/wp-json\/wp\/v2\/product"}],"about":[{"href":"https:\/\/evercleaneesti.ee\/lv\/wp-json\/wp\/v2\/types\/product"}],"replies":[{"embeddable":true,"href":"https:\/\/evercleaneesti.ee\/lv\/wp-json\/wp\/v2\/comments?post=2903"}],"wp:featuredmedia":[{"embeddable":true,"href":"https:\/\/evercleaneesti.ee\/lv\/wp-json\/wp\/v2\/media\/2949"}],"wp:attachment":[{"href":"https:\/\/evercleaneesti.ee\/lv\/wp-json\/wp\/v2\/media?parent=2903"}],"wp:term":[{"taxonomy":"product_brand","embeddable":true,"href":"https:\/\/evercleaneesti.ee\/lv\/wp-json\/wp\/v2\/product_brand?post=2903"},{"taxonomy":"product_cat","embeddable":true,"href":"https:\/\/evercleaneesti.ee\/lv\/wp-json\/wp\/v2\/product_cat?post=2903"},{"taxonomy":"product_tag","embeddable":true,"href":"https:\/\/evercleaneesti.ee\/lv\/wp-json\/wp\/v2\/product_tag?post=2903"}],"curies":[{"name":"wp","href":"https:\/\/api.w.org\/{rel}","templated":true}]}}