{"id":2950,"date":"2024-05-15T13:18:09","date_gmt":"2024-05-15T10:18:09","guid":{"rendered":"https:\/\/evercleaneesti.ee\/?post_type=product&#038;p=2950"},"modified":"2025-09-24T16:04:27","modified_gmt":"2025-09-24T13:04:27","slug":"litter-lifter-beamer-kassiliiva-kuhvel","status":"publish","type":"product","link":"https:\/\/evercleaneesti.ee\/lv\/products\/litter-lifter-beamer-kassiliiva-kuhvel\/","title":{"rendered":"Litter Lifter Beamer ka\u0137u pakai\u0161u liek\u0161\u0137ere"},"content":{"rendered":"<p>Godalgotajiem Litter-Lifter\u00ae ka\u0137u pakai\u0161u liek\u0161\u0137eriem ir patent\u0113ta tr\u012bsst\u016brveida zaru funkcija, kas \u013cauj t\u012briem pakai\u0161iem nok\u013c\u016bt starp zariem, lai nov\u0113rstu aizs\u0113r\u0113jumus, nesakratot liek\u0161\u0137eri. Tas samazina putek\u013cu veido\u0161anos un uztur vesel\u012bg\u0101ku gaisu. L\u0101psti\u0146as izm\u0113rs ir liels, t\u0101p\u0113c liel\u0101ku smil\u0161u kastu t\u012br\u012b\u0161ana ir viegl\u0101ka, \u0101tr\u0101ka un \u0113rt\u0101ka. L\u0101psti\u0146as sl\u012bp\u0101 un as\u0101 priek\u0161\u0113j\u0101 mala \u013cauj viegli nokas\u012bt smil\u0161u kastes dibenu.<\/p>\n<p>Litter-Lifter ir stil\u012bgs, ergonomisks, iztur\u012bgs un viegli t\u012br\u0101ms. Lietot\u0101ji slav\u0113 t\u0101 iztur\u012bgumu, lieto\u0161anas \u0113rtumu, \u0101trumu, maz\u0101ku darba slodzi, vidi bez putek\u013ciem un vieglu asme\u0146u t\u012br\u012b\u0161anu.<\/p>","protected":false},"excerpt":{"rendered":"<p>Litter-Lifter\u00ae Beamer ir ka\u0137u pakai\u0161u liek\u0161\u0137ere ar izm\u0113riem 32 \u00d7 14 cm.<br \/>\nIer\u012bcei ir t\u0101da pati funkcionalit\u0101te k\u0101 ori\u0123in\u0101lajai. Tas ir \u012bs\u0101ks, plat\u0101ks un dzi\u013c\u0101ks.<\/p>","protected":false},"featured_media":2951,"comment_status":"closed","ping_status":"closed","template":"","meta":{"_kadence_starter_templates_imported_post":false,"_kad_post_transparent":"default","_kad_post_title":"","_kad_post_layout":"default","_kad_post_sidebar_id":"","_kad_post_content_style":"default","_kad_post_vertical_padding":"default","_kad_post_feature":"","_kad_post_feature_position":"","_kad_post_header":false,"_kad_post_footer":false,"_kad_post_classname":""},"product_brand":[66],"product_cat":[32],"product_tag":[33],"class_list":{"0":"post-2950","1":"product","2":"type-product","3":"status-publish","4":"has-post-thumbnail","6":"product_brand-litter-lifter","7":"product_cat-kuhvel","8":"product_tag-kuhvel","9":"pa_beamer-varv-denim","10":"pa_beamer-varv-helesinine","11":"pa_beamer-varv-ingver","12":"pa_beamer-varv-juhuslik","13":"pa_beamer-varv-kevaderoheline","14":"pa_beamer-varv-lilla","15":"pa_beamer-varv-roosa","16":"pa_beamer-varv-rukkilillesinine","18":"first","19":"instock","20":"sale","21":"taxable","22":"shipping-taxable","23":"purchasable","24":"product-type-variable","25":"entry","26":"content-bg","27":"loop-entry"},"_links":{"self":[{"href":"https:\/\/evercleaneesti.ee\/lv\/wp-json\/wp\/v2\/product\/2950","targetHints":{"allow":["GET"]}}],"collection":[{"href":"https:\/\/evercleaneesti.ee\/lv\/wp-json\/wp\/v2\/product"}],"about":[{"href":"https:\/\/evercleaneesti.ee\/lv\/wp-json\/wp\/v2\/types\/product"}],"replies":[{"embeddable":true,"href":"https:\/\/evercleaneesti.ee\/lv\/wp-json\/wp\/v2\/comments?post=2950"}],"wp:featuredmedia":[{"embeddable":true,"href":"https:\/\/evercleaneesti.ee\/lv\/wp-json\/wp\/v2\/media\/2951"}],"wp:attachment":[{"href":"https:\/\/evercleaneesti.ee\/lv\/wp-json\/wp\/v2\/media?parent=2950"}],"wp:term":[{"taxonomy":"product_brand","embeddable":true,"href":"https:\/\/evercleaneesti.ee\/lv\/wp-json\/wp\/v2\/product_brand?post=2950"},{"taxonomy":"product_cat","embeddable":true,"href":"https:\/\/evercleaneesti.ee\/lv\/wp-json\/wp\/v2\/product_cat?post=2950"},{"taxonomy":"product_tag","embeddable":true,"href":"https:\/\/evercleaneesti.ee\/lv\/wp-json\/wp\/v2\/product_tag?post=2950"}],"curies":[{"name":"wp","href":"https:\/\/api.w.org\/{rel}","templated":true}]}}