{"id":2952,"date":"2024-05-15T13:20:57","date_gmt":"2024-05-15T10:20:57","guid":{"rendered":"https:\/\/evercleaneesti.ee\/?post_type=product&#038;p=2952"},"modified":"2025-09-24T15:58:50","modified_gmt":"2025-09-24T12:58:50","slug":"litter-lifter-mini-magic-kassiliiva-kuhvel","status":"publish","type":"product","link":"https:\/\/evercleaneesti.ee\/lv\/products\/litter-lifter-mini-magic-kassiliiva-kuhvel\/","title":{"rendered":"Litter Lifter Mini Magic ka\u0137u smil\u0161u liek\u0161\u0137ere"},"content":{"rendered":"<p>Mitmeid kordi auhinnatud Litter-Lifter\u00ae kassiliiva k\u00fchvlitel on patenteeritud kolmnurksete piide funktsioon, mis laseb puhtal liival langeda piide vahele, et eemaldada klompe k\u00fchvlit raputamata. See v\u00e4hendab tolmu teket ja hoiab hingamis\u00f5hku tervemana. Mini Magic labidas on m\u00f5\u00f5tmetelt Litter Lifter sarjas k\u00f5ige v\u00e4iksem, mille m\u00f5\u00f5tmeid v\u00f5ib v\u00f5rrelda poesm\u00fc\u00fcdavate klassikaliste labidate m\u00f5\u00f5tudega, kuid v\u00f5rrelda saab ainult m\u00f5\u00f5tmeid. Mini Magic teeb liivakasti puhastamise lihtsamaks, kiiremaks ning mugavamaks. K\u00fchvli kaldus ja terav esiserv v\u00f5imaldab h\u00f5lpsat liivakasti p\u00f5hja kraapida.<\/p>\n<p>Litter-Lifter on stiilne, ergonoomiline, tugeva kontruktsiooniga ja kergesti puhastatav. Kasutajad kiidavad selle tugevust, kasutuslihtsust, kiirust, t\u00f6\u00f6mahu v\u00e4henemist, tolmuvaba keskkonda ja labida lihtsat puhastamist.<\/p>","protected":false},"excerpt":{"rendered":"<p>Litter-Lifter\u00ae Mini Magic on kassiliiva k\u00fchvel m\u00f5\u00f5tudega 26&#215;11 cm.<br \/>\nMini Magic on sama funktsionaalsus kui originaalil. See on v\u00e4iksem mudel mis on m\u00f5eldud v\u00e4iksematele liivakastidele ja reisimiseks.<\/p>","protected":false},"featured_media":2953,"comment_status":"closed","ping_status":"closed","template":"","meta":{"_kadence_starter_templates_imported_post":false,"_kad_post_transparent":"default","_kad_post_title":"","_kad_post_layout":"default","_kad_post_sidebar_id":"","_kad_post_content_style":"default","_kad_post_vertical_padding":"default","_kad_post_feature":"","_kad_post_feature_position":"","_kad_post_header":false,"_kad_post_footer":false,"_kad_post_classname":""},"product_brand":[66],"product_cat":[32],"product_tag":[33],"class_list":{"0":"post-2952","1":"product","2":"type-product","3":"status-publish","4":"has-post-thumbnail","6":"product_brand-litter-lifter","7":"product_cat-kuhvel","8":"product_tag-kuhvel","9":"pa_mini-varv-helehall","10":"pa_mini-varv-ingver","11":"pa_mini-varv-juhuslik","12":"pa_mini-varv-lilla","13":"pa_mini-varv-valge","15":"first","16":"instock","17":"sale","18":"taxable","19":"shipping-taxable","20":"purchasable","21":"product-type-variable","22":"entry","23":"content-bg","24":"loop-entry"},"_links":{"self":[{"href":"https:\/\/evercleaneesti.ee\/lv\/wp-json\/wp\/v2\/product\/2952","targetHints":{"allow":["GET"]}}],"collection":[{"href":"https:\/\/evercleaneesti.ee\/lv\/wp-json\/wp\/v2\/product"}],"about":[{"href":"https:\/\/evercleaneesti.ee\/lv\/wp-json\/wp\/v2\/types\/product"}],"replies":[{"embeddable":true,"href":"https:\/\/evercleaneesti.ee\/lv\/wp-json\/wp\/v2\/comments?post=2952"}],"wp:featuredmedia":[{"embeddable":true,"href":"https:\/\/evercleaneesti.ee\/lv\/wp-json\/wp\/v2\/media\/2953"}],"wp:attachment":[{"href":"https:\/\/evercleaneesti.ee\/lv\/wp-json\/wp\/v2\/media?parent=2952"}],"wp:term":[{"taxonomy":"product_brand","embeddable":true,"href":"https:\/\/evercleaneesti.ee\/lv\/wp-json\/wp\/v2\/product_brand?post=2952"},{"taxonomy":"product_cat","embeddable":true,"href":"https:\/\/evercleaneesti.ee\/lv\/wp-json\/wp\/v2\/product_cat?post=2952"},{"taxonomy":"product_tag","embeddable":true,"href":"https:\/\/evercleaneesti.ee\/lv\/wp-json\/wp\/v2\/product_tag?post=2952"}],"curies":[{"name":"wp","href":"https:\/\/api.w.org\/{rel}","templated":true}]}}